{"id":2720,"date":"2019-01-05T21:04:49","date_gmt":"2019-01-05T19:04:49","guid":{"rendered":"https:\/\/horologium.gr\/product\/creux-automatiq-diamondback-ca-06-herrenuhr-automatisch\/"},"modified":"2020-08-30T19:05:12","modified_gmt":"2020-08-30T16:05:12","slug":"creux-automatiq-diamondback-ca-06-herrenuhr-automatisch","status":"publish","type":"product","link":"https:\/\/horologium.gr\/de\/produkt\/creux-automatiq-diamondback-ca-06-herrenuhr-automatisch\/","title":{"rendered":"Creux \u0391utomatiq DIAMONDBACK CA-06 Herrenuhr Automatisch"},"content":{"rendered":"<p>Das Diamondback-Case-Design setzt die Tradition einer Form fort, die jetzt f\u00fcr die Marke Creux Automatiq steht. Das charakteristische, abgeschr\u00e4gte Design und die Eclipse-Kronenprotektoren wurden verkleinert, damit diese 40-mm-Uhr bequem auf einer Reihe von Handgelenksgr\u00f6\u00dfen sitzen kann. Seine atemberaubende Kombination aus hochglanzpolierten und fein geb\u00fcrsteten Oberfl\u00e4chen f\u00fcgt sich nahtlos in das neue Diamondback-Armband ein.<\/p>\n<p>Das Armbanddesign l\u00e4sst sich von einem der wildesten Raubtiere der Natur, der Diamondback Rattlesnake, inspirieren.<\/p>\n<p>Dieses St\u00fcck ist f\u00fcr den Umgang mit den Elementen gebaut &#8211; aus massivem 316l-Edelstahl gefertigt, ist es robust und hat eine Wasserfestigkeit von 50 m. Jedes St\u00fcck ist mit einer 0,03-\u00b5m-PVD-Klarlackbeschichtung versehen, die die Uhr zus\u00e4tzlich vor dem t\u00e4glichen Tragen sch\u00fctzt.<\/p>\n<p>Unter der blendfreien beschichteten Saphirglaslinse liegt ein einfaches, aber dynamisches Design. Das charakteristische Diamantmuster-Zifferblatt ist sorgf\u00e4ltig aus einem einzigen Messingblech gefertigt und mit einem Korrosionsschutzlack \u00fcberzogen, der dem Zifferblatt eine reiche und lebendige Tiefe verleiht und sich oft anf\u00fchlt, als w\u00fcrde sich die Farbe in verschiedenen Umgebungen \u00e4ndern. Die Stundenanzeigen und -zeiger sind verkleinert und geben dem Zeitmesser ein Gef\u00fchl von Kleidungsuhr gleichzeitig verf\u00fcgen sie \u00fcber eine Super-LumiNova-Beschichtung f\u00fcr lebendige Sichtbarkeit bei Nacht.<\/p>\n<p>Die Diamondback-Serie verf\u00fcgt \u00fcber das Schweizer Uhrwerk mit Automatikwerk. Das Uhrwerk ist ein atemberaubendes 33-Jewel-System mit drei Zeigern, das \u00fcber eine Gangreserve von 36 Stunden verf\u00fcgt und mit einer Frequenz von 4Hz arbeitet.<\/p>\n","protected":false},"excerpt":{"rendered":"<p>Das Diamondback-Case-Design setzt die Tradition einer Form fort, die jetzt f\u00fcr die Marke Creux Automatiq steht. Das charakteristische, abgeschr\u00e4gte Design und die Eclipse-Kronenprotektoren wurden verkleinert, damit diese 40-mm-Uhr bequem auf einer Reihe von Handgelenksgr\u00f6\u00dfen sitzen kann. Seine atemberaubende Kombination aus hochglanzpolierten und fein geb\u00fcrsteten Oberfl\u00e4chen f\u00fcgt sich nahtlos in das neue Diamondback-Armband ein. Das Armbanddesign [&hellip;]<\/p>\n","protected":false},"featured_media":5596,"template":"","meta":{"jetpack_publicize_message":"","jetpack_publicize_feature_enabled":true,"jetpack_social_post_already_shared":true,"jetpack_social_options":{"image_generator_settings":{"template":"highway","enabled":false},"version":2}},"product_cat":[408,1216],"product_tag":[418,883,430,423],"class_list":{"0":"post-2720","1":"product","2":"type-product","3":"status-publish","4":"has-post-thumbnail","6":"product_cat-herrenuhr","7":"product_cat-unisex-de","8":"product_tag-automatisch","9":"product_tag-limited-edition-de","10":"product_tag-mit-metallband","11":"product_tag-neu","13":"first","14":"outofstock","15":"shipping-taxable","16":"purchasable","17":"product-type-simple"},"jetpack_publicize_connections":[],"acf":[],"yoast_head":"<!-- This site is optimized with the Yoast SEO plugin v23.8 - https:\/\/yoast.com\/wordpress\/plugins\/seo\/ -->\n<title>Creux \u0391utomatiq DIAMONDBACK CA-06 Herrenuhr Automatisch - Horologium<\/title>\n<meta name=\"robots\" content=\"index, follow, max-snippet:-1, max-image-preview:large, max-video-preview:-1\" \/>\n<link rel=\"canonical\" href=\"https:\/\/horologium.gr\/produkt\/creux-automatiq-diamondback-ca-06-andriko-aytomato\/\" \/>\n<meta property=\"og:locale\" content=\"de_DE\" \/>\n<meta property=\"og:type\" content=\"article\" \/>\n<meta property=\"og:title\" content=\"Creux \u0391utomatiq DIAMONDBACK CA-06 Herrenuhr Automatisch - Horologium\" \/>\n<meta property=\"og:description\" content=\"Das Diamondback-Case-Design setzt die Tradition einer Form fort, die jetzt f\u00fcr die Marke Creux Automatiq steht. Das charakteristische, abgeschr\u00e4gte Design und die Eclipse-Kronenprotektoren wurden verkleinert, damit diese 40-mm-Uhr bequem auf einer Reihe von Handgelenksgr\u00f6\u00dfen sitzen kann. Seine atemberaubende Kombination aus hochglanzpolierten und fein geb\u00fcrsteten Oberfl\u00e4chen f\u00fcgt sich nahtlos in das neue Diamondback-Armband ein. Das Armbanddesign [&hellip;]\" \/>\n<meta property=\"og:url\" content=\"https:\/\/horologium.gr\/produkt\/creux-automatiq-diamondback-ca-06-andriko-aytomato\/\" \/>\n<meta property=\"og:site_name\" content=\"Horologium\" \/>\n<meta property=\"article:modified_time\" content=\"2020-08-30T16:05:12+00:00\" \/>\n<meta property=\"og:image\" content=\"https:\/\/horologium.gr\/wp-content\/uploads\/2019\/01\/DB-black.png.png\" \/>\n\t<meta property=\"og:image:width\" content=\"1200\" \/>\n\t<meta property=\"og:image:height\" content=\"1200\" \/>\n\t<meta property=\"og:image:type\" content=\"image\/png\" \/>\n<meta name=\"twitter:card\" content=\"summary_large_image\" \/>\n<meta name=\"twitter:label1\" content=\"Gesch\u00e4tzte Lesezeit\" \/>\n\t<meta name=\"twitter:data1\" content=\"1\u00a0Minute\" \/>\n<script type=\"application\/ld+json\" class=\"yoast-schema-graph\">{\"@context\":\"https:\/\/schema.org\",\"@graph\":[{\"@type\":\"WebPage\",\"@id\":\"https:\/\/horologium.gr\/produkt\/creux-automatiq-diamondback-ca-06-andriko-aytomato\/\",\"url\":\"https:\/\/horologium.gr\/produkt\/creux-automatiq-diamondback-ca-06-andriko-aytomato\/\",\"name\":\"Creux \u0391utomatiq DIAMONDBACK CA-06 Herrenuhr Automatisch - Horologium\",\"isPartOf\":{\"@id\":\"https:\/\/horologium.gr\/#website\"},\"primaryImageOfPage\":{\"@id\":\"https:\/\/horologium.gr\/produkt\/creux-automatiq-diamondback-ca-06-andriko-aytomato\/#primaryimage\"},\"image\":{\"@id\":\"https:\/\/horologium.gr\/produkt\/creux-automatiq-diamondback-ca-06-andriko-aytomato\/#primaryimage\"},\"thumbnailUrl\":\"https:\/\/horologium.gr\/wp-content\/uploads\/2019\/01\/DB-black.png.png\",\"datePublished\":\"2019-01-05T19:04:49+00:00\",\"dateModified\":\"2020-08-30T16:05:12+00:00\",\"breadcrumb\":{\"@id\":\"https:\/\/horologium.gr\/produkt\/creux-automatiq-diamondback-ca-06-andriko-aytomato\/#breadcrumb\"},\"inLanguage\":\"de\",\"potentialAction\":[{\"@type\":\"ReadAction\",\"target\":[\"https:\/\/horologium.gr\/produkt\/creux-automatiq-diamondback-ca-06-andriko-aytomato\/\"]}]},{\"@type\":\"ImageObject\",\"inLanguage\":\"de\",\"@id\":\"https:\/\/horologium.gr\/produkt\/creux-automatiq-diamondback-ca-06-andriko-aytomato\/#primaryimage\",\"url\":\"https:\/\/horologium.gr\/wp-content\/uploads\/2019\/01\/DB-black.png.png\",\"contentUrl\":\"https:\/\/horologium.gr\/wp-content\/uploads\/2019\/01\/DB-black.png.png\",\"width\":1200,\"height\":1200},{\"@type\":\"BreadcrumbList\",\"@id\":\"https:\/\/horologium.gr\/produkt\/creux-automatiq-diamondback-ca-06-andriko-aytomato\/#breadcrumb\",\"itemListElement\":[{\"@type\":\"ListItem\",\"position\":1,\"name\":\"Home\",\"item\":\"https:\/\/horologium.gr\/de\/\"},{\"@type\":\"ListItem\",\"position\":2,\"name\":\"Shop\",\"item\":\"https:\/\/horologium.gr\/de\/shop\/\"},{\"@type\":\"ListItem\",\"position\":3,\"name\":\"Creux \u0391utomatiq DIAMONDBACK CA-06 Herrenuhr Automatisch\"}]},{\"@type\":\"WebSite\",\"@id\":\"https:\/\/horologium.gr\/#website\",\"url\":\"https:\/\/horologium.gr\/\",\"name\":\"Horologium\",\"description\":\"\",\"potentialAction\":[{\"@type\":\"SearchAction\",\"target\":{\"@type\":\"EntryPoint\",\"urlTemplate\":\"https:\/\/horologium.gr\/?s={search_term_string}\"},\"query-input\":{\"@type\":\"PropertyValueSpecification\",\"valueRequired\":true,\"valueName\":\"search_term_string\"}}],\"inLanguage\":\"de\"}]}<\/script>\n<!-- \/ Yoast SEO plugin. -->","yoast_head_json":{"title":"Creux \u0391utomatiq DIAMONDBACK CA-06 Herrenuhr Automatisch - Horologium","robots":{"index":"index","follow":"follow","max-snippet":"max-snippet:-1","max-image-preview":"max-image-preview:large","max-video-preview":"max-video-preview:-1"},"canonical":"https:\/\/horologium.gr\/produkt\/creux-automatiq-diamondback-ca-06-andriko-aytomato\/","og_locale":"de_DE","og_type":"article","og_title":"Creux \u0391utomatiq DIAMONDBACK CA-06 Herrenuhr Automatisch - Horologium","og_description":"Das Diamondback-Case-Design setzt die Tradition einer Form fort, die jetzt f\u00fcr die Marke Creux Automatiq steht. Das charakteristische, abgeschr\u00e4gte Design und die Eclipse-Kronenprotektoren wurden verkleinert, damit diese 40-mm-Uhr bequem auf einer Reihe von Handgelenksgr\u00f6\u00dfen sitzen kann. Seine atemberaubende Kombination aus hochglanzpolierten und fein geb\u00fcrsteten Oberfl\u00e4chen f\u00fcgt sich nahtlos in das neue Diamondback-Armband ein. Das Armbanddesign [&hellip;]","og_url":"https:\/\/horologium.gr\/produkt\/creux-automatiq-diamondback-ca-06-andriko-aytomato\/","og_site_name":"Horologium","article_modified_time":"2020-08-30T16:05:12+00:00","og_image":[{"width":1200,"height":1200,"url":"https:\/\/horologium.gr\/wp-content\/uploads\/2019\/01\/DB-black.png.png","type":"image\/png"}],"twitter_card":"summary_large_image","twitter_misc":{"Gesch\u00e4tzte Lesezeit":"1\u00a0Minute"},"schema":{"@context":"https:\/\/schema.org","@graph":[{"@type":"WebPage","@id":"https:\/\/horologium.gr\/produkt\/creux-automatiq-diamondback-ca-06-andriko-aytomato\/","url":"https:\/\/horologium.gr\/produkt\/creux-automatiq-diamondback-ca-06-andriko-aytomato\/","name":"Creux \u0391utomatiq DIAMONDBACK CA-06 Herrenuhr Automatisch - Horologium","isPartOf":{"@id":"https:\/\/horologium.gr\/#website"},"primaryImageOfPage":{"@id":"https:\/\/horologium.gr\/produkt\/creux-automatiq-diamondback-ca-06-andriko-aytomato\/#primaryimage"},"image":{"@id":"https:\/\/horologium.gr\/produkt\/creux-automatiq-diamondback-ca-06-andriko-aytomato\/#primaryimage"},"thumbnailUrl":"https:\/\/horologium.gr\/wp-content\/uploads\/2019\/01\/DB-black.png.png","datePublished":"2019-01-05T19:04:49+00:00","dateModified":"2020-08-30T16:05:12+00:00","breadcrumb":{"@id":"https:\/\/horologium.gr\/produkt\/creux-automatiq-diamondback-ca-06-andriko-aytomato\/#breadcrumb"},"inLanguage":"de","potentialAction":[{"@type":"ReadAction","target":["https:\/\/horologium.gr\/produkt\/creux-automatiq-diamondback-ca-06-andriko-aytomato\/"]}]},{"@type":"ImageObject","inLanguage":"de","@id":"https:\/\/horologium.gr\/produkt\/creux-automatiq-diamondback-ca-06-andriko-aytomato\/#primaryimage","url":"https:\/\/horologium.gr\/wp-content\/uploads\/2019\/01\/DB-black.png.png","contentUrl":"https:\/\/horologium.gr\/wp-content\/uploads\/2019\/01\/DB-black.png.png","width":1200,"height":1200},{"@type":"BreadcrumbList","@id":"https:\/\/horologium.gr\/produkt\/creux-automatiq-diamondback-ca-06-andriko-aytomato\/#breadcrumb","itemListElement":[{"@type":"ListItem","position":1,"name":"Home","item":"https:\/\/horologium.gr\/de\/"},{"@type":"ListItem","position":2,"name":"Shop","item":"https:\/\/horologium.gr\/de\/shop\/"},{"@type":"ListItem","position":3,"name":"Creux \u0391utomatiq DIAMONDBACK CA-06 Herrenuhr Automatisch"}]},{"@type":"WebSite","@id":"https:\/\/horologium.gr\/#website","url":"https:\/\/horologium.gr\/","name":"Horologium","description":"","potentialAction":[{"@type":"SearchAction","target":{"@type":"EntryPoint","urlTemplate":"https:\/\/horologium.gr\/?s={search_term_string}"},"query-input":{"@type":"PropertyValueSpecification","valueRequired":true,"valueName":"search_term_string"}}],"inLanguage":"de"}]}},"jetpack_sharing_enabled":true,"jetpack_likes_enabled":true,"_links":{"self":[{"href":"https:\/\/horologium.gr\/de\/wp-json\/wp\/v2\/product\/2720","targetHints":{"allow":["GET"]}}],"collection":[{"href":"https:\/\/horologium.gr\/de\/wp-json\/wp\/v2\/product"}],"about":[{"href":"https:\/\/horologium.gr\/de\/wp-json\/wp\/v2\/types\/product"}],"wp:featuredmedia":[{"embeddable":true,"href":"https:\/\/horologium.gr\/de\/wp-json\/wp\/v2\/media\/5596"}],"wp:attachment":[{"href":"https:\/\/horologium.gr\/de\/wp-json\/wp\/v2\/media?parent=2720"}],"wp:term":[{"taxonomy":"product_cat","embeddable":true,"href":"https:\/\/horologium.gr\/de\/wp-json\/wp\/v2\/product_cat?post=2720"},{"taxonomy":"product_tag","embeddable":true,"href":"https:\/\/horologium.gr\/de\/wp-json\/wp\/v2\/product_tag?post=2720"}],"curies":[{"name":"wp","href":"https:\/\/api.w.org\/{rel}","templated":true}]}}