{"id":2219,"date":"2018-10-21T18:26:32","date_gmt":"2018-10-21T15:26:32","guid":{"rendered":"https:\/\/horologium.gr\/product\/longines-herrenuhr-quarz-batterie-2\/"},"modified":"2020-05-21T14:50:45","modified_gmt":"2020-05-21T11:50:45","slug":"longines-herrenuhr-quarz-batterie-2","status":"publish","type":"product","link":"https:\/\/horologium.gr\/de\/produkt\/longines-herrenuhr-quarz-batterie-2\/","title":{"rendered":"LONGINES Herrenuhr Quarz \u2013Batterie"},"content":{"rendered":"","protected":false},"excerpt":{"rendered":"<p>Eine wundersch\u00f6ne Longines Herrenuhr mit einem klassischen Zifferblatt in goldener Farbe. Sie tr\u00e4gt ein Quarz Uhrwerk L978.2. Die quadratische Form des Rahmens unterstreicht ihre Vintage-Seite. Die Uhr l\u00e4uft, k\u00fcrzlich wurde eine professionelle Reinigung des Uhrwerkes unternommen. Guter gebrauchter Zustand mit m\u00e4\u00dfigen Gebrauchsspuren.<\/p>\n<p>&nbsp;<\/p>\n","protected":false},"featured_media":2548,"template":"","meta":{"jetpack_publicize_message":"","jetpack_publicize_feature_enabled":true,"jetpack_social_post_already_shared":true,"jetpack_social_options":{"image_generator_settings":{"template":"highway","enabled":false},"version":2}},"product_cat":[408,1216],"product_tag":[412,428,439,886],"class_list":{"0":"post-2219","1":"product","2":"type-product","3":"status-publish","4":"has-post-thumbnail","6":"product_cat-herrenuhr","7":"product_cat-unisex-de","8":"product_tag-gebraucht","9":"product_tag-mit-band","10":"product_tag-quarz","11":"product_tag-vintage-de","13":"first","14":"outofstock","15":"shipping-taxable","16":"purchasable","17":"product-type-simple"},"jetpack_publicize_connections":[],"acf":[],"yoast_head":"<!-- This site is optimized with the Yoast SEO plugin v23.8 - https:\/\/yoast.com\/wordpress\/plugins\/seo\/ -->\n<title>LONGINES Herrenuhr Quarz \u2013Batterie - Horologium<\/title>\n<meta name=\"robots\" content=\"index, follow, max-snippet:-1, max-image-preview:large, max-video-preview:-1\" \/>\n<link rel=\"canonical\" href=\"https:\/\/horologium.gr\/produkt\/longines-andriko-quartz-mpatarias-2\/\" \/>\n<meta property=\"og:locale\" content=\"de_DE\" \/>\n<meta property=\"og:type\" content=\"article\" \/>\n<meta property=\"og:title\" content=\"LONGINES Herrenuhr Quarz \u2013Batterie - Horologium\" \/>\n<meta property=\"og:description\" content=\"Eine wundersch\u00f6ne Longines Herrenuhr mit einem klassischen Zifferblatt in goldener Farbe. Sie tr\u00e4gt ein Quarz Uhrwerk L978.2. Die quadratische Form des Rahmens unterstreicht ihre Vintage-Seite. Die Uhr l\u00e4uft, k\u00fcrzlich wurde eine professionelle Reinigung des Uhrwerkes unternommen. Guter gebrauchter Zustand mit m\u00e4\u00dfigen Gebrauchsspuren.  &nbsp;\" \/>\n<meta property=\"og:url\" content=\"https:\/\/horologium.gr\/produkt\/longines-andriko-quartz-mpatarias-2\/\" \/>\n<meta property=\"og:site_name\" content=\"Horologium\" \/>\n<meta property=\"article:modified_time\" content=\"2020-05-21T11:50:45+00:00\" \/>\n<meta property=\"og:image\" content=\"https:\/\/horologium.gr\/wp-content\/uploads\/2018\/10\/GQ01080065_MG_4370.png.png\" \/>\n\t<meta property=\"og:image:width\" content=\"1200\" \/>\n\t<meta property=\"og:image:height\" content=\"1200\" \/>\n\t<meta property=\"og:image:type\" content=\"image\/png\" \/>\n<meta name=\"twitter:card\" content=\"summary_large_image\" \/>\n<script type=\"application\/ld+json\" class=\"yoast-schema-graph\">{\"@context\":\"https:\/\/schema.org\",\"@graph\":[{\"@type\":\"WebPage\",\"@id\":\"https:\/\/horologium.gr\/produkt\/longines-andriko-quartz-mpatarias-2\/\",\"url\":\"https:\/\/horologium.gr\/produkt\/longines-andriko-quartz-mpatarias-2\/\",\"name\":\"LONGINES Herrenuhr Quarz \u2013Batterie - Horologium\",\"isPartOf\":{\"@id\":\"https:\/\/horologium.gr\/#website\"},\"primaryImageOfPage\":{\"@id\":\"https:\/\/horologium.gr\/produkt\/longines-andriko-quartz-mpatarias-2\/#primaryimage\"},\"image\":{\"@id\":\"https:\/\/horologium.gr\/produkt\/longines-andriko-quartz-mpatarias-2\/#primaryimage\"},\"thumbnailUrl\":\"https:\/\/horologium.gr\/wp-content\/uploads\/2018\/10\/GQ01080065_MG_4370.png.png\",\"datePublished\":\"2018-10-21T15:26:32+00:00\",\"dateModified\":\"2020-05-21T11:50:45+00:00\",\"breadcrumb\":{\"@id\":\"https:\/\/horologium.gr\/produkt\/longines-andriko-quartz-mpatarias-2\/#breadcrumb\"},\"inLanguage\":\"de\",\"potentialAction\":[{\"@type\":\"ReadAction\",\"target\":[\"https:\/\/horologium.gr\/produkt\/longines-andriko-quartz-mpatarias-2\/\"]}]},{\"@type\":\"ImageObject\",\"inLanguage\":\"de\",\"@id\":\"https:\/\/horologium.gr\/produkt\/longines-andriko-quartz-mpatarias-2\/#primaryimage\",\"url\":\"https:\/\/horologium.gr\/wp-content\/uploads\/2018\/10\/GQ01080065_MG_4370.png.png\",\"contentUrl\":\"https:\/\/horologium.gr\/wp-content\/uploads\/2018\/10\/GQ01080065_MG_4370.png.png\",\"width\":1200,\"height\":1200},{\"@type\":\"BreadcrumbList\",\"@id\":\"https:\/\/horologium.gr\/produkt\/longines-andriko-quartz-mpatarias-2\/#breadcrumb\",\"itemListElement\":[{\"@type\":\"ListItem\",\"position\":1,\"name\":\"Home\",\"item\":\"https:\/\/horologium.gr\/de\/\"},{\"@type\":\"ListItem\",\"position\":2,\"name\":\"Shop\",\"item\":\"https:\/\/horologium.gr\/de\/shop\/\"},{\"@type\":\"ListItem\",\"position\":3,\"name\":\"LONGINES Herrenuhr Quarz \u2013Batterie\"}]},{\"@type\":\"WebSite\",\"@id\":\"https:\/\/horologium.gr\/#website\",\"url\":\"https:\/\/horologium.gr\/\",\"name\":\"Horologium\",\"description\":\"\",\"potentialAction\":[{\"@type\":\"SearchAction\",\"target\":{\"@type\":\"EntryPoint\",\"urlTemplate\":\"https:\/\/horologium.gr\/?s={search_term_string}\"},\"query-input\":{\"@type\":\"PropertyValueSpecification\",\"valueRequired\":true,\"valueName\":\"search_term_string\"}}],\"inLanguage\":\"de\"}]}<\/script>\n<!-- \/ Yoast SEO plugin. -->","yoast_head_json":{"title":"LONGINES Herrenuhr Quarz \u2013Batterie - Horologium","robots":{"index":"index","follow":"follow","max-snippet":"max-snippet:-1","max-image-preview":"max-image-preview:large","max-video-preview":"max-video-preview:-1"},"canonical":"https:\/\/horologium.gr\/produkt\/longines-andriko-quartz-mpatarias-2\/","og_locale":"de_DE","og_type":"article","og_title":"LONGINES Herrenuhr Quarz \u2013Batterie - Horologium","og_description":"Eine wundersch\u00f6ne Longines Herrenuhr mit einem klassischen Zifferblatt in goldener Farbe. Sie tr\u00e4gt ein Quarz Uhrwerk L978.2. Die quadratische Form des Rahmens unterstreicht ihre Vintage-Seite. Die Uhr l\u00e4uft, k\u00fcrzlich wurde eine professionelle Reinigung des Uhrwerkes unternommen. Guter gebrauchter Zustand mit m\u00e4\u00dfigen Gebrauchsspuren.  &nbsp;","og_url":"https:\/\/horologium.gr\/produkt\/longines-andriko-quartz-mpatarias-2\/","og_site_name":"Horologium","article_modified_time":"2020-05-21T11:50:45+00:00","og_image":[{"width":1200,"height":1200,"url":"https:\/\/horologium.gr\/wp-content\/uploads\/2018\/10\/GQ01080065_MG_4370.png.png","type":"image\/png"}],"twitter_card":"summary_large_image","schema":{"@context":"https:\/\/schema.org","@graph":[{"@type":"WebPage","@id":"https:\/\/horologium.gr\/produkt\/longines-andriko-quartz-mpatarias-2\/","url":"https:\/\/horologium.gr\/produkt\/longines-andriko-quartz-mpatarias-2\/","name":"LONGINES Herrenuhr Quarz \u2013Batterie - Horologium","isPartOf":{"@id":"https:\/\/horologium.gr\/#website"},"primaryImageOfPage":{"@id":"https:\/\/horologium.gr\/produkt\/longines-andriko-quartz-mpatarias-2\/#primaryimage"},"image":{"@id":"https:\/\/horologium.gr\/produkt\/longines-andriko-quartz-mpatarias-2\/#primaryimage"},"thumbnailUrl":"https:\/\/horologium.gr\/wp-content\/uploads\/2018\/10\/GQ01080065_MG_4370.png.png","datePublished":"2018-10-21T15:26:32+00:00","dateModified":"2020-05-21T11:50:45+00:00","breadcrumb":{"@id":"https:\/\/horologium.gr\/produkt\/longines-andriko-quartz-mpatarias-2\/#breadcrumb"},"inLanguage":"de","potentialAction":[{"@type":"ReadAction","target":["https:\/\/horologium.gr\/produkt\/longines-andriko-quartz-mpatarias-2\/"]}]},{"@type":"ImageObject","inLanguage":"de","@id":"https:\/\/horologium.gr\/produkt\/longines-andriko-quartz-mpatarias-2\/#primaryimage","url":"https:\/\/horologium.gr\/wp-content\/uploads\/2018\/10\/GQ01080065_MG_4370.png.png","contentUrl":"https:\/\/horologium.gr\/wp-content\/uploads\/2018\/10\/GQ01080065_MG_4370.png.png","width":1200,"height":1200},{"@type":"BreadcrumbList","@id":"https:\/\/horologium.gr\/produkt\/longines-andriko-quartz-mpatarias-2\/#breadcrumb","itemListElement":[{"@type":"ListItem","position":1,"name":"Home","item":"https:\/\/horologium.gr\/de\/"},{"@type":"ListItem","position":2,"name":"Shop","item":"https:\/\/horologium.gr\/de\/shop\/"},{"@type":"ListItem","position":3,"name":"LONGINES Herrenuhr Quarz \u2013Batterie"}]},{"@type":"WebSite","@id":"https:\/\/horologium.gr\/#website","url":"https:\/\/horologium.gr\/","name":"Horologium","description":"","potentialAction":[{"@type":"SearchAction","target":{"@type":"EntryPoint","urlTemplate":"https:\/\/horologium.gr\/?s={search_term_string}"},"query-input":{"@type":"PropertyValueSpecification","valueRequired":true,"valueName":"search_term_string"}}],"inLanguage":"de"}]}},"jetpack_sharing_enabled":true,"jetpack_likes_enabled":true,"_links":{"self":[{"href":"https:\/\/horologium.gr\/de\/wp-json\/wp\/v2\/product\/2219","targetHints":{"allow":["GET"]}}],"collection":[{"href":"https:\/\/horologium.gr\/de\/wp-json\/wp\/v2\/product"}],"about":[{"href":"https:\/\/horologium.gr\/de\/wp-json\/wp\/v2\/types\/product"}],"wp:featuredmedia":[{"embeddable":true,"href":"https:\/\/horologium.gr\/de\/wp-json\/wp\/v2\/media\/2548"}],"wp:attachment":[{"href":"https:\/\/horologium.gr\/de\/wp-json\/wp\/v2\/media?parent=2219"}],"wp:term":[{"taxonomy":"product_cat","embeddable":true,"href":"https:\/\/horologium.gr\/de\/wp-json\/wp\/v2\/product_cat?post=2219"},{"taxonomy":"product_tag","embeddable":true,"href":"https:\/\/horologium.gr\/de\/wp-json\/wp\/v2\/product_tag?post=2219"}],"curies":[{"name":"wp","href":"https:\/\/api.w.org\/{rel}","templated":true}]}}