{"id":2214,"date":"2018-10-28T19:44:11","date_gmt":"2018-10-28T17:48:28","guid":{"rendered":"https:\/\/horologium.gr\/?post_type=product&#038;p=2214"},"modified":"2020-09-06T22:13:12","modified_gmt":"2020-09-06T19:13:12","slug":"tissot-bumber-herrenuhr-automatisch","status":"publish","type":"product","link":"https:\/\/horologium.gr\/de\/produkt\/tissot-bumber-herrenuhr-automatisch\/","title":{"rendered":"Tissot Bumber Herrenuhr Automatisch"},"content":{"rendered":"","protected":false},"excerpt":{"rendered":"<p>Eine spezielle TISSOT BUMPER Herrenuhr mit beigem Zifferblatt aus den 1950er Jahren.<\/p>\n<p>Sie tr\u00e4gt ein automatisches Uhrwerk 28.5. Es ist eine der ersten automatischen Uhren mit einem Rotor &#8220;Hammer&#8221;. Die Uhr l\u00e4uft, k\u00fcrzlich wurde eine professionelle Reinigung des Uhrwerkes unternommen. Guter gebrauchter Zustand mit m\u00e4\u00dfigen Gebrauchsspuren.<\/p>\n","protected":false},"featured_media":8972,"template":"","meta":{"jetpack_publicize_message":"","jetpack_publicize_feature_enabled":true,"jetpack_social_post_already_shared":true,"jetpack_social_options":{"image_generator_settings":{"template":"highway","enabled":false},"version":2}},"product_cat":[408],"product_tag":[418,412,428,886],"class_list":{"0":"post-2214","1":"product","2":"type-product","3":"status-publish","4":"has-post-thumbnail","6":"product_cat-herrenuhr","7":"product_tag-automatisch","8":"product_tag-gebraucht","9":"product_tag-mit-band","10":"product_tag-vintage-de","12":"first","13":"outofstock","14":"shipping-taxable","15":"purchasable","16":"product-type-simple"},"jetpack_publicize_connections":[],"acf":[],"yoast_head":"<!-- This site is optimized with the Yoast SEO plugin v23.8 - https:\/\/yoast.com\/wordpress\/plugins\/seo\/ -->\n<title>Tissot Bumber Herrenuhr Automatisch - Horologium<\/title>\n<meta name=\"robots\" content=\"index, follow, max-snippet:-1, max-image-preview:large, max-video-preview:-1\" \/>\n<link rel=\"canonical\" href=\"https:\/\/horologium.gr\/produkt\/tissot-bumber-andriko-aytomato\/\" \/>\n<meta property=\"og:locale\" content=\"de_DE\" \/>\n<meta property=\"og:type\" content=\"article\" \/>\n<meta property=\"og:title\" content=\"Tissot Bumber Herrenuhr Automatisch - Horologium\" \/>\n<meta property=\"og:description\" content=\"Eine spezielle TISSOT BUMPER Herrenuhr mit beigem Zifferblatt aus den 1950er Jahren.  Sie tr\u00e4gt ein automatisches Uhrwerk 28.5. Es ist eine der ersten automatischen Uhren mit einem Rotor &quot;Hammer&quot;. Die Uhr l\u00e4uft, k\u00fcrzlich wurde eine professionelle Reinigung des Uhrwerkes unternommen. Guter gebrauchter Zustand mit m\u00e4\u00dfigen Gebrauchsspuren.\" \/>\n<meta property=\"og:url\" content=\"https:\/\/horologium.gr\/produkt\/tissot-bumber-andriko-aytomato\/\" \/>\n<meta property=\"og:site_name\" content=\"Horologium\" \/>\n<meta property=\"article:modified_time\" content=\"2020-09-06T19:13:12+00:00\" \/>\n<meta property=\"og:image\" content=\"https:\/\/horologium.gr\/wp-content\/uploads\/2018\/10\/GA01080068bg-1.jpg\" \/>\n\t<meta property=\"og:image:width\" content=\"1400\" \/>\n\t<meta property=\"og:image:height\" content=\"1035\" \/>\n\t<meta property=\"og:image:type\" content=\"image\/jpeg\" \/>\n<meta name=\"twitter:card\" content=\"summary_large_image\" \/>\n<script type=\"application\/ld+json\" class=\"yoast-schema-graph\">{\"@context\":\"https:\/\/schema.org\",\"@graph\":[{\"@type\":\"WebPage\",\"@id\":\"https:\/\/horologium.gr\/produkt\/tissot-bumber-andriko-aytomato\/\",\"url\":\"https:\/\/horologium.gr\/produkt\/tissot-bumber-andriko-aytomato\/\",\"name\":\"Tissot Bumber Herrenuhr Automatisch - Horologium\",\"isPartOf\":{\"@id\":\"https:\/\/horologium.gr\/#website\"},\"primaryImageOfPage\":{\"@id\":\"https:\/\/horologium.gr\/produkt\/tissot-bumber-andriko-aytomato\/#primaryimage\"},\"image\":{\"@id\":\"https:\/\/horologium.gr\/produkt\/tissot-bumber-andriko-aytomato\/#primaryimage\"},\"thumbnailUrl\":\"https:\/\/horologium.gr\/wp-content\/uploads\/2018\/10\/GA01080068bg-1.jpg\",\"datePublished\":\"2018-10-28T17:48:28+00:00\",\"dateModified\":\"2020-09-06T19:13:12+00:00\",\"breadcrumb\":{\"@id\":\"https:\/\/horologium.gr\/produkt\/tissot-bumber-andriko-aytomato\/#breadcrumb\"},\"inLanguage\":\"de\",\"potentialAction\":[{\"@type\":\"ReadAction\",\"target\":[\"https:\/\/horologium.gr\/produkt\/tissot-bumber-andriko-aytomato\/\"]}]},{\"@type\":\"ImageObject\",\"inLanguage\":\"de\",\"@id\":\"https:\/\/horologium.gr\/produkt\/tissot-bumber-andriko-aytomato\/#primaryimage\",\"url\":\"https:\/\/horologium.gr\/wp-content\/uploads\/2018\/10\/GA01080068bg-1.jpg\",\"contentUrl\":\"https:\/\/horologium.gr\/wp-content\/uploads\/2018\/10\/GA01080068bg-1.jpg\",\"width\":1400,\"height\":1035},{\"@type\":\"BreadcrumbList\",\"@id\":\"https:\/\/horologium.gr\/produkt\/tissot-bumber-andriko-aytomato\/#breadcrumb\",\"itemListElement\":[{\"@type\":\"ListItem\",\"position\":1,\"name\":\"Home\",\"item\":\"https:\/\/horologium.gr\/de\/\"},{\"@type\":\"ListItem\",\"position\":2,\"name\":\"Shop\",\"item\":\"https:\/\/horologium.gr\/de\/shop\/\"},{\"@type\":\"ListItem\",\"position\":3,\"name\":\"Tissot Bumber Herrenuhr Automatisch\"}]},{\"@type\":\"WebSite\",\"@id\":\"https:\/\/horologium.gr\/#website\",\"url\":\"https:\/\/horologium.gr\/\",\"name\":\"Horologium\",\"description\":\"\",\"potentialAction\":[{\"@type\":\"SearchAction\",\"target\":{\"@type\":\"EntryPoint\",\"urlTemplate\":\"https:\/\/horologium.gr\/?s={search_term_string}\"},\"query-input\":{\"@type\":\"PropertyValueSpecification\",\"valueRequired\":true,\"valueName\":\"search_term_string\"}}],\"inLanguage\":\"de\"}]}<\/script>\n<!-- \/ Yoast SEO plugin. -->","yoast_head_json":{"title":"Tissot Bumber Herrenuhr Automatisch - Horologium","robots":{"index":"index","follow":"follow","max-snippet":"max-snippet:-1","max-image-preview":"max-image-preview:large","max-video-preview":"max-video-preview:-1"},"canonical":"https:\/\/horologium.gr\/produkt\/tissot-bumber-andriko-aytomato\/","og_locale":"de_DE","og_type":"article","og_title":"Tissot Bumber Herrenuhr Automatisch - Horologium","og_description":"Eine spezielle TISSOT BUMPER Herrenuhr mit beigem Zifferblatt aus den 1950er Jahren.  Sie tr\u00e4gt ein automatisches Uhrwerk 28.5. Es ist eine der ersten automatischen Uhren mit einem Rotor \"Hammer\". Die Uhr l\u00e4uft, k\u00fcrzlich wurde eine professionelle Reinigung des Uhrwerkes unternommen. Guter gebrauchter Zustand mit m\u00e4\u00dfigen Gebrauchsspuren.","og_url":"https:\/\/horologium.gr\/produkt\/tissot-bumber-andriko-aytomato\/","og_site_name":"Horologium","article_modified_time":"2020-09-06T19:13:12+00:00","og_image":[{"width":1400,"height":1035,"url":"https:\/\/horologium.gr\/wp-content\/uploads\/2018\/10\/GA01080068bg-1.jpg","type":"image\/jpeg"}],"twitter_card":"summary_large_image","schema":{"@context":"https:\/\/schema.org","@graph":[{"@type":"WebPage","@id":"https:\/\/horologium.gr\/produkt\/tissot-bumber-andriko-aytomato\/","url":"https:\/\/horologium.gr\/produkt\/tissot-bumber-andriko-aytomato\/","name":"Tissot Bumber Herrenuhr Automatisch - Horologium","isPartOf":{"@id":"https:\/\/horologium.gr\/#website"},"primaryImageOfPage":{"@id":"https:\/\/horologium.gr\/produkt\/tissot-bumber-andriko-aytomato\/#primaryimage"},"image":{"@id":"https:\/\/horologium.gr\/produkt\/tissot-bumber-andriko-aytomato\/#primaryimage"},"thumbnailUrl":"https:\/\/horologium.gr\/wp-content\/uploads\/2018\/10\/GA01080068bg-1.jpg","datePublished":"2018-10-28T17:48:28+00:00","dateModified":"2020-09-06T19:13:12+00:00","breadcrumb":{"@id":"https:\/\/horologium.gr\/produkt\/tissot-bumber-andriko-aytomato\/#breadcrumb"},"inLanguage":"de","potentialAction":[{"@type":"ReadAction","target":["https:\/\/horologium.gr\/produkt\/tissot-bumber-andriko-aytomato\/"]}]},{"@type":"ImageObject","inLanguage":"de","@id":"https:\/\/horologium.gr\/produkt\/tissot-bumber-andriko-aytomato\/#primaryimage","url":"https:\/\/horologium.gr\/wp-content\/uploads\/2018\/10\/GA01080068bg-1.jpg","contentUrl":"https:\/\/horologium.gr\/wp-content\/uploads\/2018\/10\/GA01080068bg-1.jpg","width":1400,"height":1035},{"@type":"BreadcrumbList","@id":"https:\/\/horologium.gr\/produkt\/tissot-bumber-andriko-aytomato\/#breadcrumb","itemListElement":[{"@type":"ListItem","position":1,"name":"Home","item":"https:\/\/horologium.gr\/de\/"},{"@type":"ListItem","position":2,"name":"Shop","item":"https:\/\/horologium.gr\/de\/shop\/"},{"@type":"ListItem","position":3,"name":"Tissot Bumber Herrenuhr Automatisch"}]},{"@type":"WebSite","@id":"https:\/\/horologium.gr\/#website","url":"https:\/\/horologium.gr\/","name":"Horologium","description":"","potentialAction":[{"@type":"SearchAction","target":{"@type":"EntryPoint","urlTemplate":"https:\/\/horologium.gr\/?s={search_term_string}"},"query-input":{"@type":"PropertyValueSpecification","valueRequired":true,"valueName":"search_term_string"}}],"inLanguage":"de"}]}},"jetpack_sharing_enabled":true,"jetpack_likes_enabled":true,"_links":{"self":[{"href":"https:\/\/horologium.gr\/de\/wp-json\/wp\/v2\/product\/2214","targetHints":{"allow":["GET"]}}],"collection":[{"href":"https:\/\/horologium.gr\/de\/wp-json\/wp\/v2\/product"}],"about":[{"href":"https:\/\/horologium.gr\/de\/wp-json\/wp\/v2\/types\/product"}],"wp:featuredmedia":[{"embeddable":true,"href":"https:\/\/horologium.gr\/de\/wp-json\/wp\/v2\/media\/8972"}],"wp:attachment":[{"href":"https:\/\/horologium.gr\/de\/wp-json\/wp\/v2\/media?parent=2214"}],"wp:term":[{"taxonomy":"product_cat","embeddable":true,"href":"https:\/\/horologium.gr\/de\/wp-json\/wp\/v2\/product_cat?post=2214"},{"taxonomy":"product_tag","embeddable":true,"href":"https:\/\/horologium.gr\/de\/wp-json\/wp\/v2\/product_tag?post=2214"}],"curies":[{"name":"wp","href":"https:\/\/api.w.org\/{rel}","templated":true}]}}