{"id":2036,"date":"2018-08-23T19:22:25","date_gmt":"2018-11-09T11:44:15","guid":{"rendered":"https:\/\/horologium.gr\/?post_type=product&#038;p=2036"},"modified":"2021-01-03T19:48:23","modified_gmt":"2021-01-03T17:48:23","slug":"raymond-weil-damenuhr-mechanischer","status":"publish","type":"product","link":"https:\/\/horologium.gr\/de\/produkt\/raymond-weil-damenuhr-mechanischer\/","title":{"rendered":"Raymond Weil Damenuhr Mechanischer-Handaufzug"},"content":{"rendered":"","protected":false},"excerpt":{"rendered":"<p>Eine wundersch\u00f6ne RAYMOND WEIL Damenuhr mit einem Bordo-Zifferblatt ohne Indexe. Ihre besondere Sch\u00f6nheit wird durch die geriffelte Krone und das Vorhandensein eines einzelnen Steinindexes an Stelle 12 hervorgehoben.<\/p>\n<p>Sie tr\u00e4gt ein Uhrwerk mit mechanischem Handaufzug ETA 2512.<\/p>\n<p>Die Uhr l\u00e4uft, k\u00fcrzlich wurde eine professionelle Reinigung des Uhrwerkes unternommen. Guter gebrauchter Zustand mit m\u00e4\u00dfigen Gebrauchsspuren.<\/p>\n<p>&nbsp;<\/p>\n","protected":false},"featured_media":8984,"template":"","meta":{"jetpack_publicize_message":"","jetpack_publicize_feature_enabled":true,"jetpack_social_post_already_shared":true,"jetpack_social_options":{"image_generator_settings":{"template":"highway","enabled":false},"version":2}},"product_cat":[409],"product_tag":[412,436,428,886],"class_list":{"0":"post-2036","1":"product","2":"type-product","3":"status-publish","4":"has-post-thumbnail","6":"product_cat-damenuhr","7":"product_tag-gebraucht","8":"product_tag-mechanischer-handzufzug","9":"product_tag-mit-band","10":"product_tag-vintage-de","12":"first","13":"instock","14":"shipping-taxable","15":"purchasable","16":"product-type-simple"},"jetpack_publicize_connections":[],"acf":[],"yoast_head":"<!-- This site is optimized with the Yoast SEO plugin v23.8 - https:\/\/yoast.com\/wordpress\/plugins\/seo\/ -->\n<title>Raymond Weil Damenuhr Mechanischer-Handaufzug - Horologium<\/title>\n<meta name=\"robots\" content=\"index, follow, max-snippet:-1, max-image-preview:large, max-video-preview:-1\" \/>\n<link rel=\"canonical\" href=\"https:\/\/horologium.gr\/produkt\/raymond-weil-gynaikeio-michaniko-koyrdisto\/\" \/>\n<meta property=\"og:locale\" content=\"de_DE\" \/>\n<meta property=\"og:type\" content=\"article\" \/>\n<meta property=\"og:title\" content=\"Raymond Weil Damenuhr Mechanischer-Handaufzug - Horologium\" \/>\n<meta property=\"og:description\" content=\"Eine wundersch\u00f6ne RAYMOND WEIL Damenuhr mit einem Bordo-Zifferblatt ohne Indexe. Ihre besondere Sch\u00f6nheit wird durch die geriffelte Krone und das Vorhandensein eines einzelnen Steinindexes an Stelle 12 hervorgehoben.  Sie tr\u00e4gt ein Uhrwerk mit mechanischem Handaufzug ETA 2512.  Die Uhr l\u00e4uft, k\u00fcrzlich wurde eine professionelle Reinigung des Uhrwerkes unternommen. Guter gebrauchter Zustand mit m\u00e4\u00dfigen Gebrauchsspuren.  &nbsp;\" \/>\n<meta property=\"og:url\" content=\"https:\/\/horologium.gr\/produkt\/raymond-weil-gynaikeio-michaniko-koyrdisto\/\" \/>\n<meta property=\"og:site_name\" content=\"Horologium\" \/>\n<meta property=\"article:modified_time\" content=\"2021-01-03T17:48:23+00:00\" \/>\n<meta property=\"og:image\" content=\"https:\/\/horologium.gr\/wp-content\/uploads\/2018\/08\/GM02080049bg.jpg\" \/>\n\t<meta property=\"og:image:width\" content=\"1400\" \/>\n\t<meta property=\"og:image:height\" content=\"1089\" \/>\n\t<meta property=\"og:image:type\" content=\"image\/jpeg\" \/>\n<meta name=\"twitter:card\" content=\"summary_large_image\" \/>\n<script type=\"application\/ld+json\" class=\"yoast-schema-graph\">{\"@context\":\"https:\/\/schema.org\",\"@graph\":[{\"@type\":\"WebPage\",\"@id\":\"https:\/\/horologium.gr\/produkt\/raymond-weil-gynaikeio-michaniko-koyrdisto\/\",\"url\":\"https:\/\/horologium.gr\/produkt\/raymond-weil-gynaikeio-michaniko-koyrdisto\/\",\"name\":\"Raymond Weil Damenuhr Mechanischer-Handaufzug - Horologium\",\"isPartOf\":{\"@id\":\"https:\/\/horologium.gr\/#website\"},\"primaryImageOfPage\":{\"@id\":\"https:\/\/horologium.gr\/produkt\/raymond-weil-gynaikeio-michaniko-koyrdisto\/#primaryimage\"},\"image\":{\"@id\":\"https:\/\/horologium.gr\/produkt\/raymond-weil-gynaikeio-michaniko-koyrdisto\/#primaryimage\"},\"thumbnailUrl\":\"https:\/\/horologium.gr\/wp-content\/uploads\/2018\/08\/GM02080049bg.jpg\",\"datePublished\":\"2018-11-09T11:44:15+00:00\",\"dateModified\":\"2021-01-03T17:48:23+00:00\",\"breadcrumb\":{\"@id\":\"https:\/\/horologium.gr\/produkt\/raymond-weil-gynaikeio-michaniko-koyrdisto\/#breadcrumb\"},\"inLanguage\":\"de\",\"potentialAction\":[{\"@type\":\"ReadAction\",\"target\":[\"https:\/\/horologium.gr\/produkt\/raymond-weil-gynaikeio-michaniko-koyrdisto\/\"]}]},{\"@type\":\"ImageObject\",\"inLanguage\":\"de\",\"@id\":\"https:\/\/horologium.gr\/produkt\/raymond-weil-gynaikeio-michaniko-koyrdisto\/#primaryimage\",\"url\":\"https:\/\/horologium.gr\/wp-content\/uploads\/2018\/08\/GM02080049bg.jpg\",\"contentUrl\":\"https:\/\/horologium.gr\/wp-content\/uploads\/2018\/08\/GM02080049bg.jpg\",\"width\":1400,\"height\":1089},{\"@type\":\"BreadcrumbList\",\"@id\":\"https:\/\/horologium.gr\/produkt\/raymond-weil-gynaikeio-michaniko-koyrdisto\/#breadcrumb\",\"itemListElement\":[{\"@type\":\"ListItem\",\"position\":1,\"name\":\"Home\",\"item\":\"https:\/\/horologium.gr\/de\/\"},{\"@type\":\"ListItem\",\"position\":2,\"name\":\"Shop\",\"item\":\"https:\/\/horologium.gr\/de\/shop\/\"},{\"@type\":\"ListItem\",\"position\":3,\"name\":\"Raymond Weil Damenuhr Mechanischer-Handaufzug\"}]},{\"@type\":\"WebSite\",\"@id\":\"https:\/\/horologium.gr\/#website\",\"url\":\"https:\/\/horologium.gr\/\",\"name\":\"Horologium\",\"description\":\"\",\"potentialAction\":[{\"@type\":\"SearchAction\",\"target\":{\"@type\":\"EntryPoint\",\"urlTemplate\":\"https:\/\/horologium.gr\/?s={search_term_string}\"},\"query-input\":{\"@type\":\"PropertyValueSpecification\",\"valueRequired\":true,\"valueName\":\"search_term_string\"}}],\"inLanguage\":\"de\"}]}<\/script>\n<!-- \/ Yoast SEO plugin. -->","yoast_head_json":{"title":"Raymond Weil Damenuhr Mechanischer-Handaufzug - Horologium","robots":{"index":"index","follow":"follow","max-snippet":"max-snippet:-1","max-image-preview":"max-image-preview:large","max-video-preview":"max-video-preview:-1"},"canonical":"https:\/\/horologium.gr\/produkt\/raymond-weil-gynaikeio-michaniko-koyrdisto\/","og_locale":"de_DE","og_type":"article","og_title":"Raymond Weil Damenuhr Mechanischer-Handaufzug - Horologium","og_description":"Eine wundersch\u00f6ne RAYMOND WEIL Damenuhr mit einem Bordo-Zifferblatt ohne Indexe. Ihre besondere Sch\u00f6nheit wird durch die geriffelte Krone und das Vorhandensein eines einzelnen Steinindexes an Stelle 12 hervorgehoben.  Sie tr\u00e4gt ein Uhrwerk mit mechanischem Handaufzug ETA 2512.  Die Uhr l\u00e4uft, k\u00fcrzlich wurde eine professionelle Reinigung des Uhrwerkes unternommen. Guter gebrauchter Zustand mit m\u00e4\u00dfigen Gebrauchsspuren.  &nbsp;","og_url":"https:\/\/horologium.gr\/produkt\/raymond-weil-gynaikeio-michaniko-koyrdisto\/","og_site_name":"Horologium","article_modified_time":"2021-01-03T17:48:23+00:00","og_image":[{"width":1400,"height":1089,"url":"https:\/\/horologium.gr\/wp-content\/uploads\/2018\/08\/GM02080049bg.jpg","type":"image\/jpeg"}],"twitter_card":"summary_large_image","schema":{"@context":"https:\/\/schema.org","@graph":[{"@type":"WebPage","@id":"https:\/\/horologium.gr\/produkt\/raymond-weil-gynaikeio-michaniko-koyrdisto\/","url":"https:\/\/horologium.gr\/produkt\/raymond-weil-gynaikeio-michaniko-koyrdisto\/","name":"Raymond Weil Damenuhr Mechanischer-Handaufzug - Horologium","isPartOf":{"@id":"https:\/\/horologium.gr\/#website"},"primaryImageOfPage":{"@id":"https:\/\/horologium.gr\/produkt\/raymond-weil-gynaikeio-michaniko-koyrdisto\/#primaryimage"},"image":{"@id":"https:\/\/horologium.gr\/produkt\/raymond-weil-gynaikeio-michaniko-koyrdisto\/#primaryimage"},"thumbnailUrl":"https:\/\/horologium.gr\/wp-content\/uploads\/2018\/08\/GM02080049bg.jpg","datePublished":"2018-11-09T11:44:15+00:00","dateModified":"2021-01-03T17:48:23+00:00","breadcrumb":{"@id":"https:\/\/horologium.gr\/produkt\/raymond-weil-gynaikeio-michaniko-koyrdisto\/#breadcrumb"},"inLanguage":"de","potentialAction":[{"@type":"ReadAction","target":["https:\/\/horologium.gr\/produkt\/raymond-weil-gynaikeio-michaniko-koyrdisto\/"]}]},{"@type":"ImageObject","inLanguage":"de","@id":"https:\/\/horologium.gr\/produkt\/raymond-weil-gynaikeio-michaniko-koyrdisto\/#primaryimage","url":"https:\/\/horologium.gr\/wp-content\/uploads\/2018\/08\/GM02080049bg.jpg","contentUrl":"https:\/\/horologium.gr\/wp-content\/uploads\/2018\/08\/GM02080049bg.jpg","width":1400,"height":1089},{"@type":"BreadcrumbList","@id":"https:\/\/horologium.gr\/produkt\/raymond-weil-gynaikeio-michaniko-koyrdisto\/#breadcrumb","itemListElement":[{"@type":"ListItem","position":1,"name":"Home","item":"https:\/\/horologium.gr\/de\/"},{"@type":"ListItem","position":2,"name":"Shop","item":"https:\/\/horologium.gr\/de\/shop\/"},{"@type":"ListItem","position":3,"name":"Raymond Weil Damenuhr Mechanischer-Handaufzug"}]},{"@type":"WebSite","@id":"https:\/\/horologium.gr\/#website","url":"https:\/\/horologium.gr\/","name":"Horologium","description":"","potentialAction":[{"@type":"SearchAction","target":{"@type":"EntryPoint","urlTemplate":"https:\/\/horologium.gr\/?s={search_term_string}"},"query-input":{"@type":"PropertyValueSpecification","valueRequired":true,"valueName":"search_term_string"}}],"inLanguage":"de"}]}},"jetpack_sharing_enabled":true,"jetpack_likes_enabled":true,"_links":{"self":[{"href":"https:\/\/horologium.gr\/de\/wp-json\/wp\/v2\/product\/2036","targetHints":{"allow":["GET"]}}],"collection":[{"href":"https:\/\/horologium.gr\/de\/wp-json\/wp\/v2\/product"}],"about":[{"href":"https:\/\/horologium.gr\/de\/wp-json\/wp\/v2\/types\/product"}],"wp:featuredmedia":[{"embeddable":true,"href":"https:\/\/horologium.gr\/de\/wp-json\/wp\/v2\/media\/8984"}],"wp:attachment":[{"href":"https:\/\/horologium.gr\/de\/wp-json\/wp\/v2\/media?parent=2036"}],"wp:term":[{"taxonomy":"product_cat","embeddable":true,"href":"https:\/\/horologium.gr\/de\/wp-json\/wp\/v2\/product_cat?post=2036"},{"taxonomy":"product_tag","embeddable":true,"href":"https:\/\/horologium.gr\/de\/wp-json\/wp\/v2\/product_tag?post=2036"}],"curies":[{"name":"wp","href":"https:\/\/api.w.org\/{rel}","templated":true}]}}