{"id":2001,"date":"2018-08-23T19:09:10","date_gmt":"2018-11-09T12:03:38","guid":{"rendered":"https:\/\/horologium.gr\/?post_type=product&#038;p=2001"},"modified":"2020-05-21T14:55:39","modified_gmt":"2020-05-21T11:55:39","slug":"citizen-herrenuhr-automatisch","status":"publish","type":"product","link":"https:\/\/horologium.gr\/de\/produkt\/citizen-herrenuhr-automatisch\/","title":{"rendered":"Citizen Herrenuhr Automatisch"},"content":{"rendered":"","protected":false},"excerpt":{"rendered":"<p>Eine vintage CITIZEN Herrenuhr mit Datums- und Tagesangaben in Englisch und Franz\u00f6sisch. Sie tr\u00e4gt ein automatisches Uhrwerk 8200 A. Leuchtzeiger und das Saphirglas verleihen der Uhr eine sch\u00f6ne Note. Die Uhr l\u00e4uft, k\u00fcrzlich wurde eine professionelle Reinigung des Uhrwerkes unternommen. Guter gebrauchter Zustand mit m\u00e4\u00dfigen Gebrauchsspuren.<\/p>\n","protected":false},"featured_media":2604,"template":"","meta":{"jetpack_publicize_message":"","jetpack_publicize_feature_enabled":true,"jetpack_social_post_already_shared":true,"jetpack_social_options":{"image_generator_settings":{"template":"highway","enabled":false},"version":2}},"product_cat":[408],"product_tag":[418,412,428,886],"class_list":{"0":"post-2001","1":"product","2":"type-product","3":"status-publish","4":"has-post-thumbnail","6":"product_cat-herrenuhr","7":"product_tag-automatisch","8":"product_tag-gebraucht","9":"product_tag-mit-band","10":"product_tag-vintage-de","12":"first","13":"instock","14":"shipping-taxable","15":"purchasable","16":"product-type-simple"},"jetpack_publicize_connections":[],"acf":[],"yoast_head":"<!-- This site is optimized with the Yoast SEO plugin v23.8 - https:\/\/yoast.com\/wordpress\/plugins\/seo\/ -->\n<title>Citizen Herrenuhr Automatisch - Horologium<\/title>\n<meta name=\"robots\" content=\"index, follow, max-snippet:-1, max-image-preview:large, max-video-preview:-1\" \/>\n<link rel=\"canonical\" href=\"https:\/\/horologium.gr\/produkt\/citizen-andriko-aytomato\/\" \/>\n<meta property=\"og:locale\" content=\"de_DE\" \/>\n<meta property=\"og:type\" content=\"article\" \/>\n<meta property=\"og:title\" content=\"Citizen Herrenuhr Automatisch - Horologium\" \/>\n<meta property=\"og:description\" content=\"Eine vintage CITIZEN Herrenuhr mit Datums- und Tagesangaben in Englisch und Franz\u00f6sisch. Sie tr\u00e4gt ein automatisches Uhrwerk 8200 A. Leuchtzeiger und das Saphirglas verleihen der Uhr eine sch\u00f6ne Note. Die Uhr l\u00e4uft, k\u00fcrzlich wurde eine professionelle Reinigung des Uhrwerkes unternommen. Guter gebrauchter Zustand mit m\u00e4\u00dfigen Gebrauchsspuren.\" \/>\n<meta property=\"og:url\" content=\"https:\/\/horologium.gr\/produkt\/citizen-andriko-aytomato\/\" \/>\n<meta property=\"og:site_name\" content=\"Horologium\" \/>\n<meta property=\"article:modified_time\" content=\"2020-05-21T11:55:39+00:00\" \/>\n<meta property=\"og:image\" content=\"https:\/\/horologium.gr\/wp-content\/uploads\/2018\/08\/GA01080054.png.png\" \/>\n\t<meta property=\"og:image:width\" content=\"1200\" \/>\n\t<meta property=\"og:image:height\" content=\"1200\" \/>\n\t<meta property=\"og:image:type\" content=\"image\/png\" \/>\n<meta name=\"twitter:card\" content=\"summary_large_image\" \/>\n<script type=\"application\/ld+json\" class=\"yoast-schema-graph\">{\"@context\":\"https:\/\/schema.org\",\"@graph\":[{\"@type\":\"WebPage\",\"@id\":\"https:\/\/horologium.gr\/produkt\/citizen-andriko-aytomato\/\",\"url\":\"https:\/\/horologium.gr\/produkt\/citizen-andriko-aytomato\/\",\"name\":\"Citizen Herrenuhr Automatisch - Horologium\",\"isPartOf\":{\"@id\":\"https:\/\/horologium.gr\/#website\"},\"primaryImageOfPage\":{\"@id\":\"https:\/\/horologium.gr\/produkt\/citizen-andriko-aytomato\/#primaryimage\"},\"image\":{\"@id\":\"https:\/\/horologium.gr\/produkt\/citizen-andriko-aytomato\/#primaryimage\"},\"thumbnailUrl\":\"https:\/\/horologium.gr\/wp-content\/uploads\/2018\/08\/GA01080054.png.png\",\"datePublished\":\"2018-11-09T12:03:38+00:00\",\"dateModified\":\"2020-05-21T11:55:39+00:00\",\"breadcrumb\":{\"@id\":\"https:\/\/horologium.gr\/produkt\/citizen-andriko-aytomato\/#breadcrumb\"},\"inLanguage\":\"de\",\"potentialAction\":[{\"@type\":\"ReadAction\",\"target\":[\"https:\/\/horologium.gr\/produkt\/citizen-andriko-aytomato\/\"]}]},{\"@type\":\"ImageObject\",\"inLanguage\":\"de\",\"@id\":\"https:\/\/horologium.gr\/produkt\/citizen-andriko-aytomato\/#primaryimage\",\"url\":\"https:\/\/horologium.gr\/wp-content\/uploads\/2018\/08\/GA01080054.png.png\",\"contentUrl\":\"https:\/\/horologium.gr\/wp-content\/uploads\/2018\/08\/GA01080054.png.png\",\"width\":1200,\"height\":1200},{\"@type\":\"BreadcrumbList\",\"@id\":\"https:\/\/horologium.gr\/produkt\/citizen-andriko-aytomato\/#breadcrumb\",\"itemListElement\":[{\"@type\":\"ListItem\",\"position\":1,\"name\":\"Home\",\"item\":\"https:\/\/horologium.gr\/de\/\"},{\"@type\":\"ListItem\",\"position\":2,\"name\":\"Shop\",\"item\":\"https:\/\/horologium.gr\/de\/shop\/\"},{\"@type\":\"ListItem\",\"position\":3,\"name\":\"Citizen Herrenuhr Automatisch\"}]},{\"@type\":\"WebSite\",\"@id\":\"https:\/\/horologium.gr\/#website\",\"url\":\"https:\/\/horologium.gr\/\",\"name\":\"Horologium\",\"description\":\"\",\"potentialAction\":[{\"@type\":\"SearchAction\",\"target\":{\"@type\":\"EntryPoint\",\"urlTemplate\":\"https:\/\/horologium.gr\/?s={search_term_string}\"},\"query-input\":{\"@type\":\"PropertyValueSpecification\",\"valueRequired\":true,\"valueName\":\"search_term_string\"}}],\"inLanguage\":\"de\"}]}<\/script>\n<!-- \/ Yoast SEO plugin. -->","yoast_head_json":{"title":"Citizen Herrenuhr Automatisch - Horologium","robots":{"index":"index","follow":"follow","max-snippet":"max-snippet:-1","max-image-preview":"max-image-preview:large","max-video-preview":"max-video-preview:-1"},"canonical":"https:\/\/horologium.gr\/produkt\/citizen-andriko-aytomato\/","og_locale":"de_DE","og_type":"article","og_title":"Citizen Herrenuhr Automatisch - Horologium","og_description":"Eine vintage CITIZEN Herrenuhr mit Datums- und Tagesangaben in Englisch und Franz\u00f6sisch. Sie tr\u00e4gt ein automatisches Uhrwerk 8200 A. Leuchtzeiger und das Saphirglas verleihen der Uhr eine sch\u00f6ne Note. Die Uhr l\u00e4uft, k\u00fcrzlich wurde eine professionelle Reinigung des Uhrwerkes unternommen. Guter gebrauchter Zustand mit m\u00e4\u00dfigen Gebrauchsspuren.","og_url":"https:\/\/horologium.gr\/produkt\/citizen-andriko-aytomato\/","og_site_name":"Horologium","article_modified_time":"2020-05-21T11:55:39+00:00","og_image":[{"width":1200,"height":1200,"url":"https:\/\/horologium.gr\/wp-content\/uploads\/2018\/08\/GA01080054.png.png","type":"image\/png"}],"twitter_card":"summary_large_image","schema":{"@context":"https:\/\/schema.org","@graph":[{"@type":"WebPage","@id":"https:\/\/horologium.gr\/produkt\/citizen-andriko-aytomato\/","url":"https:\/\/horologium.gr\/produkt\/citizen-andriko-aytomato\/","name":"Citizen Herrenuhr Automatisch - Horologium","isPartOf":{"@id":"https:\/\/horologium.gr\/#website"},"primaryImageOfPage":{"@id":"https:\/\/horologium.gr\/produkt\/citizen-andriko-aytomato\/#primaryimage"},"image":{"@id":"https:\/\/horologium.gr\/produkt\/citizen-andriko-aytomato\/#primaryimage"},"thumbnailUrl":"https:\/\/horologium.gr\/wp-content\/uploads\/2018\/08\/GA01080054.png.png","datePublished":"2018-11-09T12:03:38+00:00","dateModified":"2020-05-21T11:55:39+00:00","breadcrumb":{"@id":"https:\/\/horologium.gr\/produkt\/citizen-andriko-aytomato\/#breadcrumb"},"inLanguage":"de","potentialAction":[{"@type":"ReadAction","target":["https:\/\/horologium.gr\/produkt\/citizen-andriko-aytomato\/"]}]},{"@type":"ImageObject","inLanguage":"de","@id":"https:\/\/horologium.gr\/produkt\/citizen-andriko-aytomato\/#primaryimage","url":"https:\/\/horologium.gr\/wp-content\/uploads\/2018\/08\/GA01080054.png.png","contentUrl":"https:\/\/horologium.gr\/wp-content\/uploads\/2018\/08\/GA01080054.png.png","width":1200,"height":1200},{"@type":"BreadcrumbList","@id":"https:\/\/horologium.gr\/produkt\/citizen-andriko-aytomato\/#breadcrumb","itemListElement":[{"@type":"ListItem","position":1,"name":"Home","item":"https:\/\/horologium.gr\/de\/"},{"@type":"ListItem","position":2,"name":"Shop","item":"https:\/\/horologium.gr\/de\/shop\/"},{"@type":"ListItem","position":3,"name":"Citizen Herrenuhr Automatisch"}]},{"@type":"WebSite","@id":"https:\/\/horologium.gr\/#website","url":"https:\/\/horologium.gr\/","name":"Horologium","description":"","potentialAction":[{"@type":"SearchAction","target":{"@type":"EntryPoint","urlTemplate":"https:\/\/horologium.gr\/?s={search_term_string}"},"query-input":{"@type":"PropertyValueSpecification","valueRequired":true,"valueName":"search_term_string"}}],"inLanguage":"de"}]}},"jetpack_sharing_enabled":true,"jetpack_likes_enabled":true,"_links":{"self":[{"href":"https:\/\/horologium.gr\/de\/wp-json\/wp\/v2\/product\/2001","targetHints":{"allow":["GET"]}}],"collection":[{"href":"https:\/\/horologium.gr\/de\/wp-json\/wp\/v2\/product"}],"about":[{"href":"https:\/\/horologium.gr\/de\/wp-json\/wp\/v2\/types\/product"}],"wp:featuredmedia":[{"embeddable":true,"href":"https:\/\/horologium.gr\/de\/wp-json\/wp\/v2\/media\/2604"}],"wp:attachment":[{"href":"https:\/\/horologium.gr\/de\/wp-json\/wp\/v2\/media?parent=2001"}],"wp:term":[{"taxonomy":"product_cat","embeddable":true,"href":"https:\/\/horologium.gr\/de\/wp-json\/wp\/v2\/product_cat?post=2001"},{"taxonomy":"product_tag","embeddable":true,"href":"https:\/\/horologium.gr\/de\/wp-json\/wp\/v2\/product_tag?post=2001"}],"curies":[{"name":"wp","href":"https:\/\/api.w.org\/{rel}","templated":true}]}}