{"id":1988,"date":"2018-07-04T21:31:09","date_gmt":"2018-07-04T18:31:09","guid":{"rendered":"https:\/\/horologium.gr\/product\/slava-herrenuhr-mechanischer-handaufzug\/"},"modified":"2021-01-03T19:51:43","modified_gmt":"2021-01-03T17:51:43","slug":"slava-herrenuhr-mechanischer-handaufzug","status":"publish","type":"product","link":"https:\/\/horologium.gr\/de\/produkt\/slava-herrenuhr-mechanischer-handaufzug\/","title":{"rendered":"Slava Herrenuhr Mechanischer-Handaufzug"},"content":{"rendered":"","protected":false},"excerpt":{"rendered":"<p>Eine besondere SLAVA Herrenuhr aus der UdSSR mit einem silbernen Zifferblatt. Sie tr\u00e4gt ein Uhrwerk mit mechanischem Handaufzug 2414. Die quadratische Geh\u00e4useform unterstreicht ihre Vintage-Linie. Die Uhr l\u00e4uft, k\u00fcrzlich wurde eine professionelle Reinigung des Uhrwerkes unternommen. Guter gebrauchter Zustand mit m\u00e4\u00dfigen Gebrauchsspuren.<\/p>\n","protected":false},"featured_media":9010,"template":"","meta":{"jetpack_publicize_message":"","jetpack_publicize_feature_enabled":true,"jetpack_social_post_already_shared":true,"jetpack_social_options":{"image_generator_settings":{"template":"highway","enabled":false},"version":2}},"product_cat":[408,1216],"product_tag":[412,436,428,886],"class_list":{"0":"post-1988","1":"product","2":"type-product","3":"status-publish","4":"has-post-thumbnail","6":"product_cat-herrenuhr","7":"product_cat-unisex-de","8":"product_tag-gebraucht","9":"product_tag-mechanischer-handzufzug","10":"product_tag-mit-band","11":"product_tag-vintage-de","13":"first","14":"instock","15":"shipping-taxable","16":"purchasable","17":"product-type-simple"},"jetpack_publicize_connections":[],"acf":[],"yoast_head":"<!-- This site is optimized with the Yoast SEO plugin v23.8 - https:\/\/yoast.com\/wordpress\/plugins\/seo\/ -->\n<title>Slava Herrenuhr Mechanischer-Handaufzug - Horologium<\/title>\n<meta name=\"robots\" content=\"index, follow, max-snippet:-1, max-image-preview:large, max-video-preview:-1\" \/>\n<link rel=\"canonical\" href=\"https:\/\/horologium.gr\/produkt\/slava-gynaikeio-michaniko-koyrdisto\/\" \/>\n<meta property=\"og:locale\" content=\"de_DE\" \/>\n<meta property=\"og:type\" content=\"article\" \/>\n<meta property=\"og:title\" content=\"Slava Herrenuhr Mechanischer-Handaufzug - Horologium\" \/>\n<meta property=\"og:description\" content=\"Eine besondere SLAVA Herrenuhr aus der UdSSR mit einem silbernen Zifferblatt. Sie tr\u00e4gt ein Uhrwerk mit mechanischem Handaufzug 2414. Die quadratische Geh\u00e4useform unterstreicht ihre Vintage-Linie. Die Uhr l\u00e4uft, k\u00fcrzlich wurde eine professionelle Reinigung des Uhrwerkes unternommen. Guter gebrauchter Zustand mit m\u00e4\u00dfigen Gebrauchsspuren.\" \/>\n<meta property=\"og:url\" content=\"https:\/\/horologium.gr\/produkt\/slava-gynaikeio-michaniko-koyrdisto\/\" \/>\n<meta property=\"og:site_name\" content=\"Horologium\" \/>\n<meta property=\"article:modified_time\" content=\"2021-01-03T17:51:43+00:00\" \/>\n<meta property=\"og:image\" content=\"https:\/\/horologium.gr\/wp-content\/uploads\/2018\/07\/GM01080058bg.jpg\" \/>\n\t<meta property=\"og:image:width\" content=\"1400\" \/>\n\t<meta property=\"og:image:height\" content=\"1208\" \/>\n\t<meta property=\"og:image:type\" content=\"image\/jpeg\" \/>\n<meta name=\"twitter:card\" content=\"summary_large_image\" \/>\n<script type=\"application\/ld+json\" class=\"yoast-schema-graph\">{\"@context\":\"https:\/\/schema.org\",\"@graph\":[{\"@type\":\"WebPage\",\"@id\":\"https:\/\/horologium.gr\/produkt\/slava-gynaikeio-michaniko-koyrdisto\/\",\"url\":\"https:\/\/horologium.gr\/produkt\/slava-gynaikeio-michaniko-koyrdisto\/\",\"name\":\"Slava Herrenuhr Mechanischer-Handaufzug - Horologium\",\"isPartOf\":{\"@id\":\"https:\/\/horologium.gr\/#website\"},\"primaryImageOfPage\":{\"@id\":\"https:\/\/horologium.gr\/produkt\/slava-gynaikeio-michaniko-koyrdisto\/#primaryimage\"},\"image\":{\"@id\":\"https:\/\/horologium.gr\/produkt\/slava-gynaikeio-michaniko-koyrdisto\/#primaryimage\"},\"thumbnailUrl\":\"https:\/\/horologium.gr\/wp-content\/uploads\/2018\/07\/GM01080058bg.jpg\",\"datePublished\":\"2018-07-04T18:31:09+00:00\",\"dateModified\":\"2021-01-03T17:51:43+00:00\",\"breadcrumb\":{\"@id\":\"https:\/\/horologium.gr\/produkt\/slava-gynaikeio-michaniko-koyrdisto\/#breadcrumb\"},\"inLanguage\":\"de\",\"potentialAction\":[{\"@type\":\"ReadAction\",\"target\":[\"https:\/\/horologium.gr\/produkt\/slava-gynaikeio-michaniko-koyrdisto\/\"]}]},{\"@type\":\"ImageObject\",\"inLanguage\":\"de\",\"@id\":\"https:\/\/horologium.gr\/produkt\/slava-gynaikeio-michaniko-koyrdisto\/#primaryimage\",\"url\":\"https:\/\/horologium.gr\/wp-content\/uploads\/2018\/07\/GM01080058bg.jpg\",\"contentUrl\":\"https:\/\/horologium.gr\/wp-content\/uploads\/2018\/07\/GM01080058bg.jpg\",\"width\":1400,\"height\":1208},{\"@type\":\"BreadcrumbList\",\"@id\":\"https:\/\/horologium.gr\/produkt\/slava-gynaikeio-michaniko-koyrdisto\/#breadcrumb\",\"itemListElement\":[{\"@type\":\"ListItem\",\"position\":1,\"name\":\"Home\",\"item\":\"https:\/\/horologium.gr\/de\/\"},{\"@type\":\"ListItem\",\"position\":2,\"name\":\"Shop\",\"item\":\"https:\/\/horologium.gr\/de\/shop\/\"},{\"@type\":\"ListItem\",\"position\":3,\"name\":\"Slava Herrenuhr Mechanischer-Handaufzug\"}]},{\"@type\":\"WebSite\",\"@id\":\"https:\/\/horologium.gr\/#website\",\"url\":\"https:\/\/horologium.gr\/\",\"name\":\"Horologium\",\"description\":\"\",\"potentialAction\":[{\"@type\":\"SearchAction\",\"target\":{\"@type\":\"EntryPoint\",\"urlTemplate\":\"https:\/\/horologium.gr\/?s={search_term_string}\"},\"query-input\":{\"@type\":\"PropertyValueSpecification\",\"valueRequired\":true,\"valueName\":\"search_term_string\"}}],\"inLanguage\":\"de\"}]}<\/script>\n<!-- \/ Yoast SEO plugin. -->","yoast_head_json":{"title":"Slava Herrenuhr Mechanischer-Handaufzug - Horologium","robots":{"index":"index","follow":"follow","max-snippet":"max-snippet:-1","max-image-preview":"max-image-preview:large","max-video-preview":"max-video-preview:-1"},"canonical":"https:\/\/horologium.gr\/produkt\/slava-gynaikeio-michaniko-koyrdisto\/","og_locale":"de_DE","og_type":"article","og_title":"Slava Herrenuhr Mechanischer-Handaufzug - Horologium","og_description":"Eine besondere SLAVA Herrenuhr aus der UdSSR mit einem silbernen Zifferblatt. Sie tr\u00e4gt ein Uhrwerk mit mechanischem Handaufzug 2414. Die quadratische Geh\u00e4useform unterstreicht ihre Vintage-Linie. Die Uhr l\u00e4uft, k\u00fcrzlich wurde eine professionelle Reinigung des Uhrwerkes unternommen. Guter gebrauchter Zustand mit m\u00e4\u00dfigen Gebrauchsspuren.","og_url":"https:\/\/horologium.gr\/produkt\/slava-gynaikeio-michaniko-koyrdisto\/","og_site_name":"Horologium","article_modified_time":"2021-01-03T17:51:43+00:00","og_image":[{"width":1400,"height":1208,"url":"https:\/\/horologium.gr\/wp-content\/uploads\/2018\/07\/GM01080058bg.jpg","type":"image\/jpeg"}],"twitter_card":"summary_large_image","schema":{"@context":"https:\/\/schema.org","@graph":[{"@type":"WebPage","@id":"https:\/\/horologium.gr\/produkt\/slava-gynaikeio-michaniko-koyrdisto\/","url":"https:\/\/horologium.gr\/produkt\/slava-gynaikeio-michaniko-koyrdisto\/","name":"Slava Herrenuhr Mechanischer-Handaufzug - Horologium","isPartOf":{"@id":"https:\/\/horologium.gr\/#website"},"primaryImageOfPage":{"@id":"https:\/\/horologium.gr\/produkt\/slava-gynaikeio-michaniko-koyrdisto\/#primaryimage"},"image":{"@id":"https:\/\/horologium.gr\/produkt\/slava-gynaikeio-michaniko-koyrdisto\/#primaryimage"},"thumbnailUrl":"https:\/\/horologium.gr\/wp-content\/uploads\/2018\/07\/GM01080058bg.jpg","datePublished":"2018-07-04T18:31:09+00:00","dateModified":"2021-01-03T17:51:43+00:00","breadcrumb":{"@id":"https:\/\/horologium.gr\/produkt\/slava-gynaikeio-michaniko-koyrdisto\/#breadcrumb"},"inLanguage":"de","potentialAction":[{"@type":"ReadAction","target":["https:\/\/horologium.gr\/produkt\/slava-gynaikeio-michaniko-koyrdisto\/"]}]},{"@type":"ImageObject","inLanguage":"de","@id":"https:\/\/horologium.gr\/produkt\/slava-gynaikeio-michaniko-koyrdisto\/#primaryimage","url":"https:\/\/horologium.gr\/wp-content\/uploads\/2018\/07\/GM01080058bg.jpg","contentUrl":"https:\/\/horologium.gr\/wp-content\/uploads\/2018\/07\/GM01080058bg.jpg","width":1400,"height":1208},{"@type":"BreadcrumbList","@id":"https:\/\/horologium.gr\/produkt\/slava-gynaikeio-michaniko-koyrdisto\/#breadcrumb","itemListElement":[{"@type":"ListItem","position":1,"name":"Home","item":"https:\/\/horologium.gr\/de\/"},{"@type":"ListItem","position":2,"name":"Shop","item":"https:\/\/horologium.gr\/de\/shop\/"},{"@type":"ListItem","position":3,"name":"Slava Herrenuhr Mechanischer-Handaufzug"}]},{"@type":"WebSite","@id":"https:\/\/horologium.gr\/#website","url":"https:\/\/horologium.gr\/","name":"Horologium","description":"","potentialAction":[{"@type":"SearchAction","target":{"@type":"EntryPoint","urlTemplate":"https:\/\/horologium.gr\/?s={search_term_string}"},"query-input":{"@type":"PropertyValueSpecification","valueRequired":true,"valueName":"search_term_string"}}],"inLanguage":"de"}]}},"jetpack_sharing_enabled":true,"jetpack_likes_enabled":true,"_links":{"self":[{"href":"https:\/\/horologium.gr\/de\/wp-json\/wp\/v2\/product\/1988","targetHints":{"allow":["GET"]}}],"collection":[{"href":"https:\/\/horologium.gr\/de\/wp-json\/wp\/v2\/product"}],"about":[{"href":"https:\/\/horologium.gr\/de\/wp-json\/wp\/v2\/types\/product"}],"wp:featuredmedia":[{"embeddable":true,"href":"https:\/\/horologium.gr\/de\/wp-json\/wp\/v2\/media\/9010"}],"wp:attachment":[{"href":"https:\/\/horologium.gr\/de\/wp-json\/wp\/v2\/media?parent=1988"}],"wp:term":[{"taxonomy":"product_cat","embeddable":true,"href":"https:\/\/horologium.gr\/de\/wp-json\/wp\/v2\/product_cat?post=1988"},{"taxonomy":"product_tag","embeddable":true,"href":"https:\/\/horologium.gr\/de\/wp-json\/wp\/v2\/product_tag?post=1988"}],"curies":[{"name":"wp","href":"https:\/\/api.w.org\/{rel}","templated":true}]}}