{"id":1867,"date":"2018-06-02T21:18:50","date_gmt":"2018-06-02T18:18:50","guid":{"rendered":"https:\/\/horologium.gr\/product\/seiko-herrenuhr-mechanischer-handaufzug\/"},"modified":"2020-05-28T23:37:20","modified_gmt":"2020-05-28T20:37:20","slug":"seiko-herrenuhr-mechanischer-handaufzug","status":"publish","type":"product","link":"https:\/\/horologium.gr\/de\/produkt\/seiko-herrenuhr-mechanischer-handaufzug\/","title":{"rendered":"SEIKO Herrenuhr Mechanischer-Handaufzug 7000-8010 (80&#8217;s)"},"content":{"rendered":"","protected":false},"excerpt":{"rendered":"<p>Eine SEIKO stilvolle Herrenuhr mit einem goldenen Zifferblatt der 80er Jahre. Sie tr\u00e4gt ein Uhrwerk mit mechanischem Handaufzug 7000-8010. Sie hat Leuchtzeiger, die ein sch\u00f6nes Detail schaffen und ihre Vintage-Linie hervorheben. Die Uhr l\u00e4uft, k\u00fcrzlich wurde eine professionelle Reinigung des Uhrwerkes unternommen. Guter gebrauchter Zustand mit m\u00e4\u00dfigen Gebrauchsspuren.<\/p>\n<p>&nbsp;<\/p>\n","protected":false},"featured_media":2476,"template":"","meta":{"jetpack_publicize_message":"","jetpack_publicize_feature_enabled":true,"jetpack_social_post_already_shared":true,"jetpack_social_options":{"image_generator_settings":{"template":"highway","enabled":false},"version":2}},"product_cat":[408,1216],"product_tag":[412,436,430,886],"class_list":{"0":"post-1867","1":"product","2":"type-product","3":"status-publish","4":"has-post-thumbnail","6":"product_cat-herrenuhr","7":"product_cat-unisex-de","8":"product_tag-gebraucht","9":"product_tag-mechanischer-handzufzug","10":"product_tag-mit-metallband","11":"product_tag-vintage-de","13":"first","14":"outofstock","15":"shipping-taxable","16":"purchasable","17":"product-type-simple"},"jetpack_publicize_connections":[],"acf":[],"yoast_head":"<!-- This site is optimized with the Yoast SEO plugin v23.8 - https:\/\/yoast.com\/wordpress\/plugins\/seo\/ -->\n<title>SEIKO Herrenuhr Mechanischer-Handaufzug 7000-8010 (80&#039;s) - Horologium<\/title>\n<meta name=\"robots\" content=\"index, follow, max-snippet:-1, max-image-preview:large, max-video-preview:-1\" \/>\n<link rel=\"canonical\" href=\"https:\/\/horologium.gr\/produkt\/seiko-andriko-koyrdisto\/\" \/>\n<meta property=\"og:locale\" content=\"de_DE\" \/>\n<meta property=\"og:type\" content=\"article\" \/>\n<meta property=\"og:title\" content=\"SEIKO Herrenuhr Mechanischer-Handaufzug 7000-8010 (80&#039;s) - Horologium\" \/>\n<meta property=\"og:description\" content=\"Eine SEIKO stilvolle Herrenuhr mit einem goldenen Zifferblatt der 80er Jahre. Sie tr\u00e4gt ein Uhrwerk mit mechanischem Handaufzug 7000-8010. Sie hat Leuchtzeiger, die ein sch\u00f6nes Detail schaffen und ihre Vintage-Linie hervorheben. Die Uhr l\u00e4uft, k\u00fcrzlich wurde eine professionelle Reinigung des Uhrwerkes unternommen. Guter gebrauchter Zustand mit m\u00e4\u00dfigen Gebrauchsspuren.  &nbsp;\" \/>\n<meta property=\"og:url\" content=\"https:\/\/horologium.gr\/produkt\/seiko-andriko-koyrdisto\/\" \/>\n<meta property=\"og:site_name\" content=\"Horologium\" \/>\n<meta property=\"article:modified_time\" content=\"2020-05-28T20:37:20+00:00\" \/>\n<meta property=\"og:image\" content=\"https:\/\/horologium.gr\/wp-content\/uploads\/2018\/06\/GM0109036.png.png\" \/>\n\t<meta property=\"og:image:width\" content=\"1200\" \/>\n\t<meta property=\"og:image:height\" content=\"1200\" \/>\n\t<meta property=\"og:image:type\" content=\"image\/png\" \/>\n<meta name=\"twitter:card\" content=\"summary_large_image\" \/>\n<script type=\"application\/ld+json\" class=\"yoast-schema-graph\">{\"@context\":\"https:\/\/schema.org\",\"@graph\":[{\"@type\":\"WebPage\",\"@id\":\"https:\/\/horologium.gr\/produkt\/seiko-andriko-koyrdisto\/\",\"url\":\"https:\/\/horologium.gr\/produkt\/seiko-andriko-koyrdisto\/\",\"name\":\"SEIKO Herrenuhr Mechanischer-Handaufzug 7000-8010 (80's) - Horologium\",\"isPartOf\":{\"@id\":\"https:\/\/horologium.gr\/#website\"},\"primaryImageOfPage\":{\"@id\":\"https:\/\/horologium.gr\/produkt\/seiko-andriko-koyrdisto\/#primaryimage\"},\"image\":{\"@id\":\"https:\/\/horologium.gr\/produkt\/seiko-andriko-koyrdisto\/#primaryimage\"},\"thumbnailUrl\":\"https:\/\/horologium.gr\/wp-content\/uploads\/2018\/06\/GM0109036.png.png\",\"datePublished\":\"2018-06-02T18:18:50+00:00\",\"dateModified\":\"2020-05-28T20:37:20+00:00\",\"breadcrumb\":{\"@id\":\"https:\/\/horologium.gr\/produkt\/seiko-andriko-koyrdisto\/#breadcrumb\"},\"inLanguage\":\"de\",\"potentialAction\":[{\"@type\":\"ReadAction\",\"target\":[\"https:\/\/horologium.gr\/produkt\/seiko-andriko-koyrdisto\/\"]}]},{\"@type\":\"ImageObject\",\"inLanguage\":\"de\",\"@id\":\"https:\/\/horologium.gr\/produkt\/seiko-andriko-koyrdisto\/#primaryimage\",\"url\":\"https:\/\/horologium.gr\/wp-content\/uploads\/2018\/06\/GM0109036.png.png\",\"contentUrl\":\"https:\/\/horologium.gr\/wp-content\/uploads\/2018\/06\/GM0109036.png.png\",\"width\":1200,\"height\":1200},{\"@type\":\"BreadcrumbList\",\"@id\":\"https:\/\/horologium.gr\/produkt\/seiko-andriko-koyrdisto\/#breadcrumb\",\"itemListElement\":[{\"@type\":\"ListItem\",\"position\":1,\"name\":\"Home\",\"item\":\"https:\/\/horologium.gr\/de\/\"},{\"@type\":\"ListItem\",\"position\":2,\"name\":\"Shop\",\"item\":\"https:\/\/horologium.gr\/de\/shop\/\"},{\"@type\":\"ListItem\",\"position\":3,\"name\":\"SEIKO Herrenuhr Mechanischer-Handaufzug 7000-8010 (80&#8217;s)\"}]},{\"@type\":\"WebSite\",\"@id\":\"https:\/\/horologium.gr\/#website\",\"url\":\"https:\/\/horologium.gr\/\",\"name\":\"Horologium\",\"description\":\"\",\"potentialAction\":[{\"@type\":\"SearchAction\",\"target\":{\"@type\":\"EntryPoint\",\"urlTemplate\":\"https:\/\/horologium.gr\/?s={search_term_string}\"},\"query-input\":{\"@type\":\"PropertyValueSpecification\",\"valueRequired\":true,\"valueName\":\"search_term_string\"}}],\"inLanguage\":\"de\"}]}<\/script>\n<!-- \/ Yoast SEO plugin. -->","yoast_head_json":{"title":"SEIKO Herrenuhr Mechanischer-Handaufzug 7000-8010 (80's) - Horologium","robots":{"index":"index","follow":"follow","max-snippet":"max-snippet:-1","max-image-preview":"max-image-preview:large","max-video-preview":"max-video-preview:-1"},"canonical":"https:\/\/horologium.gr\/produkt\/seiko-andriko-koyrdisto\/","og_locale":"de_DE","og_type":"article","og_title":"SEIKO Herrenuhr Mechanischer-Handaufzug 7000-8010 (80's) - Horologium","og_description":"Eine SEIKO stilvolle Herrenuhr mit einem goldenen Zifferblatt der 80er Jahre. Sie tr\u00e4gt ein Uhrwerk mit mechanischem Handaufzug 7000-8010. Sie hat Leuchtzeiger, die ein sch\u00f6nes Detail schaffen und ihre Vintage-Linie hervorheben. Die Uhr l\u00e4uft, k\u00fcrzlich wurde eine professionelle Reinigung des Uhrwerkes unternommen. Guter gebrauchter Zustand mit m\u00e4\u00dfigen Gebrauchsspuren.  &nbsp;","og_url":"https:\/\/horologium.gr\/produkt\/seiko-andriko-koyrdisto\/","og_site_name":"Horologium","article_modified_time":"2020-05-28T20:37:20+00:00","og_image":[{"width":1200,"height":1200,"url":"https:\/\/horologium.gr\/wp-content\/uploads\/2018\/06\/GM0109036.png.png","type":"image\/png"}],"twitter_card":"summary_large_image","schema":{"@context":"https:\/\/schema.org","@graph":[{"@type":"WebPage","@id":"https:\/\/horologium.gr\/produkt\/seiko-andriko-koyrdisto\/","url":"https:\/\/horologium.gr\/produkt\/seiko-andriko-koyrdisto\/","name":"SEIKO Herrenuhr Mechanischer-Handaufzug 7000-8010 (80's) - Horologium","isPartOf":{"@id":"https:\/\/horologium.gr\/#website"},"primaryImageOfPage":{"@id":"https:\/\/horologium.gr\/produkt\/seiko-andriko-koyrdisto\/#primaryimage"},"image":{"@id":"https:\/\/horologium.gr\/produkt\/seiko-andriko-koyrdisto\/#primaryimage"},"thumbnailUrl":"https:\/\/horologium.gr\/wp-content\/uploads\/2018\/06\/GM0109036.png.png","datePublished":"2018-06-02T18:18:50+00:00","dateModified":"2020-05-28T20:37:20+00:00","breadcrumb":{"@id":"https:\/\/horologium.gr\/produkt\/seiko-andriko-koyrdisto\/#breadcrumb"},"inLanguage":"de","potentialAction":[{"@type":"ReadAction","target":["https:\/\/horologium.gr\/produkt\/seiko-andriko-koyrdisto\/"]}]},{"@type":"ImageObject","inLanguage":"de","@id":"https:\/\/horologium.gr\/produkt\/seiko-andriko-koyrdisto\/#primaryimage","url":"https:\/\/horologium.gr\/wp-content\/uploads\/2018\/06\/GM0109036.png.png","contentUrl":"https:\/\/horologium.gr\/wp-content\/uploads\/2018\/06\/GM0109036.png.png","width":1200,"height":1200},{"@type":"BreadcrumbList","@id":"https:\/\/horologium.gr\/produkt\/seiko-andriko-koyrdisto\/#breadcrumb","itemListElement":[{"@type":"ListItem","position":1,"name":"Home","item":"https:\/\/horologium.gr\/de\/"},{"@type":"ListItem","position":2,"name":"Shop","item":"https:\/\/horologium.gr\/de\/shop\/"},{"@type":"ListItem","position":3,"name":"SEIKO Herrenuhr Mechanischer-Handaufzug 7000-8010 (80&#8217;s)"}]},{"@type":"WebSite","@id":"https:\/\/horologium.gr\/#website","url":"https:\/\/horologium.gr\/","name":"Horologium","description":"","potentialAction":[{"@type":"SearchAction","target":{"@type":"EntryPoint","urlTemplate":"https:\/\/horologium.gr\/?s={search_term_string}"},"query-input":{"@type":"PropertyValueSpecification","valueRequired":true,"valueName":"search_term_string"}}],"inLanguage":"de"}]}},"jetpack_sharing_enabled":true,"jetpack_likes_enabled":true,"_links":{"self":[{"href":"https:\/\/horologium.gr\/de\/wp-json\/wp\/v2\/product\/1867","targetHints":{"allow":["GET"]}}],"collection":[{"href":"https:\/\/horologium.gr\/de\/wp-json\/wp\/v2\/product"}],"about":[{"href":"https:\/\/horologium.gr\/de\/wp-json\/wp\/v2\/types\/product"}],"wp:featuredmedia":[{"embeddable":true,"href":"https:\/\/horologium.gr\/de\/wp-json\/wp\/v2\/media\/2476"}],"wp:attachment":[{"href":"https:\/\/horologium.gr\/de\/wp-json\/wp\/v2\/media?parent=1867"}],"wp:term":[{"taxonomy":"product_cat","embeddable":true,"href":"https:\/\/horologium.gr\/de\/wp-json\/wp\/v2\/product_cat?post=1867"},{"taxonomy":"product_tag","embeddable":true,"href":"https:\/\/horologium.gr\/de\/wp-json\/wp\/v2\/product_tag?post=1867"}],"curies":[{"name":"wp","href":"https:\/\/api.w.org\/{rel}","templated":true}]}}