{"id":1853,"date":"2018-06-02T21:16:45","date_gmt":"2018-06-02T18:16:45","guid":{"rendered":"https:\/\/horologium.gr\/product\/seiko-5-herrenuhr-automatisch-10\/"},"modified":"2021-01-03T19:46:17","modified_gmt":"2021-01-03T17:46:17","slug":"seiko-5-herrenuhr-automatisch-10","status":"publish","type":"product","link":"https:\/\/horologium.gr\/de\/produkt\/seiko-5-herrenuhr-automatisch-10\/","title":{"rendered":"SEIKO 5 Herrenuhr Automatisch 7009-4040 (1984)"},"content":{"rendered":"","protected":false},"excerpt":{"rendered":"<p>Eine wundersch\u00f6ne SEIKO 5 Herrenuhr mit einem dunkelblauen Zifferblatt mit Tages und Datumsanzeige, auch in italienischer Sprache von 1984. Sie tr\u00e4gt ein automatisches Uhrwerk 7009-4040. Leuchtende Zeiger und Leuchtindizes unterstreichen ihre klassische Linie. Die Uhr l\u00e4uft, k\u00fcrzlich wurde eine professionelle Reinigung des Uhrwerkes unternommen. Guter gebrauchter Zustand mit m\u00e4\u00dfigen Gebrauchsspuren.<\/p>\n","protected":false},"featured_media":8947,"template":"","meta":{"jetpack_publicize_message":"","jetpack_publicize_feature_enabled":true,"jetpack_social_post_already_shared":true,"jetpack_social_options":{"image_generator_settings":{"template":"highway","enabled":false},"version":2}},"product_cat":[408,1216],"product_tag":[418,412,430,886],"class_list":{"0":"post-1853","1":"product","2":"type-product","3":"status-publish","4":"has-post-thumbnail","6":"product_cat-herrenuhr","7":"product_cat-unisex-de","8":"product_tag-automatisch","9":"product_tag-gebraucht","10":"product_tag-mit-metallband","11":"product_tag-vintage-de","13":"first","14":"outofstock","15":"shipping-taxable","16":"purchasable","17":"product-type-simple"},"jetpack_publicize_connections":[],"acf":[],"yoast_head":"<!-- This site is optimized with the Yoast SEO plugin v23.8 - https:\/\/yoast.com\/wordpress\/plugins\/seo\/ -->\n<title>SEIKO 5 Herrenuhr Automatisch 7009-4040 (1984) - Horologium<\/title>\n<meta name=\"robots\" content=\"index, follow, max-snippet:-1, max-image-preview:large, max-video-preview:-1\" \/>\n<link rel=\"canonical\" href=\"https:\/\/horologium.gr\/produkt\/seiko-5-andriko-aytomato-2\/\" \/>\n<meta property=\"og:locale\" content=\"de_DE\" \/>\n<meta property=\"og:type\" content=\"article\" \/>\n<meta property=\"og:title\" content=\"SEIKO 5 Herrenuhr Automatisch 7009-4040 (1984) - Horologium\" \/>\n<meta property=\"og:description\" content=\"Eine wundersch\u00f6ne SEIKO 5 Herrenuhr mit einem dunkelblauen Zifferblatt mit Tages und Datumsanzeige, auch in italienischer Sprache von 1984. Sie tr\u00e4gt ein automatisches Uhrwerk 7009-4040. Leuchtende Zeiger und Leuchtindizes unterstreichen ihre klassische Linie. Die Uhr l\u00e4uft, k\u00fcrzlich wurde eine professionelle Reinigung des Uhrwerkes unternommen. Guter gebrauchter Zustand mit m\u00e4\u00dfigen Gebrauchsspuren.\" \/>\n<meta property=\"og:url\" content=\"https:\/\/horologium.gr\/produkt\/seiko-5-andriko-aytomato-2\/\" \/>\n<meta property=\"og:site_name\" content=\"Horologium\" \/>\n<meta property=\"article:modified_time\" content=\"2021-01-03T17:46:17+00:00\" \/>\n<meta property=\"og:image\" content=\"https:\/\/horologium.gr\/wp-content\/uploads\/2018\/06\/GA01090035bg.jpg\" \/>\n\t<meta property=\"og:image:width\" content=\"1400\" \/>\n\t<meta property=\"og:image:height\" content=\"1051\" \/>\n\t<meta property=\"og:image:type\" content=\"image\/jpeg\" \/>\n<meta name=\"twitter:card\" content=\"summary_large_image\" \/>\n<script type=\"application\/ld+json\" class=\"yoast-schema-graph\">{\"@context\":\"https:\/\/schema.org\",\"@graph\":[{\"@type\":\"WebPage\",\"@id\":\"https:\/\/horologium.gr\/produkt\/seiko-5-andriko-aytomato-2\/\",\"url\":\"https:\/\/horologium.gr\/produkt\/seiko-5-andriko-aytomato-2\/\",\"name\":\"SEIKO 5 Herrenuhr Automatisch 7009-4040 (1984) - Horologium\",\"isPartOf\":{\"@id\":\"https:\/\/horologium.gr\/#website\"},\"primaryImageOfPage\":{\"@id\":\"https:\/\/horologium.gr\/produkt\/seiko-5-andriko-aytomato-2\/#primaryimage\"},\"image\":{\"@id\":\"https:\/\/horologium.gr\/produkt\/seiko-5-andriko-aytomato-2\/#primaryimage\"},\"thumbnailUrl\":\"https:\/\/horologium.gr\/wp-content\/uploads\/2018\/06\/GA01090035bg.jpg\",\"datePublished\":\"2018-06-02T18:16:45+00:00\",\"dateModified\":\"2021-01-03T17:46:17+00:00\",\"breadcrumb\":{\"@id\":\"https:\/\/horologium.gr\/produkt\/seiko-5-andriko-aytomato-2\/#breadcrumb\"},\"inLanguage\":\"de\",\"potentialAction\":[{\"@type\":\"ReadAction\",\"target\":[\"https:\/\/horologium.gr\/produkt\/seiko-5-andriko-aytomato-2\/\"]}]},{\"@type\":\"ImageObject\",\"inLanguage\":\"de\",\"@id\":\"https:\/\/horologium.gr\/produkt\/seiko-5-andriko-aytomato-2\/#primaryimage\",\"url\":\"https:\/\/horologium.gr\/wp-content\/uploads\/2018\/06\/GA01090035bg.jpg\",\"contentUrl\":\"https:\/\/horologium.gr\/wp-content\/uploads\/2018\/06\/GA01090035bg.jpg\",\"width\":1400,\"height\":1051},{\"@type\":\"BreadcrumbList\",\"@id\":\"https:\/\/horologium.gr\/produkt\/seiko-5-andriko-aytomato-2\/#breadcrumb\",\"itemListElement\":[{\"@type\":\"ListItem\",\"position\":1,\"name\":\"Home\",\"item\":\"https:\/\/horologium.gr\/de\/\"},{\"@type\":\"ListItem\",\"position\":2,\"name\":\"Shop\",\"item\":\"https:\/\/horologium.gr\/de\/shop\/\"},{\"@type\":\"ListItem\",\"position\":3,\"name\":\"SEIKO 5 Herrenuhr Automatisch 7009-4040 (1984)\"}]},{\"@type\":\"WebSite\",\"@id\":\"https:\/\/horologium.gr\/#website\",\"url\":\"https:\/\/horologium.gr\/\",\"name\":\"Horologium\",\"description\":\"\",\"potentialAction\":[{\"@type\":\"SearchAction\",\"target\":{\"@type\":\"EntryPoint\",\"urlTemplate\":\"https:\/\/horologium.gr\/?s={search_term_string}\"},\"query-input\":{\"@type\":\"PropertyValueSpecification\",\"valueRequired\":true,\"valueName\":\"search_term_string\"}}],\"inLanguage\":\"de\"}]}<\/script>\n<!-- \/ Yoast SEO plugin. -->","yoast_head_json":{"title":"SEIKO 5 Herrenuhr Automatisch 7009-4040 (1984) - Horologium","robots":{"index":"index","follow":"follow","max-snippet":"max-snippet:-1","max-image-preview":"max-image-preview:large","max-video-preview":"max-video-preview:-1"},"canonical":"https:\/\/horologium.gr\/produkt\/seiko-5-andriko-aytomato-2\/","og_locale":"de_DE","og_type":"article","og_title":"SEIKO 5 Herrenuhr Automatisch 7009-4040 (1984) - Horologium","og_description":"Eine wundersch\u00f6ne SEIKO 5 Herrenuhr mit einem dunkelblauen Zifferblatt mit Tages und Datumsanzeige, auch in italienischer Sprache von 1984. Sie tr\u00e4gt ein automatisches Uhrwerk 7009-4040. Leuchtende Zeiger und Leuchtindizes unterstreichen ihre klassische Linie. Die Uhr l\u00e4uft, k\u00fcrzlich wurde eine professionelle Reinigung des Uhrwerkes unternommen. Guter gebrauchter Zustand mit m\u00e4\u00dfigen Gebrauchsspuren.","og_url":"https:\/\/horologium.gr\/produkt\/seiko-5-andriko-aytomato-2\/","og_site_name":"Horologium","article_modified_time":"2021-01-03T17:46:17+00:00","og_image":[{"width":1400,"height":1051,"url":"https:\/\/horologium.gr\/wp-content\/uploads\/2018\/06\/GA01090035bg.jpg","type":"image\/jpeg"}],"twitter_card":"summary_large_image","schema":{"@context":"https:\/\/schema.org","@graph":[{"@type":"WebPage","@id":"https:\/\/horologium.gr\/produkt\/seiko-5-andriko-aytomato-2\/","url":"https:\/\/horologium.gr\/produkt\/seiko-5-andriko-aytomato-2\/","name":"SEIKO 5 Herrenuhr Automatisch 7009-4040 (1984) - Horologium","isPartOf":{"@id":"https:\/\/horologium.gr\/#website"},"primaryImageOfPage":{"@id":"https:\/\/horologium.gr\/produkt\/seiko-5-andriko-aytomato-2\/#primaryimage"},"image":{"@id":"https:\/\/horologium.gr\/produkt\/seiko-5-andriko-aytomato-2\/#primaryimage"},"thumbnailUrl":"https:\/\/horologium.gr\/wp-content\/uploads\/2018\/06\/GA01090035bg.jpg","datePublished":"2018-06-02T18:16:45+00:00","dateModified":"2021-01-03T17:46:17+00:00","breadcrumb":{"@id":"https:\/\/horologium.gr\/produkt\/seiko-5-andriko-aytomato-2\/#breadcrumb"},"inLanguage":"de","potentialAction":[{"@type":"ReadAction","target":["https:\/\/horologium.gr\/produkt\/seiko-5-andriko-aytomato-2\/"]}]},{"@type":"ImageObject","inLanguage":"de","@id":"https:\/\/horologium.gr\/produkt\/seiko-5-andriko-aytomato-2\/#primaryimage","url":"https:\/\/horologium.gr\/wp-content\/uploads\/2018\/06\/GA01090035bg.jpg","contentUrl":"https:\/\/horologium.gr\/wp-content\/uploads\/2018\/06\/GA01090035bg.jpg","width":1400,"height":1051},{"@type":"BreadcrumbList","@id":"https:\/\/horologium.gr\/produkt\/seiko-5-andriko-aytomato-2\/#breadcrumb","itemListElement":[{"@type":"ListItem","position":1,"name":"Home","item":"https:\/\/horologium.gr\/de\/"},{"@type":"ListItem","position":2,"name":"Shop","item":"https:\/\/horologium.gr\/de\/shop\/"},{"@type":"ListItem","position":3,"name":"SEIKO 5 Herrenuhr Automatisch 7009-4040 (1984)"}]},{"@type":"WebSite","@id":"https:\/\/horologium.gr\/#website","url":"https:\/\/horologium.gr\/","name":"Horologium","description":"","potentialAction":[{"@type":"SearchAction","target":{"@type":"EntryPoint","urlTemplate":"https:\/\/horologium.gr\/?s={search_term_string}"},"query-input":{"@type":"PropertyValueSpecification","valueRequired":true,"valueName":"search_term_string"}}],"inLanguage":"de"}]}},"jetpack_sharing_enabled":true,"jetpack_likes_enabled":true,"_links":{"self":[{"href":"https:\/\/horologium.gr\/de\/wp-json\/wp\/v2\/product\/1853","targetHints":{"allow":["GET"]}}],"collection":[{"href":"https:\/\/horologium.gr\/de\/wp-json\/wp\/v2\/product"}],"about":[{"href":"https:\/\/horologium.gr\/de\/wp-json\/wp\/v2\/types\/product"}],"wp:featuredmedia":[{"embeddable":true,"href":"https:\/\/horologium.gr\/de\/wp-json\/wp\/v2\/media\/8947"}],"wp:attachment":[{"href":"https:\/\/horologium.gr\/de\/wp-json\/wp\/v2\/media?parent=1853"}],"wp:term":[{"taxonomy":"product_cat","embeddable":true,"href":"https:\/\/horologium.gr\/de\/wp-json\/wp\/v2\/product_cat?post=1853"},{"taxonomy":"product_tag","embeddable":true,"href":"https:\/\/horologium.gr\/de\/wp-json\/wp\/v2\/product_tag?post=1853"}],"curies":[{"name":"wp","href":"https:\/\/api.w.org\/{rel}","templated":true}]}}