{"id":1066,"date":"2018-03-05T14:26:30","date_gmt":"2018-03-05T12:26:30","guid":{"rendered":"https:\/\/horologium.gr\/product\/orient-damenuhr-quarz-batterie\/"},"modified":"2019-06-20T16:47:00","modified_gmt":"2019-06-20T13:47:00","slug":"orient-damenuhr-quarz-batterie","status":"publish","type":"product","link":"https:\/\/horologium.gr\/de\/produkt\/orient-damenuhr-quarz-batterie\/","title":{"rendered":"Orient Damenuhr Quarz &#8211; Batterie"},"content":{"rendered":"","protected":false},"excerpt":{"rendered":"<p>Eine ORIENT Damenuhr mit einem klassischen silbernen Zifferblatt. Sie tr\u00e4gt ein Quarz Uhrwerk B05078.00. Die runde Form des Geh\u00e4uses in Kombination mit dem Gold-Silber-Armband schafft ein sch\u00f6nes Detail. Die Uhr ist in Betrieb und in einem sehr guten Zustand sie ist neu aus altem Bestand (NOS-New Old Stock).<\/p>\n","protected":false},"featured_media":9024,"template":"","meta":{"jetpack_publicize_message":"","jetpack_publicize_feature_enabled":true,"jetpack_social_post_already_shared":true,"jetpack_social_options":{"image_generator_settings":{"template":"highway","enabled":false},"version":2}},"product_cat":[409,1216],"product_tag":[430,423,439],"class_list":{"0":"post-1066","1":"product","2":"type-product","3":"status-publish","4":"has-post-thumbnail","6":"product_cat-damenuhr","7":"product_cat-unisex-de","8":"product_tag-mit-metallband","9":"product_tag-neu","10":"product_tag-quarz","12":"first","13":"instock","14":"shipping-taxable","15":"purchasable","16":"product-type-simple"},"jetpack_publicize_connections":[],"acf":[],"yoast_head":"<!-- This site is optimized with the Yoast SEO plugin v23.8 - https:\/\/yoast.com\/wordpress\/plugins\/seo\/ -->\n<title>Orient Damenuhr Quarz - Batterie - Horologium<\/title>\n<meta name=\"robots\" content=\"index, follow, max-snippet:-1, max-image-preview:large, max-video-preview:-1\" \/>\n<link rel=\"canonical\" href=\"https:\/\/horologium.gr\/produkt\/orient-gynekio-quartz-batarias-3\/\" \/>\n<meta property=\"og:locale\" content=\"de_DE\" \/>\n<meta property=\"og:type\" content=\"article\" \/>\n<meta property=\"og:title\" content=\"Orient Damenuhr Quarz - Batterie - Horologium\" \/>\n<meta property=\"og:description\" content=\"Eine ORIENT Damenuhr mit einem klassischen silbernen Zifferblatt. Sie tr\u00e4gt ein Quarz Uhrwerk B05078.00. Die runde Form des Geh\u00e4uses in Kombination mit dem Gold-Silber-Armband schafft ein sch\u00f6nes Detail. Die Uhr ist in Betrieb und in einem sehr guten Zustand sie ist neu aus altem Bestand (NOS-New Old Stock).\" \/>\n<meta property=\"og:url\" content=\"https:\/\/horologium.gr\/produkt\/orient-gynekio-quartz-batarias-3\/\" \/>\n<meta property=\"og:site_name\" content=\"Horologium\" \/>\n<meta property=\"article:modified_time\" content=\"2019-06-20T13:47:00+00:00\" \/>\n<meta property=\"og:image\" content=\"https:\/\/horologium.gr\/wp-content\/uploads\/2018\/03\/NQ02090026bg.jpg\" \/>\n\t<meta property=\"og:image:width\" content=\"1400\" \/>\n\t<meta property=\"og:image:height\" content=\"1266\" \/>\n\t<meta property=\"og:image:type\" content=\"image\/jpeg\" \/>\n<meta name=\"twitter:card\" content=\"summary_large_image\" \/>\n<script type=\"application\/ld+json\" class=\"yoast-schema-graph\">{\"@context\":\"https:\/\/schema.org\",\"@graph\":[{\"@type\":\"WebPage\",\"@id\":\"https:\/\/horologium.gr\/produkt\/orient-gynekio-quartz-batarias-3\/\",\"url\":\"https:\/\/horologium.gr\/produkt\/orient-gynekio-quartz-batarias-3\/\",\"name\":\"Orient Damenuhr Quarz - Batterie - Horologium\",\"isPartOf\":{\"@id\":\"https:\/\/horologium.gr\/#website\"},\"primaryImageOfPage\":{\"@id\":\"https:\/\/horologium.gr\/produkt\/orient-gynekio-quartz-batarias-3\/#primaryimage\"},\"image\":{\"@id\":\"https:\/\/horologium.gr\/produkt\/orient-gynekio-quartz-batarias-3\/#primaryimage\"},\"thumbnailUrl\":\"https:\/\/horologium.gr\/wp-content\/uploads\/2018\/03\/NQ02090026bg.jpg\",\"datePublished\":\"2018-03-05T12:26:30+00:00\",\"dateModified\":\"2019-06-20T13:47:00+00:00\",\"breadcrumb\":{\"@id\":\"https:\/\/horologium.gr\/produkt\/orient-gynekio-quartz-batarias-3\/#breadcrumb\"},\"inLanguage\":\"de\",\"potentialAction\":[{\"@type\":\"ReadAction\",\"target\":[\"https:\/\/horologium.gr\/produkt\/orient-gynekio-quartz-batarias-3\/\"]}]},{\"@type\":\"ImageObject\",\"inLanguage\":\"de\",\"@id\":\"https:\/\/horologium.gr\/produkt\/orient-gynekio-quartz-batarias-3\/#primaryimage\",\"url\":\"https:\/\/horologium.gr\/wp-content\/uploads\/2018\/03\/NQ02090026bg.jpg\",\"contentUrl\":\"https:\/\/horologium.gr\/wp-content\/uploads\/2018\/03\/NQ02090026bg.jpg\",\"width\":1400,\"height\":1266},{\"@type\":\"BreadcrumbList\",\"@id\":\"https:\/\/horologium.gr\/produkt\/orient-gynekio-quartz-batarias-3\/#breadcrumb\",\"itemListElement\":[{\"@type\":\"ListItem\",\"position\":1,\"name\":\"Home\",\"item\":\"https:\/\/horologium.gr\/de\/\"},{\"@type\":\"ListItem\",\"position\":2,\"name\":\"Shop\",\"item\":\"https:\/\/horologium.gr\/de\/shop\/\"},{\"@type\":\"ListItem\",\"position\":3,\"name\":\"Orient Damenuhr Quarz &#8211; Batterie\"}]},{\"@type\":\"WebSite\",\"@id\":\"https:\/\/horologium.gr\/#website\",\"url\":\"https:\/\/horologium.gr\/\",\"name\":\"Horologium\",\"description\":\"\",\"potentialAction\":[{\"@type\":\"SearchAction\",\"target\":{\"@type\":\"EntryPoint\",\"urlTemplate\":\"https:\/\/horologium.gr\/?s={search_term_string}\"},\"query-input\":{\"@type\":\"PropertyValueSpecification\",\"valueRequired\":true,\"valueName\":\"search_term_string\"}}],\"inLanguage\":\"de\"}]}<\/script>\n<!-- \/ Yoast SEO plugin. -->","yoast_head_json":{"title":"Orient Damenuhr Quarz - Batterie - Horologium","robots":{"index":"index","follow":"follow","max-snippet":"max-snippet:-1","max-image-preview":"max-image-preview:large","max-video-preview":"max-video-preview:-1"},"canonical":"https:\/\/horologium.gr\/produkt\/orient-gynekio-quartz-batarias-3\/","og_locale":"de_DE","og_type":"article","og_title":"Orient Damenuhr Quarz - Batterie - Horologium","og_description":"Eine ORIENT Damenuhr mit einem klassischen silbernen Zifferblatt. Sie tr\u00e4gt ein Quarz Uhrwerk B05078.00. Die runde Form des Geh\u00e4uses in Kombination mit dem Gold-Silber-Armband schafft ein sch\u00f6nes Detail. Die Uhr ist in Betrieb und in einem sehr guten Zustand sie ist neu aus altem Bestand (NOS-New Old Stock).","og_url":"https:\/\/horologium.gr\/produkt\/orient-gynekio-quartz-batarias-3\/","og_site_name":"Horologium","article_modified_time":"2019-06-20T13:47:00+00:00","og_image":[{"width":1400,"height":1266,"url":"https:\/\/horologium.gr\/wp-content\/uploads\/2018\/03\/NQ02090026bg.jpg","type":"image\/jpeg"}],"twitter_card":"summary_large_image","schema":{"@context":"https:\/\/schema.org","@graph":[{"@type":"WebPage","@id":"https:\/\/horologium.gr\/produkt\/orient-gynekio-quartz-batarias-3\/","url":"https:\/\/horologium.gr\/produkt\/orient-gynekio-quartz-batarias-3\/","name":"Orient Damenuhr Quarz - Batterie - Horologium","isPartOf":{"@id":"https:\/\/horologium.gr\/#website"},"primaryImageOfPage":{"@id":"https:\/\/horologium.gr\/produkt\/orient-gynekio-quartz-batarias-3\/#primaryimage"},"image":{"@id":"https:\/\/horologium.gr\/produkt\/orient-gynekio-quartz-batarias-3\/#primaryimage"},"thumbnailUrl":"https:\/\/horologium.gr\/wp-content\/uploads\/2018\/03\/NQ02090026bg.jpg","datePublished":"2018-03-05T12:26:30+00:00","dateModified":"2019-06-20T13:47:00+00:00","breadcrumb":{"@id":"https:\/\/horologium.gr\/produkt\/orient-gynekio-quartz-batarias-3\/#breadcrumb"},"inLanguage":"de","potentialAction":[{"@type":"ReadAction","target":["https:\/\/horologium.gr\/produkt\/orient-gynekio-quartz-batarias-3\/"]}]},{"@type":"ImageObject","inLanguage":"de","@id":"https:\/\/horologium.gr\/produkt\/orient-gynekio-quartz-batarias-3\/#primaryimage","url":"https:\/\/horologium.gr\/wp-content\/uploads\/2018\/03\/NQ02090026bg.jpg","contentUrl":"https:\/\/horologium.gr\/wp-content\/uploads\/2018\/03\/NQ02090026bg.jpg","width":1400,"height":1266},{"@type":"BreadcrumbList","@id":"https:\/\/horologium.gr\/produkt\/orient-gynekio-quartz-batarias-3\/#breadcrumb","itemListElement":[{"@type":"ListItem","position":1,"name":"Home","item":"https:\/\/horologium.gr\/de\/"},{"@type":"ListItem","position":2,"name":"Shop","item":"https:\/\/horologium.gr\/de\/shop\/"},{"@type":"ListItem","position":3,"name":"Orient Damenuhr Quarz &#8211; Batterie"}]},{"@type":"WebSite","@id":"https:\/\/horologium.gr\/#website","url":"https:\/\/horologium.gr\/","name":"Horologium","description":"","potentialAction":[{"@type":"SearchAction","target":{"@type":"EntryPoint","urlTemplate":"https:\/\/horologium.gr\/?s={search_term_string}"},"query-input":{"@type":"PropertyValueSpecification","valueRequired":true,"valueName":"search_term_string"}}],"inLanguage":"de"}]}},"jetpack_sharing_enabled":true,"jetpack_likes_enabled":true,"_links":{"self":[{"href":"https:\/\/horologium.gr\/de\/wp-json\/wp\/v2\/product\/1066","targetHints":{"allow":["GET"]}}],"collection":[{"href":"https:\/\/horologium.gr\/de\/wp-json\/wp\/v2\/product"}],"about":[{"href":"https:\/\/horologium.gr\/de\/wp-json\/wp\/v2\/types\/product"}],"wp:featuredmedia":[{"embeddable":true,"href":"https:\/\/horologium.gr\/de\/wp-json\/wp\/v2\/media\/9024"}],"wp:attachment":[{"href":"https:\/\/horologium.gr\/de\/wp-json\/wp\/v2\/media?parent=1066"}],"wp:term":[{"taxonomy":"product_cat","embeddable":true,"href":"https:\/\/horologium.gr\/de\/wp-json\/wp\/v2\/product_cat?post=1066"},{"taxonomy":"product_tag","embeddable":true,"href":"https:\/\/horologium.gr\/de\/wp-json\/wp\/v2\/product_tag?post=1066"}],"curies":[{"name":"wp","href":"https:\/\/api.w.org\/{rel}","templated":true}]}}