{"id":811,"date":"2018-03-02T17:18:25","date_gmt":"2018-03-02T15:18:25","guid":{"rendered":"http:\/\/horologium.gr\/?page_id=811"},"modified":"2018-11-16T19:17:23","modified_gmt":"2018-11-16T17:17:23","slug":"did-you-know-that","status":"publish","type":"page","link":"https:\/\/horologium.gr\/de\/ratschlaege\/did-you-know-that\/","title":{"rendered":"Wissen Sie das"},"content":{"rendered":"<p><img loading=\"lazy\" decoding=\"async\" class=\"alignleft size-medium wp-image-794\" src=\"https:\/\/horologium.gr\/wp-content\/uploads\/2018\/02\/watchprosite_com.jpg\" alt=\"\" width=\"300\" height=\"300\" srcset=\"https:\/\/horologium.gr\/wp-content\/uploads\/2018\/02\/watchprosite_com.jpg 500w, https:\/\/horologium.gr\/wp-content\/uploads\/2018\/02\/watchprosite_com-150x150.jpg 150w, https:\/\/horologium.gr\/wp-content\/uploads\/2018\/02\/watchprosite_com-300x300.jpg 300w, https:\/\/horologium.gr\/wp-content\/uploads\/2018\/02\/watchprosite_com-100x100.jpg 100w\" sizes=\"auto, (max-width: 300px) 100vw, 300px\" \/><\/p>\n<p>&nbsp;<\/p>\n<p>&nbsp;<\/p>\n<p>Das kleinste mechanische Uhrwerk der Welt ist das Kaliber Jaeger-LeCoultre 101. Es enth\u00e4lt 98<br \/>\nTeile in einem Raum von 14 x 4,8 x 3,4 mm und wiegt nur 1 Gramm!<br \/>\nEs war die Wahl von K\u00f6nigin Elisabeth II.f\u00fcr ihre Kr\u00f6nung.<\/p>\n<p>&nbsp;<\/p>\n<p>&nbsp;<\/p>\n<p>&nbsp;<\/p>\n<p>&nbsp;<\/p>\n<p>&nbsp;<\/p>\n<p>&nbsp;<\/p>\n<p>&nbsp;<\/p>\n<p><img loading=\"lazy\" decoding=\"async\" class=\"size-medium wp-image-790 alignleft\" src=\"https:\/\/horologium.gr\/wp-content\/uploads\/2018\/02\/Rolex-Oyster-1926-watch-2.jpg\" alt=\"\" width=\"300\" height=\"256\" srcset=\"https:\/\/horologium.gr\/wp-content\/uploads\/2018\/02\/Rolex-Oyster-1926-watch-2.jpg 860w, https:\/\/horologium.gr\/wp-content\/uploads\/2018\/02\/Rolex-Oyster-1926-watch-2-300x256.jpg 300w, https:\/\/horologium.gr\/wp-content\/uploads\/2018\/02\/Rolex-Oyster-1926-watch-2-768x655.jpg 768w, https:\/\/horologium.gr\/wp-content\/uploads\/2018\/02\/Rolex-Oyster-1926-watch-2-600x512.jpg 600w\" sizes=\"auto, (max-width: 300px) 100vw, 300px\" \/><\/p>\n<p>&nbsp;<\/p>\n<p>&nbsp;<\/p>\n<p>Im Jahr 1926 schuf Rolex die Oyster, die erste wasserdichte und staubdichte Uhr. Um seine<br \/>\nWasserbest\u00e4ndigkeit zu beweisen, bat der Gr\u00fcnder von Rolex Hans Wilsdorf eine junge<br \/>\nenglische Schwimmerin namens Mercedes Gleitze, sie zu tragen, als sie versuchte, den<br \/>\n\u00c4rmelkanal 1927 zu schwimmen. Sie erreichte es und wurde Titelseite der Daily Mail.<\/p>\n<p>&nbsp;<\/p>\n<p>&nbsp;<\/p>\n<p>&nbsp;<\/p>\n<p>&nbsp;<\/p>\n<p>&nbsp;<\/p>\n<p><img loading=\"lazy\" decoding=\"async\" class=\"alignleft size-medium wp-image-798\" src=\"https:\/\/horologium.gr\/wp-content\/uploads\/2018\/02\/IWC-pallweber-pocket-watch.jpg\" alt=\"\" width=\"300\" height=\"200\" srcset=\"https:\/\/horologium.gr\/wp-content\/uploads\/2018\/02\/IWC-pallweber-pocket-watch.jpg 2100w, https:\/\/horologium.gr\/wp-content\/uploads\/2018\/02\/IWC-pallweber-pocket-watch-300x200.jpg 300w, https:\/\/horologium.gr\/wp-content\/uploads\/2018\/02\/IWC-pallweber-pocket-watch-768x512.jpg 768w, https:\/\/horologium.gr\/wp-content\/uploads\/2018\/02\/IWC-pallweber-pocket-watch-1024x683.jpg 1024w, https:\/\/horologium.gr\/wp-content\/uploads\/2018\/02\/IWC-pallweber-pocket-watch-600x400.jpg 600w\" sizes=\"auto, (max-width: 300px) 100vw, 300px\" \/><\/p>\n<p>&nbsp;<\/p>\n<p>&nbsp;<\/p>\n<p>Die erste Jockey-Uhr, die die Zeit proportional und mechanisch darstellte, war der Pallweber,<br \/>\nder 1885 von der IWC hergestellt wurde.<\/p>\n<p>&nbsp;<\/p>\n<p>&nbsp;<\/p>\n<p>&nbsp;<\/p>\n<p>&nbsp;<\/p>\n<p>&nbsp;<\/p>\n<p>&nbsp;<\/p>\n<p>&nbsp;<\/p>\n<p><img loading=\"lazy\" decoding=\"async\" class=\"alignleft size-medium wp-image-786\" src=\"https:\/\/horologium.gr\/wp-content\/uploads\/2018\/02\/patek-philippe-henry-graves-supercomplication-Watch-0005.jpg\" alt=\"\" width=\"300\" height=\"158\" srcset=\"https:\/\/horologium.gr\/wp-content\/uploads\/2018\/02\/patek-philippe-henry-graves-supercomplication-Watch-0005.jpg 640w, https:\/\/horologium.gr\/wp-content\/uploads\/2018\/02\/patek-philippe-henry-graves-supercomplication-Watch-0005-300x158.jpg 300w, https:\/\/horologium.gr\/wp-content\/uploads\/2018\/02\/patek-philippe-henry-graves-supercomplication-Watch-0005-600x316.jpg 600w\" sizes=\"auto, (max-width: 300px) 100vw, 300px\" \/><\/p>\n<p>&nbsp;<\/p>\n<p>Die Patek Philippe Henry Graves Supercomplication von 1933, mit 23 separaten Funktionen, ist die komplizierteste Uhr, die ohne die Hilfe eines Computers entworfen wurde.<\/p>\n<p>&nbsp;<\/p>\n<p>&nbsp;<\/p>\n<p>&nbsp;<\/p>\n","protected":false},"excerpt":{"rendered":"<p>&nbsp; &nbsp; Das kleinste mechanische Uhrwerk der Welt ist das Kaliber Jaeger-LeCoultre 101. Es enth\u00e4lt 98 Teile in einem Raum von 14 x 4,8 x 3,4 mm und wiegt nur 1 Gramm! Es war die Wahl von K\u00f6nigin Elisabeth II.f\u00fcr ihre Kr\u00f6nung. &nbsp; &nbsp; &nbsp; &nbsp; &nbsp; &nbsp; &nbsp; &nbsp; &nbsp; Im Jahr 1926 schuf [&hellip;]<\/p>\n","protected":false},"author":2,"featured_media":0,"parent":1669,"menu_order":0,"comment_status":"closed","ping_status":"closed","template":"","meta":{"footnotes":""},"class_list":["post-811","page","type-page","status-publish","hentry"],"acf":[],"yoast_head":"<!-- This site is optimized with the Yoast SEO plugin v23.8 - https:\/\/yoast.com\/wordpress\/plugins\/seo\/ -->\n<title>Wissen Sie das - Horologium<\/title>\n<meta name=\"robots\" content=\"index, follow, max-snippet:-1, max-image-preview:large, max-video-preview:-1\" \/>\n<link rel=\"canonical\" href=\"https:\/\/horologium.gr\/symvoyles\/ixeres-oti\/\" \/>\n<meta property=\"og:locale\" content=\"de_DE\" \/>\n<meta property=\"og:type\" content=\"article\" \/>\n<meta property=\"og:title\" content=\"Wissen Sie das - Horologium\" \/>\n<meta property=\"og:description\" content=\"&nbsp; &nbsp; Das kleinste mechanische Uhrwerk der Welt ist das Kaliber Jaeger-LeCoultre 101. Es enth\u00e4lt 98 Teile in einem Raum von 14 x 4,8 x 3,4 mm und wiegt nur 1 Gramm! Es war die Wahl von K\u00f6nigin Elisabeth II.f\u00fcr ihre Kr\u00f6nung. &nbsp; &nbsp; &nbsp; &nbsp; &nbsp; &nbsp; &nbsp; &nbsp; &nbsp; Im Jahr 1926 schuf [&hellip;]\" \/>\n<meta property=\"og:url\" content=\"https:\/\/horologium.gr\/symvoyles\/ixeres-oti\/\" \/>\n<meta property=\"og:site_name\" content=\"Horologium\" \/>\n<meta property=\"article:modified_time\" content=\"2018-11-16T17:17:23+00:00\" \/>\n<meta property=\"og:image\" content=\"https:\/\/horologium.gr\/wp-content\/uploads\/2018\/02\/watchprosite_com.jpg\" \/>\n\t<meta property=\"og:image:width\" content=\"500\" \/>\n\t<meta property=\"og:image:height\" content=\"500\" \/>\n\t<meta property=\"og:image:type\" content=\"image\/jpeg\" \/>\n<meta name=\"twitter:card\" content=\"summary_large_image\" \/>\n<meta name=\"twitter:label1\" content=\"Gesch\u00e4tzte Lesezeit\" \/>\n\t<meta name=\"twitter:data1\" content=\"1\u00a0Minute\" \/>\n<script type=\"application\/ld+json\" class=\"yoast-schema-graph\">{\"@context\":\"https:\/\/schema.org\",\"@graph\":[{\"@type\":\"WebPage\",\"@id\":\"https:\/\/horologium.gr\/symvoyles\/ixeres-oti\/\",\"url\":\"https:\/\/horologium.gr\/symvoyles\/ixeres-oti\/\",\"name\":\"Wissen Sie das - Horologium\",\"isPartOf\":{\"@id\":\"https:\/\/horologium.gr\/#website\"},\"primaryImageOfPage\":{\"@id\":\"https:\/\/horologium.gr\/symvoyles\/ixeres-oti\/#primaryimage\"},\"image\":{\"@id\":\"https:\/\/horologium.gr\/symvoyles\/ixeres-oti\/#primaryimage\"},\"thumbnailUrl\":\"https:\/\/horologium.gr\/wp-content\/uploads\/2018\/02\/watchprosite_com.jpg\",\"datePublished\":\"2018-03-02T15:18:25+00:00\",\"dateModified\":\"2018-11-16T17:17:23+00:00\",\"breadcrumb\":{\"@id\":\"https:\/\/horologium.gr\/symvoyles\/ixeres-oti\/#breadcrumb\"},\"inLanguage\":\"de\",\"potentialAction\":[{\"@type\":\"ReadAction\",\"target\":[\"https:\/\/horologium.gr\/symvoyles\/ixeres-oti\/\"]}]},{\"@type\":\"ImageObject\",\"inLanguage\":\"de\",\"@id\":\"https:\/\/horologium.gr\/symvoyles\/ixeres-oti\/#primaryimage\",\"url\":\"https:\/\/horologium.gr\/wp-content\/uploads\/2018\/02\/watchprosite_com.jpg\",\"contentUrl\":\"https:\/\/horologium.gr\/wp-content\/uploads\/2018\/02\/watchprosite_com.jpg\"},{\"@type\":\"BreadcrumbList\",\"@id\":\"https:\/\/horologium.gr\/symvoyles\/ixeres-oti\/#breadcrumb\",\"itemListElement\":[{\"@type\":\"ListItem\",\"position\":1,\"name\":\"Home\",\"item\":\"https:\/\/horologium.gr\/de\/\"},{\"@type\":\"ListItem\",\"position\":2,\"name\":\"Ratschl\u00e4ge\",\"item\":\"https:\/\/horologium.gr\/symvoyles\/\"},{\"@type\":\"ListItem\",\"position\":3,\"name\":\"Wissen Sie das\"}]},{\"@type\":\"WebSite\",\"@id\":\"https:\/\/horologium.gr\/#website\",\"url\":\"https:\/\/horologium.gr\/\",\"name\":\"Horologium\",\"description\":\"\",\"potentialAction\":[{\"@type\":\"SearchAction\",\"target\":{\"@type\":\"EntryPoint\",\"urlTemplate\":\"https:\/\/horologium.gr\/?s={search_term_string}\"},\"query-input\":{\"@type\":\"PropertyValueSpecification\",\"valueRequired\":true,\"valueName\":\"search_term_string\"}}],\"inLanguage\":\"de\"}]}<\/script>\n<!-- \/ Yoast SEO plugin. -->","yoast_head_json":{"title":"Wissen Sie das - Horologium","robots":{"index":"index","follow":"follow","max-snippet":"max-snippet:-1","max-image-preview":"max-image-preview:large","max-video-preview":"max-video-preview:-1"},"canonical":"https:\/\/horologium.gr\/symvoyles\/ixeres-oti\/","og_locale":"de_DE","og_type":"article","og_title":"Wissen Sie das - Horologium","og_description":"&nbsp; &nbsp; Das kleinste mechanische Uhrwerk der Welt ist das Kaliber Jaeger-LeCoultre 101. Es enth\u00e4lt 98 Teile in einem Raum von 14 x 4,8 x 3,4 mm und wiegt nur 1 Gramm! Es war die Wahl von K\u00f6nigin Elisabeth II.f\u00fcr ihre Kr\u00f6nung. &nbsp; &nbsp; &nbsp; &nbsp; &nbsp; &nbsp; &nbsp; &nbsp; &nbsp; Im Jahr 1926 schuf [&hellip;]","og_url":"https:\/\/horologium.gr\/symvoyles\/ixeres-oti\/","og_site_name":"Horologium","article_modified_time":"2018-11-16T17:17:23+00:00","og_image":[{"width":500,"height":500,"url":"https:\/\/horologium.gr\/wp-content\/uploads\/2018\/02\/watchprosite_com.jpg","type":"image\/jpeg"}],"twitter_card":"summary_large_image","twitter_misc":{"Gesch\u00e4tzte Lesezeit":"1\u00a0Minute"},"schema":{"@context":"https:\/\/schema.org","@graph":[{"@type":"WebPage","@id":"https:\/\/horologium.gr\/symvoyles\/ixeres-oti\/","url":"https:\/\/horologium.gr\/symvoyles\/ixeres-oti\/","name":"Wissen Sie das - Horologium","isPartOf":{"@id":"https:\/\/horologium.gr\/#website"},"primaryImageOfPage":{"@id":"https:\/\/horologium.gr\/symvoyles\/ixeres-oti\/#primaryimage"},"image":{"@id":"https:\/\/horologium.gr\/symvoyles\/ixeres-oti\/#primaryimage"},"thumbnailUrl":"https:\/\/horologium.gr\/wp-content\/uploads\/2018\/02\/watchprosite_com.jpg","datePublished":"2018-03-02T15:18:25+00:00","dateModified":"2018-11-16T17:17:23+00:00","breadcrumb":{"@id":"https:\/\/horologium.gr\/symvoyles\/ixeres-oti\/#breadcrumb"},"inLanguage":"de","potentialAction":[{"@type":"ReadAction","target":["https:\/\/horologium.gr\/symvoyles\/ixeres-oti\/"]}]},{"@type":"ImageObject","inLanguage":"de","@id":"https:\/\/horologium.gr\/symvoyles\/ixeres-oti\/#primaryimage","url":"https:\/\/horologium.gr\/wp-content\/uploads\/2018\/02\/watchprosite_com.jpg","contentUrl":"https:\/\/horologium.gr\/wp-content\/uploads\/2018\/02\/watchprosite_com.jpg"},{"@type":"BreadcrumbList","@id":"https:\/\/horologium.gr\/symvoyles\/ixeres-oti\/#breadcrumb","itemListElement":[{"@type":"ListItem","position":1,"name":"Home","item":"https:\/\/horologium.gr\/de\/"},{"@type":"ListItem","position":2,"name":"Ratschl\u00e4ge","item":"https:\/\/horologium.gr\/symvoyles\/"},{"@type":"ListItem","position":3,"name":"Wissen Sie das"}]},{"@type":"WebSite","@id":"https:\/\/horologium.gr\/#website","url":"https:\/\/horologium.gr\/","name":"Horologium","description":"","potentialAction":[{"@type":"SearchAction","target":{"@type":"EntryPoint","urlTemplate":"https:\/\/horologium.gr\/?s={search_term_string}"},"query-input":{"@type":"PropertyValueSpecification","valueRequired":true,"valueName":"search_term_string"}}],"inLanguage":"de"}]}},"jetpack_sharing_enabled":true,"jetpack_shortlink":"https:\/\/wp.me\/P9wHeh-d5","jetpack_likes_enabled":true,"_links":{"self":[{"href":"https:\/\/horologium.gr\/de\/wp-json\/wp\/v2\/pages\/811","targetHints":{"allow":["GET"]}}],"collection":[{"href":"https:\/\/horologium.gr\/de\/wp-json\/wp\/v2\/pages"}],"about":[{"href":"https:\/\/horologium.gr\/de\/wp-json\/wp\/v2\/types\/page"}],"author":[{"embeddable":true,"href":"https:\/\/horologium.gr\/de\/wp-json\/wp\/v2\/users\/2"}],"replies":[{"embeddable":true,"href":"https:\/\/horologium.gr\/de\/wp-json\/wp\/v2\/comments?post=811"}],"version-history":[{"count":5,"href":"https:\/\/horologium.gr\/de\/wp-json\/wp\/v2\/pages\/811\/revisions"}],"predecessor-version":[{"id":2364,"href":"https:\/\/horologium.gr\/de\/wp-json\/wp\/v2\/pages\/811\/revisions\/2364"}],"up":[{"embeddable":true,"href":"https:\/\/horologium.gr\/de\/wp-json\/wp\/v2\/pages\/1669"}],"wp:attachment":[{"href":"https:\/\/horologium.gr\/de\/wp-json\/wp\/v2\/media?parent=811"}],"curies":[{"name":"wp","href":"https:\/\/api.w.org\/{rel}","templated":true}]}}