{"id":753,"date":"2018-02-24T22:27:49","date_gmt":"2018-02-24T20:27:49","guid":{"rendered":"http:\/\/horologium.gr\/?page_id=753"},"modified":"2018-03-02T17:09:50","modified_gmt":"2018-03-02T15:09:50","slug":"garantie","status":"publish","type":"page","link":"https:\/\/horologium.gr\/de\/dienstleistungen\/garantie\/","title":{"rendered":"Garantie"},"content":{"rendered":"<p>Alle Reparaturen sind durch eine 12 Monaten Garantie f\u00fcr den korrekten Betrieb abgedeckt.<\/p>\n<p>Die Garantie beinhaltet:<br \/>\n\u2022 die Mechanismuseinstellungen<br \/>\n\u2022 Batterielebensdauer<br \/>\n\u2022 Versiegelung<br \/>\n\u2022 korrekte Positionierung des Kristalls und der Indikatoren<\/p>\n<p>Die Garantie deckt keine Sch\u00e4den durch normale Abnutzung (Verwendung \/ Zeit)\u00a0oder unsachgem\u00e4\u00dfe Verwendung (Unfall, versuchter Reparatur, Fahrl\u00e4ssigkeit oder Nichtbeachtung der grundlegenden Betriebsvorschriften).<\/p>\n","protected":false},"excerpt":{"rendered":"<p>Alle Reparaturen sind durch eine 12 Monaten Garantie f\u00fcr den korrekten Betrieb abgedeckt. Die Garantie beinhaltet: \u2022 die Mechanismuseinstellungen \u2022 Batterielebensdauer \u2022 Versiegelung \u2022 korrekte Positionierung des Kristalls und der Indikatoren Die Garantie deckt keine Sch\u00e4den durch normale Abnutzung (Verwendung \/ Zeit)\u00a0oder unsachgem\u00e4\u00dfe Verwendung (Unfall, versuchter Reparatur, Fahrl\u00e4ssigkeit oder Nichtbeachtung der grundlegenden Betriebsvorschriften).<\/p>\n","protected":false},"author":2,"featured_media":0,"parent":742,"menu_order":0,"comment_status":"closed","ping_status":"closed","template":"","meta":{"footnotes":""},"class_list":["post-753","page","type-page","status-publish","hentry"],"acf":[],"yoast_head":"<!-- This site is optimized with the Yoast SEO plugin v23.8 - https:\/\/yoast.com\/wordpress\/plugins\/seo\/ -->\n<title>Garantie - Horologium<\/title>\n<meta name=\"robots\" content=\"index, follow, max-snippet:-1, max-image-preview:large, max-video-preview:-1\" \/>\n<link rel=\"canonical\" href=\"https:\/\/horologium.gr\/ypiresies\/engyisi\/\" \/>\n<meta property=\"og:locale\" content=\"de_DE\" \/>\n<meta property=\"og:type\" content=\"article\" \/>\n<meta property=\"og:title\" content=\"Garantie - Horologium\" \/>\n<meta property=\"og:description\" content=\"Alle Reparaturen sind durch eine 12 Monaten Garantie f\u00fcr den korrekten Betrieb abgedeckt. Die Garantie beinhaltet: \u2022 die Mechanismuseinstellungen \u2022 Batterielebensdauer \u2022 Versiegelung \u2022 korrekte Positionierung des Kristalls und der Indikatoren Die Garantie deckt keine Sch\u00e4den durch normale Abnutzung (Verwendung \/ Zeit)\u00a0oder unsachgem\u00e4\u00dfe Verwendung (Unfall, versuchter Reparatur, Fahrl\u00e4ssigkeit oder Nichtbeachtung der grundlegenden Betriebsvorschriften).\" \/>\n<meta property=\"og:url\" content=\"https:\/\/horologium.gr\/ypiresies\/engyisi\/\" \/>\n<meta property=\"og:site_name\" content=\"Horologium\" \/>\n<meta property=\"article:modified_time\" content=\"2018-03-02T15:09:50+00:00\" \/>\n<meta name=\"twitter:card\" content=\"summary_large_image\" \/>\n<script type=\"application\/ld+json\" class=\"yoast-schema-graph\">{\"@context\":\"https:\/\/schema.org\",\"@graph\":[{\"@type\":\"WebPage\",\"@id\":\"https:\/\/horologium.gr\/ypiresies\/engyisi\/\",\"url\":\"https:\/\/horologium.gr\/ypiresies\/engyisi\/\",\"name\":\"Garantie - Horologium\",\"isPartOf\":{\"@id\":\"https:\/\/horologium.gr\/#website\"},\"datePublished\":\"2018-02-24T20:27:49+00:00\",\"dateModified\":\"2018-03-02T15:09:50+00:00\",\"breadcrumb\":{\"@id\":\"https:\/\/horologium.gr\/ypiresies\/engyisi\/#breadcrumb\"},\"inLanguage\":\"de\",\"potentialAction\":[{\"@type\":\"ReadAction\",\"target\":[\"https:\/\/horologium.gr\/ypiresies\/engyisi\/\"]}]},{\"@type\":\"BreadcrumbList\",\"@id\":\"https:\/\/horologium.gr\/ypiresies\/engyisi\/#breadcrumb\",\"itemListElement\":[{\"@type\":\"ListItem\",\"position\":1,\"name\":\"Home\",\"item\":\"https:\/\/horologium.gr\/de\/\"},{\"@type\":\"ListItem\",\"position\":2,\"name\":\"Dienstleistungen\",\"item\":\"https:\/\/horologium.gr\/ypiresies\/\"},{\"@type\":\"ListItem\",\"position\":3,\"name\":\"Garantie\"}]},{\"@type\":\"WebSite\",\"@id\":\"https:\/\/horologium.gr\/#website\",\"url\":\"https:\/\/horologium.gr\/\",\"name\":\"Horologium\",\"description\":\"\",\"potentialAction\":[{\"@type\":\"SearchAction\",\"target\":{\"@type\":\"EntryPoint\",\"urlTemplate\":\"https:\/\/horologium.gr\/?s={search_term_string}\"},\"query-input\":{\"@type\":\"PropertyValueSpecification\",\"valueRequired\":true,\"valueName\":\"search_term_string\"}}],\"inLanguage\":\"de\"}]}<\/script>\n<!-- \/ Yoast SEO plugin. -->","yoast_head_json":{"title":"Garantie - Horologium","robots":{"index":"index","follow":"follow","max-snippet":"max-snippet:-1","max-image-preview":"max-image-preview:large","max-video-preview":"max-video-preview:-1"},"canonical":"https:\/\/horologium.gr\/ypiresies\/engyisi\/","og_locale":"de_DE","og_type":"article","og_title":"Garantie - Horologium","og_description":"Alle Reparaturen sind durch eine 12 Monaten Garantie f\u00fcr den korrekten Betrieb abgedeckt. Die Garantie beinhaltet: \u2022 die Mechanismuseinstellungen \u2022 Batterielebensdauer \u2022 Versiegelung \u2022 korrekte Positionierung des Kristalls und der Indikatoren Die Garantie deckt keine Sch\u00e4den durch normale Abnutzung (Verwendung \/ Zeit)\u00a0oder unsachgem\u00e4\u00dfe Verwendung (Unfall, versuchter Reparatur, Fahrl\u00e4ssigkeit oder Nichtbeachtung der grundlegenden Betriebsvorschriften).","og_url":"https:\/\/horologium.gr\/ypiresies\/engyisi\/","og_site_name":"Horologium","article_modified_time":"2018-03-02T15:09:50+00:00","twitter_card":"summary_large_image","schema":{"@context":"https:\/\/schema.org","@graph":[{"@type":"WebPage","@id":"https:\/\/horologium.gr\/ypiresies\/engyisi\/","url":"https:\/\/horologium.gr\/ypiresies\/engyisi\/","name":"Garantie - Horologium","isPartOf":{"@id":"https:\/\/horologium.gr\/#website"},"datePublished":"2018-02-24T20:27:49+00:00","dateModified":"2018-03-02T15:09:50+00:00","breadcrumb":{"@id":"https:\/\/horologium.gr\/ypiresies\/engyisi\/#breadcrumb"},"inLanguage":"de","potentialAction":[{"@type":"ReadAction","target":["https:\/\/horologium.gr\/ypiresies\/engyisi\/"]}]},{"@type":"BreadcrumbList","@id":"https:\/\/horologium.gr\/ypiresies\/engyisi\/#breadcrumb","itemListElement":[{"@type":"ListItem","position":1,"name":"Home","item":"https:\/\/horologium.gr\/de\/"},{"@type":"ListItem","position":2,"name":"Dienstleistungen","item":"https:\/\/horologium.gr\/ypiresies\/"},{"@type":"ListItem","position":3,"name":"Garantie"}]},{"@type":"WebSite","@id":"https:\/\/horologium.gr\/#website","url":"https:\/\/horologium.gr\/","name":"Horologium","description":"","potentialAction":[{"@type":"SearchAction","target":{"@type":"EntryPoint","urlTemplate":"https:\/\/horologium.gr\/?s={search_term_string}"},"query-input":{"@type":"PropertyValueSpecification","valueRequired":true,"valueName":"search_term_string"}}],"inLanguage":"de"}]}},"jetpack_sharing_enabled":true,"jetpack_shortlink":"https:\/\/wp.me\/P9wHeh-c9","jetpack_likes_enabled":true,"_links":{"self":[{"href":"https:\/\/horologium.gr\/de\/wp-json\/wp\/v2\/pages\/753","targetHints":{"allow":["GET"]}}],"collection":[{"href":"https:\/\/horologium.gr\/de\/wp-json\/wp\/v2\/pages"}],"about":[{"href":"https:\/\/horologium.gr\/de\/wp-json\/wp\/v2\/types\/page"}],"author":[{"embeddable":true,"href":"https:\/\/horologium.gr\/de\/wp-json\/wp\/v2\/users\/2"}],"replies":[{"embeddable":true,"href":"https:\/\/horologium.gr\/de\/wp-json\/wp\/v2\/comments?post=753"}],"version-history":[{"count":2,"href":"https:\/\/horologium.gr\/de\/wp-json\/wp\/v2\/pages\/753\/revisions"}],"predecessor-version":[{"id":805,"href":"https:\/\/horologium.gr\/de\/wp-json\/wp\/v2\/pages\/753\/revisions\/805"}],"up":[{"embeddable":true,"href":"https:\/\/horologium.gr\/de\/wp-json\/wp\/v2\/pages\/742"}],"wp:attachment":[{"href":"https:\/\/horologium.gr\/de\/wp-json\/wp\/v2\/media?parent=753"}],"curies":[{"name":"wp","href":"https:\/\/api.w.org\/{rel}","templated":true}]}}