{"id":729,"date":"2018-01-09T23:00:40","date_gmt":"2018-01-09T21:00:40","guid":{"rendered":"http:\/\/horologium.gr\/?page_id=729"},"modified":"2021-03-20T14:05:51","modified_gmt":"2021-03-20T12:05:51","slug":"istoria","status":"publish","type":"page","link":"https:\/\/horologium.gr\/de\/istoria\/","title":{"rendered":"Geschichte"},"content":{"rendered":"<p><img loading=\"lazy\" decoding=\"async\" class=\"alignleft  wp-image-1485\" src=\"https:\/\/horologium.gr\/wp-content\/uploads\/2018\/03\/IMG_20180126_0001-2.jpg\" alt=\"\" width=\"350\" height=\"274\" srcset=\"https:\/\/horologium.gr\/wp-content\/uploads\/2018\/03\/IMG_20180126_0001-2.jpg 1280w, https:\/\/horologium.gr\/wp-content\/uploads\/2018\/03\/IMG_20180126_0001-2-600x470.jpg 600w\" sizes=\"auto, (max-width: 350px) 100vw, 350px\" \/><\/p>\n<p>1956, als Panos Grigoropoulos seine T\u00e4tigkeit als Uhrmacher in einem kleinen Raum in der Pesmatzoglou-Stra\u00dfe begann,ist das der Anfang der langen Geschichte des Familienunternehmens.<\/p>\n<p>Seit mehr als 40 Jahren hat er den Beruf des Uhrmachers gepr\u00e4gt, indem er ein Netzwerk von Wissen und F\u00e4higkeiten aufgebaut hat, w\u00e4hrend er die Inspiration f\u00fcr die Fortf\u00fchrung und Entwicklung des Unternehmens war.<\/p>\n<p>Die historische Nachfolge folgte von Yannis Grigoropoulos. Er begann seine Karriere neben seinem Vater Panagiotis, w\u00e4hrend er 1968 sein Diplom als Uhrmacher an der Uhrschule abschloss,erhielt er dann auch das j\u00e4hrliche Stipendium f\u00fcr eine Schule in England.<\/p>\n<p>1971 begann er mit dem Gesch\u00e4ft in der Lekka und Kolokotroni Stra\u00dfe, wo er sich bis heute befindet.<\/p>\n<p>Er war der Erste, der mit der Reparatur von elektronischen Uhren (Quarz) begann, w\u00e4hrend er nie die Tradition der Reparatur von sowohl Wanduhren und Kuckucks Uhren, als auch die zeitlichen manuellen und automatischen Mechanismen verliess.<\/p>\n<p>In diesen fast 50 Jahren haben Konsistenz, Wissen und Erfahrung ihn im griechischen Uhrwerk bewiesen.<\/p>\n","protected":false},"excerpt":{"rendered":"<p>1956, als Panos Grigoropoulos seine T\u00e4tigkeit als Uhrmacher in einem kleinen Raum in der Pesmatzoglou-Stra\u00dfe begann,ist das der Anfang der langen Geschichte des Familienunternehmens. Seit mehr als 40 Jahren hat er den Beruf des Uhrmachers gepr\u00e4gt, indem er ein Netzwerk von Wissen und F\u00e4higkeiten aufgebaut hat, w\u00e4hrend er die Inspiration f\u00fcr die Fortf\u00fchrung und Entwicklung [&hellip;]<\/p>\n","protected":false},"author":2,"featured_media":0,"parent":0,"menu_order":0,"comment_status":"closed","ping_status":"closed","template":"","meta":{"footnotes":""},"class_list":["post-729","page","type-page","status-publish","hentry"],"acf":[],"yoast_head":"<!-- This site is optimized with the Yoast SEO plugin v23.8 - https:\/\/yoast.com\/wordpress\/plugins\/seo\/ -->\n<title>Geschichte - Horologium<\/title>\n<meta name=\"robots\" content=\"index, follow, max-snippet:-1, max-image-preview:large, max-video-preview:-1\" \/>\n<link rel=\"canonical\" href=\"https:\/\/horologium.gr\/istoria\/\" \/>\n<meta property=\"og:locale\" content=\"de_DE\" \/>\n<meta property=\"og:type\" content=\"article\" \/>\n<meta property=\"og:title\" content=\"Geschichte - Horologium\" \/>\n<meta property=\"og:description\" content=\"1956, als Panos Grigoropoulos seine T\u00e4tigkeit als Uhrmacher in einem kleinen Raum in der Pesmatzoglou-Stra\u00dfe begann,ist das der Anfang der langen Geschichte des Familienunternehmens. Seit mehr als 40 Jahren hat er den Beruf des Uhrmachers gepr\u00e4gt, indem er ein Netzwerk von Wissen und F\u00e4higkeiten aufgebaut hat, w\u00e4hrend er die Inspiration f\u00fcr die Fortf\u00fchrung und Entwicklung [&hellip;]\" \/>\n<meta property=\"og:url\" content=\"https:\/\/horologium.gr\/istoria\/\" \/>\n<meta property=\"og:site_name\" content=\"Horologium\" \/>\n<meta property=\"article:modified_time\" content=\"2021-03-20T12:05:51+00:00\" \/>\n<meta property=\"og:image\" content=\"https:\/\/horologium.gr\/wp-content\/uploads\/2018\/03\/IMG_20180126_0001-2.jpg\" \/>\n<meta name=\"twitter:card\" content=\"summary_large_image\" \/>\n<meta name=\"twitter:label1\" content=\"Gesch\u00e4tzte Lesezeit\" \/>\n\t<meta name=\"twitter:data1\" content=\"1\u00a0Minute\" \/>\n<script type=\"application\/ld+json\" class=\"yoast-schema-graph\">{\"@context\":\"https:\/\/schema.org\",\"@graph\":[{\"@type\":\"WebPage\",\"@id\":\"https:\/\/horologium.gr\/istoria\/\",\"url\":\"https:\/\/horologium.gr\/istoria\/\",\"name\":\"Geschichte - Horologium\",\"isPartOf\":{\"@id\":\"https:\/\/horologium.gr\/#website\"},\"primaryImageOfPage\":{\"@id\":\"https:\/\/horologium.gr\/istoria\/#primaryimage\"},\"image\":{\"@id\":\"https:\/\/horologium.gr\/istoria\/#primaryimage\"},\"thumbnailUrl\":\"https:\/\/horologium.gr\/wp-content\/uploads\/2018\/03\/IMG_20180126_0001-2.jpg\",\"datePublished\":\"2018-01-09T21:00:40+00:00\",\"dateModified\":\"2021-03-20T12:05:51+00:00\",\"breadcrumb\":{\"@id\":\"https:\/\/horologium.gr\/istoria\/#breadcrumb\"},\"inLanguage\":\"de\",\"potentialAction\":[{\"@type\":\"ReadAction\",\"target\":[\"https:\/\/horologium.gr\/istoria\/\"]}]},{\"@type\":\"ImageObject\",\"inLanguage\":\"de\",\"@id\":\"https:\/\/horologium.gr\/istoria\/#primaryimage\",\"url\":\"https:\/\/horologium.gr\/wp-content\/uploads\/2018\/03\/IMG_20180126_0001-2.jpg\",\"contentUrl\":\"https:\/\/horologium.gr\/wp-content\/uploads\/2018\/03\/IMG_20180126_0001-2.jpg\"},{\"@type\":\"BreadcrumbList\",\"@id\":\"https:\/\/horologium.gr\/istoria\/#breadcrumb\",\"itemListElement\":[{\"@type\":\"ListItem\",\"position\":1,\"name\":\"Home\",\"item\":\"https:\/\/horologium.gr\/de\/\"},{\"@type\":\"ListItem\",\"position\":2,\"name\":\"Geschichte\"}]},{\"@type\":\"WebSite\",\"@id\":\"https:\/\/horologium.gr\/#website\",\"url\":\"https:\/\/horologium.gr\/\",\"name\":\"Horologium\",\"description\":\"\",\"potentialAction\":[{\"@type\":\"SearchAction\",\"target\":{\"@type\":\"EntryPoint\",\"urlTemplate\":\"https:\/\/horologium.gr\/?s={search_term_string}\"},\"query-input\":{\"@type\":\"PropertyValueSpecification\",\"valueRequired\":true,\"valueName\":\"search_term_string\"}}],\"inLanguage\":\"de\"}]}<\/script>\n<!-- \/ Yoast SEO plugin. -->","yoast_head_json":{"title":"Geschichte - Horologium","robots":{"index":"index","follow":"follow","max-snippet":"max-snippet:-1","max-image-preview":"max-image-preview:large","max-video-preview":"max-video-preview:-1"},"canonical":"https:\/\/horologium.gr\/istoria\/","og_locale":"de_DE","og_type":"article","og_title":"Geschichte - Horologium","og_description":"1956, als Panos Grigoropoulos seine T\u00e4tigkeit als Uhrmacher in einem kleinen Raum in der Pesmatzoglou-Stra\u00dfe begann,ist das der Anfang der langen Geschichte des Familienunternehmens. Seit mehr als 40 Jahren hat er den Beruf des Uhrmachers gepr\u00e4gt, indem er ein Netzwerk von Wissen und F\u00e4higkeiten aufgebaut hat, w\u00e4hrend er die Inspiration f\u00fcr die Fortf\u00fchrung und Entwicklung [&hellip;]","og_url":"https:\/\/horologium.gr\/istoria\/","og_site_name":"Horologium","article_modified_time":"2021-03-20T12:05:51+00:00","og_image":[{"url":"https:\/\/horologium.gr\/wp-content\/uploads\/2018\/03\/IMG_20180126_0001-2.jpg"}],"twitter_card":"summary_large_image","twitter_misc":{"Gesch\u00e4tzte Lesezeit":"1\u00a0Minute"},"schema":{"@context":"https:\/\/schema.org","@graph":[{"@type":"WebPage","@id":"https:\/\/horologium.gr\/istoria\/","url":"https:\/\/horologium.gr\/istoria\/","name":"Geschichte - Horologium","isPartOf":{"@id":"https:\/\/horologium.gr\/#website"},"primaryImageOfPage":{"@id":"https:\/\/horologium.gr\/istoria\/#primaryimage"},"image":{"@id":"https:\/\/horologium.gr\/istoria\/#primaryimage"},"thumbnailUrl":"https:\/\/horologium.gr\/wp-content\/uploads\/2018\/03\/IMG_20180126_0001-2.jpg","datePublished":"2018-01-09T21:00:40+00:00","dateModified":"2021-03-20T12:05:51+00:00","breadcrumb":{"@id":"https:\/\/horologium.gr\/istoria\/#breadcrumb"},"inLanguage":"de","potentialAction":[{"@type":"ReadAction","target":["https:\/\/horologium.gr\/istoria\/"]}]},{"@type":"ImageObject","inLanguage":"de","@id":"https:\/\/horologium.gr\/istoria\/#primaryimage","url":"https:\/\/horologium.gr\/wp-content\/uploads\/2018\/03\/IMG_20180126_0001-2.jpg","contentUrl":"https:\/\/horologium.gr\/wp-content\/uploads\/2018\/03\/IMG_20180126_0001-2.jpg"},{"@type":"BreadcrumbList","@id":"https:\/\/horologium.gr\/istoria\/#breadcrumb","itemListElement":[{"@type":"ListItem","position":1,"name":"Home","item":"https:\/\/horologium.gr\/de\/"},{"@type":"ListItem","position":2,"name":"Geschichte"}]},{"@type":"WebSite","@id":"https:\/\/horologium.gr\/#website","url":"https:\/\/horologium.gr\/","name":"Horologium","description":"","potentialAction":[{"@type":"SearchAction","target":{"@type":"EntryPoint","urlTemplate":"https:\/\/horologium.gr\/?s={search_term_string}"},"query-input":{"@type":"PropertyValueSpecification","valueRequired":true,"valueName":"search_term_string"}}],"inLanguage":"de"}]}},"jetpack_sharing_enabled":true,"jetpack_shortlink":"https:\/\/wp.me\/P9wHeh-bL","jetpack_likes_enabled":true,"_links":{"self":[{"href":"https:\/\/horologium.gr\/de\/wp-json\/wp\/v2\/pages\/729","targetHints":{"allow":["GET"]}}],"collection":[{"href":"https:\/\/horologium.gr\/de\/wp-json\/wp\/v2\/pages"}],"about":[{"href":"https:\/\/horologium.gr\/de\/wp-json\/wp\/v2\/types\/page"}],"author":[{"embeddable":true,"href":"https:\/\/horologium.gr\/de\/wp-json\/wp\/v2\/users\/2"}],"replies":[{"embeddable":true,"href":"https:\/\/horologium.gr\/de\/wp-json\/wp\/v2\/comments?post=729"}],"version-history":[{"count":7,"href":"https:\/\/horologium.gr\/de\/wp-json\/wp\/v2\/pages\/729\/revisions"}],"predecessor-version":[{"id":9320,"href":"https:\/\/horologium.gr\/de\/wp-json\/wp\/v2\/pages\/729\/revisions\/9320"}],"wp:attachment":[{"href":"https:\/\/horologium.gr\/de\/wp-json\/wp\/v2\/media?parent=729"}],"curies":[{"name":"wp","href":"https:\/\/api.w.org\/{rel}","templated":true}]}}