{"id":2059,"date":"2018-10-09T22:02:00","date_gmt":"2018-10-09T19:02:00","guid":{"rendered":"https:\/\/horologium.gr\/?page_id=2059"},"modified":"2018-11-16T21:35:04","modified_gmt":"2018-11-16T19:35:04","slug":"suche-nach-bestellung-on-demand","status":"publish","type":"page","link":"https:\/\/horologium.gr\/de\/suche-nach-bestellung-on-demand\/","title":{"rendered":"Suche nach Bestellung (on demand)"},"content":{"rendered":"<p>Ist es Zeit, Ihr Lieblingsmodell zu bekommen?<\/p>\n<p>Haben Sie eine Uhr gesehen die Ihnen gefallen hat?<\/p>\n<p>Jetzt haben wir eine personalisierte benutzerdefinierte Suche\u00a0<strong>(on demand)<\/strong> f\u00fcr jede Marke, jedes Modell und jede Art von Uhr eingef\u00fchrt, die Sie interessiert, neu und \/ oder gebraucht.<\/p>\n<p>F\u00fcllen Sie das Formular mit den meisten Informationen aus, \u00fcber die Uhr die Sie m\u00f6chten und wir werden Ihnen unser bestm\u00f6gliches Angebot senden.<\/p>\n<pre id=\"tw-target-text\" class=\"tw-data-text tw-ta tw-text-small\" dir=\"ltr\" data-placeholder=\"\u039c\u03b5\u03c4\u03ac\u03c6\u03c1\u03b1\u03c3\u03b7\" data-fulltext=\"\"><span lang=\"de\">\u00a0<\/span><\/pre>\n<div data-test='contact-form' id='contact-form-2059' class='wp-block-jetpack-contact-form-container '>\n<form action='https:\/\/horologium.gr\/de\/suche-nach-bestellung-on-demand\/#contact-form-2059' method='post' class='contact-form commentsblock' aria-label=\"Suche nach Bestellung (on demand)\" novalidate>\n\n<div style=\"\" class='grunion-field-name-wrap grunion-field-wrap'  >\n<label\n\t\t\t\tfor='g2059-name'\n\t\t\t\tclass='grunion-field-label name'>Name<span class=\"grunion-label-required\" aria-hidden=\"true\">(erforderlich)<\/span><\/label>\n<input\n\t\t\t\t\ttype='text'\n\t\t\t\t\tname='g2059-name'\n\t\t\t\t\tid='g2059-name'\n\t\t\t\t\tvalue=''\n\t\t\t\t\tclass='name  grunion-field' \n\t\t\t\t\trequired aria-required='true' \/>\n\t<\/div>\n\n<div style=\"\" class='grunion-field-email-wrap grunion-field-wrap'  >\n<label\n\t\t\t\tfor='g2059-email'\n\t\t\t\tclass='grunion-field-label email'>Email<span class=\"grunion-label-required\" aria-hidden=\"true\">(erforderlich)<\/span><\/label>\n<input\n\t\t\t\t\ttype='email'\n\t\t\t\t\tname='g2059-email'\n\t\t\t\t\tid='g2059-email'\n\t\t\t\t\tvalue=''\n\t\t\t\t\tclass='email  grunion-field' \n\t\t\t\t\trequired aria-required='true' \/>\n\t<\/div>\n\n<div style=\"\" class='grunion-field-text-wrap grunion-field-wrap'  >\n<label\n\t\t\t\tfor='g2059-markemodell'\n\t\t\t\tclass='grunion-field-label text'>Marke-Modell<span class=\"grunion-label-required\" aria-hidden=\"true\">(erforderlich)<\/span><\/label>\n<input\n\t\t\t\t\ttype='text'\n\t\t\t\t\tname='g2059-markemodell'\n\t\t\t\t\tid='g2059-markemodell'\n\t\t\t\t\tvalue=''\n\t\t\t\t\tclass='text  grunion-field' \n\t\t\t\t\trequired aria-required='true' \/>\n\t<\/div>\n\n<div style=\"\" class='grunion-field-checkbox-multiple-wrap grunion-field-wrap'  >\n<fieldset id=\"g2059-zustand-label\" class=\"grunion-checkbox-multiple-options\"><legend\n\t\t\t\tclass='grunion-field-label'>Zustand<\/legend>\n<p class='contact-form-field'><input\n\t\t\t\t\t\t\t\t\tid='g2059-zustand-Neu'\n\t\t\t\t\t\t\t\t\ttype='checkbox'\n\t\t\t\t\t\t\t\t\tname='g2059-zustand[]'\n\t\t\t\t\t\t\t\t\tvalue='Neu' class='checkbox-multiple  grunion-field'  \/> <label for='g2059-zustand-Neu' style=\"\" class='grunion-checkbox-multiple-label checkbox-multiple '><span class='grunion-field-text'>Neu<\/span><\/label>\n<\/p><p class='contact-form-field'><input\n\t\t\t\t\t\t\t\t\tid='g2059-zustand-Gebraucht'\n\t\t\t\t\t\t\t\t\ttype='checkbox'\n\t\t\t\t\t\t\t\t\tname='g2059-zustand[]'\n\t\t\t\t\t\t\t\t\tvalue='Gebraucht' class='checkbox-multiple  grunion-field'  \/> <label for='g2059-zustand-Gebraucht' style=\"\" class='grunion-checkbox-multiple-label checkbox-multiple '><span class='grunion-field-text'>Gebraucht<\/span><\/label>\n<\/p><\/fieldset>\t<\/div>\n\n<div style=\"\" class='grunion-field-select-wrap grunion-field-wrap'  >\n<label\n\t\t\t\tfor='g2059-uhrwerk'\n\t\t\t\tclass='grunion-field-label select'>Uhrwerk<\/label>\n<div class='contact-form__select-wrapper'>\t<select name='g2059-uhrwerk' id='g2059-uhrwerk' class='select  grunion-field' >\n\t\t<option value='Quarz \u2013 Batterie'>Quarz \u2013 Batterie<\/option>\n\t\t<option value='Automatische'>Automatische<\/option>\n\t\t<option value='Mechanische-Handaufzug'>Mechanische-Handaufzug<\/option>\n\t<\/select>\n<\/div>\n\t<\/div>\n\n<div style=\"\" class='grunion-field-checkbox-multiple-wrap grunion-field-wrap'  >\n<fieldset id=\"g2059-gehuseform-label\" class=\"grunion-checkbox-multiple-options\"><legend\n\t\t\t\tclass='grunion-field-label'>Geh\u00e4useform<\/legend>\n<p class='contact-form-field'><input\n\t\t\t\t\t\t\t\t\tid='g2059-gehuseform-Rund'\n\t\t\t\t\t\t\t\t\ttype='checkbox'\n\t\t\t\t\t\t\t\t\tname='g2059-gehuseform[]'\n\t\t\t\t\t\t\t\t\tvalue='Rund' class='checkbox-multiple  grunion-field'  \/> <label for='g2059-gehuseform-Rund' style=\"\" class='grunion-checkbox-multiple-label checkbox-multiple '><span class='grunion-field-text'>Rund<\/span><\/label>\n<\/p><p class='contact-form-field'><input\n\t\t\t\t\t\t\t\t\tid='g2059-gehuseform-Viereckig'\n\t\t\t\t\t\t\t\t\ttype='checkbox'\n\t\t\t\t\t\t\t\t\tname='g2059-gehuseform[]'\n\t\t\t\t\t\t\t\t\tvalue='Viereckig' class='checkbox-multiple  grunion-field'  \/> <label for='g2059-gehuseform-Viereckig' style=\"\" class='grunion-checkbox-multiple-label checkbox-multiple '><span class='grunion-field-text'>Viereckig<\/span><\/label>\n<\/p><p class='contact-form-field'><input\n\t\t\t\t\t\t\t\t\tid='g2059-gehuseform-Rechteckig'\n\t\t\t\t\t\t\t\t\ttype='checkbox'\n\t\t\t\t\t\t\t\t\tname='g2059-gehuseform[]'\n\t\t\t\t\t\t\t\t\tvalue='Rechteckig' class='checkbox-multiple  grunion-field'  \/> <label for='g2059-gehuseform-Rechteckig' style=\"\" class='grunion-checkbox-multiple-label checkbox-multiple '><span class='grunion-field-text'>Rechteckig<\/span><\/label>\n<\/p><p class='contact-form-field'><input\n\t\t\t\t\t\t\t\t\tid='g2059-gehuseform-Oval'\n\t\t\t\t\t\t\t\t\ttype='checkbox'\n\t\t\t\t\t\t\t\t\tname='g2059-gehuseform[]'\n\t\t\t\t\t\t\t\t\tvalue='Oval' class='checkbox-multiple  grunion-field'  \/> <label for='g2059-gehuseform-Oval' style=\"\" class='grunion-checkbox-multiple-label checkbox-multiple '><span class='grunion-field-text'>Oval<\/span><\/label>\n<\/p><\/fieldset>\t<\/div>\n\n<div style=\"\" class='grunion-field-text-wrap grunion-field-wrap'  >\n<label\n\t\t\t\tfor='g2059-durchmesser'\n\t\t\t\tclass='grunion-field-label text'>Durchmesser<\/label>\n<input\n\t\t\t\t\ttype='text'\n\t\t\t\t\tname='g2059-durchmesser'\n\t\t\t\t\tid='g2059-durchmesser'\n\t\t\t\t\tvalue=''\n\t\t\t\t\tclass='text  grunion-field' \n\t\t\t\t\t \/>\n\t<\/div>\n\n<div style=\"\" class='grunion-field-text-wrap grunion-field-wrap'  >\n<label\n\t\t\t\tfor='g2059-zifferblattfarbe'\n\t\t\t\tclass='grunion-field-label text'>Zifferblattfarbe<\/label>\n<input\n\t\t\t\t\ttype='text'\n\t\t\t\t\tname='g2059-zifferblattfarbe'\n\t\t\t\t\tid='g2059-zifferblattfarbe'\n\t\t\t\t\tvalue=''\n\t\t\t\t\tclass='text  grunion-field' \n\t\t\t\t\t \/>\n\t<\/div>\n\n<div style=\"\" class='grunion-field-checkbox-multiple-wrap grunion-field-wrap'  >\n<fieldset id=\"g2059-armband-label\" class=\"grunion-checkbox-multiple-options\"><legend\n\t\t\t\tclass='grunion-field-label'>Armband<\/legend>\n<p class='contact-form-field'><input\n\t\t\t\t\t\t\t\t\tid='g2059-armband-Metallband'\n\t\t\t\t\t\t\t\t\ttype='checkbox'\n\t\t\t\t\t\t\t\t\tname='g2059-armband[]'\n\t\t\t\t\t\t\t\t\tvalue='Metallband' class='checkbox-multiple  grunion-field'  \/> <label for='g2059-armband-Metallband' style=\"\" class='grunion-checkbox-multiple-label checkbox-multiple '><span class='grunion-field-text'>Metallband<\/span><\/label>\n<\/p><p class='contact-form-field'><input\n\t\t\t\t\t\t\t\t\tid='g2059-armband-Band'\n\t\t\t\t\t\t\t\t\ttype='checkbox'\n\t\t\t\t\t\t\t\t\tname='g2059-armband[]'\n\t\t\t\t\t\t\t\t\tvalue='Band' class='checkbox-multiple  grunion-field'  \/> <label for='g2059-armband-Band' style=\"\" class='grunion-checkbox-multiple-label checkbox-multiple '><span class='grunion-field-text'>Band<\/span><\/label>\n<\/p><\/fieldset>\t<\/div>\n\n<div style=\"\" class='grunion-field-text-wrap grunion-field-wrap'  >\n<label\n\t\t\t\tfor='g2059-funktionentagdatumchronographtimermondphasenwecker'\n\t\t\t\tclass='grunion-field-label text'>Funktionen (Tag, Datum, Chronograph, Timer, Mondphasen, Wecker)<\/label>\n<input\n\t\t\t\t\ttype='text'\n\t\t\t\t\tname='g2059-funktionentagdatumchronographtimermondphasenwecker'\n\t\t\t\t\tid='g2059-funktionentagdatumchronographtimermondphasenwecker'\n\t\t\t\t\tvalue=''\n\t\t\t\t\tclass='text  grunion-field' \n\t\t\t\t\t \/>\n\t<\/div>\n\t<p class='contact-submit'>\n\t\t<button type='submit' class='pushbutton-wide'>Senden<\/button>\t\t<input type='hidden' name='contact-form-id' value='2059' \/>\n\t\t<input type='hidden' name='action' value='grunion-contact-form' \/>\n\t\t<input type='hidden' name='contact-form-hash' value='b82042851100e46e28c1b2aebf119758deb109c9' \/>\n\t<\/p>\n<p style=\"display: none !important;\" class=\"akismet-fields-container\" data-prefix=\"ak_\"><label>&#916;<textarea name=\"ak_hp_textarea\" cols=\"45\" rows=\"8\" maxlength=\"100\"><\/textarea><\/label><input type=\"hidden\" id=\"ak_js_1\" name=\"ak_js\" value=\"87\"\/><script>document.getElementById( \"ak_js_1\" ).setAttribute( \"value\", ( new Date() ).getTime() );<\/script><\/p><\/form>\n<\/div>\n<p>&nbsp;<\/p>\n","protected":false},"excerpt":{"rendered":"<p>Ist es Zeit, Ihr Lieblingsmodell zu bekommen? Haben Sie eine Uhr gesehen die Ihnen gefallen hat? Jetzt haben wir eine personalisierte benutzerdefinierte Suche\u00a0(on demand) f\u00fcr jede Marke, jedes Modell und jede Art von Uhr eingef\u00fchrt, die Sie interessiert, neu und \/ oder gebraucht. F\u00fcllen Sie das Formular mit den meisten Informationen aus, \u00fcber die Uhr [&hellip;]<\/p>\n","protected":false},"author":2,"featured_media":0,"parent":0,"menu_order":1,"comment_status":"closed","ping_status":"closed","template":"","meta":{"footnotes":""},"class_list":["post-2059","page","type-page","status-publish","hentry"],"acf":[],"yoast_head":"<!-- This site is optimized with the Yoast SEO plugin v23.8 - https:\/\/yoast.com\/wordpress\/plugins\/seo\/ -->\n<title>Suche nach Bestellung (on demand) - Horologium<\/title>\n<meta name=\"robots\" content=\"index, follow, max-snippet:-1, max-image-preview:large, max-video-preview:-1\" \/>\n<link rel=\"canonical\" href=\"https:\/\/horologium.gr\/anazitisi-kata-paraggelia-on-demand\/\" \/>\n<meta property=\"og:locale\" content=\"de_DE\" \/>\n<meta property=\"og:type\" content=\"article\" \/>\n<meta property=\"og:title\" content=\"Suche nach Bestellung (on demand) - Horologium\" \/>\n<meta property=\"og:description\" content=\"Ist es Zeit, Ihr Lieblingsmodell zu bekommen? Haben Sie eine Uhr gesehen die Ihnen gefallen hat? Jetzt haben wir eine personalisierte benutzerdefinierte Suche\u00a0(on demand) f\u00fcr jede Marke, jedes Modell und jede Art von Uhr eingef\u00fchrt, die Sie interessiert, neu und \/ oder gebraucht. F\u00fcllen Sie das Formular mit den meisten Informationen aus, \u00fcber die Uhr [&hellip;]\" \/>\n<meta property=\"og:url\" content=\"https:\/\/horologium.gr\/anazitisi-kata-paraggelia-on-demand\/\" \/>\n<meta property=\"og:site_name\" content=\"Horologium\" \/>\n<meta property=\"article:modified_time\" content=\"2018-11-16T19:35:04+00:00\" \/>\n<meta name=\"twitter:card\" content=\"summary_large_image\" \/>\n<meta name=\"twitter:label1\" content=\"Gesch\u00e4tzte Lesezeit\" \/>\n\t<meta name=\"twitter:data1\" content=\"1\u00a0Minute\" \/>\n<script type=\"application\/ld+json\" class=\"yoast-schema-graph\">{\"@context\":\"https:\/\/schema.org\",\"@graph\":[{\"@type\":\"WebPage\",\"@id\":\"https:\/\/horologium.gr\/anazitisi-kata-paraggelia-on-demand\/\",\"url\":\"https:\/\/horologium.gr\/anazitisi-kata-paraggelia-on-demand\/\",\"name\":\"Suche nach Bestellung (on demand) - Horologium\",\"isPartOf\":{\"@id\":\"https:\/\/horologium.gr\/#website\"},\"datePublished\":\"2018-10-09T19:02:00+00:00\",\"dateModified\":\"2018-11-16T19:35:04+00:00\",\"breadcrumb\":{\"@id\":\"https:\/\/horologium.gr\/anazitisi-kata-paraggelia-on-demand\/#breadcrumb\"},\"inLanguage\":\"de\",\"potentialAction\":[{\"@type\":\"ReadAction\",\"target\":[\"https:\/\/horologium.gr\/anazitisi-kata-paraggelia-on-demand\/\"]}]},{\"@type\":\"BreadcrumbList\",\"@id\":\"https:\/\/horologium.gr\/anazitisi-kata-paraggelia-on-demand\/#breadcrumb\",\"itemListElement\":[{\"@type\":\"ListItem\",\"position\":1,\"name\":\"Home\",\"item\":\"https:\/\/horologium.gr\/de\/\"},{\"@type\":\"ListItem\",\"position\":2,\"name\":\"Suche nach Bestellung (on demand)\"}]},{\"@type\":\"WebSite\",\"@id\":\"https:\/\/horologium.gr\/#website\",\"url\":\"https:\/\/horologium.gr\/\",\"name\":\"Horologium\",\"description\":\"\",\"potentialAction\":[{\"@type\":\"SearchAction\",\"target\":{\"@type\":\"EntryPoint\",\"urlTemplate\":\"https:\/\/horologium.gr\/?s={search_term_string}\"},\"query-input\":{\"@type\":\"PropertyValueSpecification\",\"valueRequired\":true,\"valueName\":\"search_term_string\"}}],\"inLanguage\":\"de\"}]}<\/script>\n<!-- \/ Yoast SEO plugin. -->","yoast_head_json":{"title":"Suche nach Bestellung (on demand) - Horologium","robots":{"index":"index","follow":"follow","max-snippet":"max-snippet:-1","max-image-preview":"max-image-preview:large","max-video-preview":"max-video-preview:-1"},"canonical":"https:\/\/horologium.gr\/anazitisi-kata-paraggelia-on-demand\/","og_locale":"de_DE","og_type":"article","og_title":"Suche nach Bestellung (on demand) - Horologium","og_description":"Ist es Zeit, Ihr Lieblingsmodell zu bekommen? Haben Sie eine Uhr gesehen die Ihnen gefallen hat? Jetzt haben wir eine personalisierte benutzerdefinierte Suche\u00a0(on demand) f\u00fcr jede Marke, jedes Modell und jede Art von Uhr eingef\u00fchrt, die Sie interessiert, neu und \/ oder gebraucht. F\u00fcllen Sie das Formular mit den meisten Informationen aus, \u00fcber die Uhr [&hellip;]","og_url":"https:\/\/horologium.gr\/anazitisi-kata-paraggelia-on-demand\/","og_site_name":"Horologium","article_modified_time":"2018-11-16T19:35:04+00:00","twitter_card":"summary_large_image","twitter_misc":{"Gesch\u00e4tzte Lesezeit":"1\u00a0Minute"},"schema":{"@context":"https:\/\/schema.org","@graph":[{"@type":"WebPage","@id":"https:\/\/horologium.gr\/anazitisi-kata-paraggelia-on-demand\/","url":"https:\/\/horologium.gr\/anazitisi-kata-paraggelia-on-demand\/","name":"Suche nach Bestellung (on demand) - Horologium","isPartOf":{"@id":"https:\/\/horologium.gr\/#website"},"datePublished":"2018-10-09T19:02:00+00:00","dateModified":"2018-11-16T19:35:04+00:00","breadcrumb":{"@id":"https:\/\/horologium.gr\/anazitisi-kata-paraggelia-on-demand\/#breadcrumb"},"inLanguage":"de","potentialAction":[{"@type":"ReadAction","target":["https:\/\/horologium.gr\/anazitisi-kata-paraggelia-on-demand\/"]}]},{"@type":"BreadcrumbList","@id":"https:\/\/horologium.gr\/anazitisi-kata-paraggelia-on-demand\/#breadcrumb","itemListElement":[{"@type":"ListItem","position":1,"name":"Home","item":"https:\/\/horologium.gr\/de\/"},{"@type":"ListItem","position":2,"name":"Suche nach Bestellung (on demand)"}]},{"@type":"WebSite","@id":"https:\/\/horologium.gr\/#website","url":"https:\/\/horologium.gr\/","name":"Horologium","description":"","potentialAction":[{"@type":"SearchAction","target":{"@type":"EntryPoint","urlTemplate":"https:\/\/horologium.gr\/?s={search_term_string}"},"query-input":{"@type":"PropertyValueSpecification","valueRequired":true,"valueName":"search_term_string"}}],"inLanguage":"de"}]}},"jetpack_sharing_enabled":true,"jetpack_shortlink":"https:\/\/wp.me\/P9wHeh-xd","jetpack_likes_enabled":true,"_links":{"self":[{"href":"https:\/\/horologium.gr\/de\/wp-json\/wp\/v2\/pages\/2059","targetHints":{"allow":["GET"]}}],"collection":[{"href":"https:\/\/horologium.gr\/de\/wp-json\/wp\/v2\/pages"}],"about":[{"href":"https:\/\/horologium.gr\/de\/wp-json\/wp\/v2\/types\/page"}],"author":[{"embeddable":true,"href":"https:\/\/horologium.gr\/de\/wp-json\/wp\/v2\/users\/2"}],"replies":[{"embeddable":true,"href":"https:\/\/horologium.gr\/de\/wp-json\/wp\/v2\/comments?post=2059"}],"version-history":[{"count":5,"href":"https:\/\/horologium.gr\/de\/wp-json\/wp\/v2\/pages\/2059\/revisions"}],"predecessor-version":[{"id":2381,"href":"https:\/\/horologium.gr\/de\/wp-json\/wp\/v2\/pages\/2059\/revisions\/2381"}],"wp:attachment":[{"href":"https:\/\/horologium.gr\/de\/wp-json\/wp\/v2\/media?parent=2059"}],"curies":[{"name":"wp","href":"https:\/\/api.w.org\/{rel}","templated":true}]}}