{"id":1669,"date":"2018-04-21T15:51:19","date_gmt":"2018-04-21T12:51:19","guid":{"rendered":"https:\/\/horologium.gr\/?page_id=1669"},"modified":"2018-08-29T19:07:48","modified_gmt":"2018-08-29T16:07:48","slug":"ratschlaege","status":"publish","type":"page","link":"https:\/\/horologium.gr\/de\/ratschlaege\/","title":{"rendered":"Ratschl\u00e4ge"},"content":{"rendered":"<p><strong><em>Ratschl\u00e4ge\u00a0\u00fcber Stil<\/em><\/strong><\/p>\n<p>Suchen Sie nach dem richtigen Schema: Ein Uhrgesicht, das am Handgelenk zu klein aussieht, k\u00f6nnte zu formell oder altmodisch wirken.Ebenfalls k\u00f6nnte eine Uhr, die zu gro\u00df oder zu kompliziert ist, unpassend aussehen.<\/p>\n<p>Wenn Sie Sich nicht sicher sind, welche Uhr f\u00fcr Sie geeignet ist, sollten Sie nach etwas minimalem und klassischem Ausschau halten, das zu jedem Outfit passt.<\/p>\n<p>Eine Sammlung von vier einzigartigen Uhren ist besser als eine Sammlung von 10 allt\u00e4glichen Uhren.<\/p>\n<p>&nbsp;<\/p>\n<p><strong><em>Service und Pflege<\/em><\/strong><\/p>\n<p>Wie eine Uhr ihre Energie zum Arbeiten bekommt<\/p>\n<p>Eine Uhr mit Quarzwerk erh\u00e4lt die Energie aus der Batterie. Die Batterie sollte alle 12-18 Monate \u00fcberpr\u00fcft und ersetzt werden. Wenn eine Uhr aufbewahrt wird, sollte sie keine Batterie enthalten.<\/p>\n<p>Bei einem mechanischen Uhrwerk empfiehlt es sich, die Uhr jeden Tag zu einer bestimmten Zeit aufzuziehen, um die Uhr f\u00fcr die n\u00e4chsten 24 Stunden mit der entsprechenden Energie zu versorgen.<\/p>\n<p>Ein automatisches Uhrwerk speichert die notwendige Energie aus dem t\u00e4glichen Gebrauch, sobald Sie es t\u00e4glich tragen, hat es gen\u00fcgend Energie um zu arbeiten.<\/p>\n<p>&nbsp;<\/p>\n<p><em><strong>Wartung und Pflege einer Uhr<\/strong><\/em><\/p>\n<p>Eine Uhr sollte nach einer bestimmten Zeit repariert oder gewartet werden. Wenn eine Uhr nicht mehr funktioniert, ist es an der Zeit, einen Uhrmacher zu besuchen. Unter normalen Umst\u00e4nden ist eine vollst\u00e4ndige Wartung alle 3-5 Jahre erforderlich. W\u00e4hrend dieses Vorgangs durchlaufen die Uhren einen kompletten Check, bei dem alle Teile auseinander genommen werden, Ersatzteile werden ausgetauscht und es kommen neue Schmierstoffe zum Einsatz.<\/p>\n<p>&nbsp;<\/p>\n<p><em><strong>Wasserdichtigkeit<\/strong><\/em><\/p>\n<p>Jedes Jahr, besonders vor der Sommersaison, sollten Sie einen Uhrmacher besuchen, um die Wasserdichtigkeit Ihrer Uhr zu \u00fcberpr\u00fcfen. Die F\u00e4higkeit der Wasserdichtigkeit h\u00e4ngt vom richtigen Ersatz von Materialien wie Gummi und anderen synthetischen Materialien ab. Wenn Sie die entsprechende Wartung nicht durchf\u00fchren, kann eine wasserfeste Uhr durch Wassereintritt besch\u00e4digt werden, was die Feuchtigkeitssensible Bewegung beeintr\u00e4chtigt.<\/p>\n<p>&nbsp;<\/p>\n<p><em><strong>Reinigung<\/strong><\/em><\/p>\n<p>Eine Uhr k\u00f6nnte durch den Staub, die Einwirkung von Sonne, Feuchtigkeit, Schmutz und Fetts\u00e4uren von der Haut aus dem t\u00e4glichen Gebrauch besch\u00e4digt werden. Sie sollten Ihre Uhr sorgf\u00e4ltig mit einem weichen Tuch abwischen. Die Verwendung von Reinigungsmitteln kann Ihrer Uhr schaden und vor allem ihre Wasserfestigkeit beeintr\u00e4chtigen.<\/p>\n<p><em>Lederband<\/em><\/p>\n<p>Reinigen Sie ein Lederband im Allgemeinen nicht mit Wasser, Seife oder Chemikalien, da dies zu Verf\u00e4rbungen und Flecken im Leder f\u00fchren kann. Bei einem t\u00e4glichen Gebrauch hat ein Lederband normalerweise eine Lebensdauer zwischen 1-2 Jahren. Dieser Zeitraum wird auch aus hygienischen Gr\u00fcnden empfohlen.<\/p>\n<p>&nbsp;<\/p>\n<p><strong><em>Aufbewahrung von Uhren<\/em><\/strong><\/p>\n<p>Eine Uhr sollte in sauberen, staubfreien Orten wie in einer bestimmten Uhrenbox aufbewahrt werden. Die Uhren sollten Abstand voneinander haben, um Kratzer zu vermeiden. Die Uhr und besonders Zifferblatt und Zeiger sollten vor direkter Sonneneinstrahlung und anderem Licht gesch\u00fctzt werden, um sie zu bewahren.<\/p>\n<p>&nbsp;<\/p>\n<p><em><strong>Wasserbest\u00e4ndigkeit Erkl\u00e4rung<\/strong><\/em><\/p>\n<table>\n<tbody>\n<tr>\n<td width=\"152\">Kennzeichnung<\/td>\n<td width=\"145\"><\/td>\n<td width=\"178\">Gebrauchsanweisung<\/td>\n<td width=\"136\"><\/td>\n<td width=\"128\"><\/td>\n<\/tr>\n<tr>\n<td width=\"152\"><\/td>\n<td width=\"145\">\u00a0<img loading=\"lazy\" decoding=\"async\" class=\"alignleft size-full wp-image-1651\" src=\"https:\/\/horologium.gr\/wp-content\/uploads\/2018\/04\/daily.jpg\" alt=\"\" width=\"52\" height=\"45\" \/><\/td>\n<td width=\"178\">\u00a0<img loading=\"lazy\" decoding=\"async\" class=\"alignleft size-full wp-image-1644\" src=\"https:\/\/horologium.gr\/wp-content\/uploads\/2018\/04\/bathing.jpg\" alt=\"\" width=\"52\" height=\"45\" \/><\/td>\n<td width=\"136\">\u00a0<img loading=\"lazy\" decoding=\"async\" class=\"alignleft size-full wp-image-1663\" src=\"https:\/\/horologium.gr\/wp-content\/uploads\/2018\/04\/swimming.jpg\" alt=\"\" width=\"52\" height=\"45\" \/><\/td>\n<td width=\"128\">\u00a0<img loading=\"lazy\" decoding=\"async\" class=\"alignleft size-full wp-image-1652\" src=\"https:\/\/horologium.gr\/wp-content\/uploads\/2018\/04\/diving.jpg\" alt=\"\" width=\"52\" height=\"45\" \/><\/td>\n<\/tr>\n<tr>\n<td width=\"152\"><\/td>\n<td width=\"145\">Geeignet f\u00fcr den t\u00e4glichen Gebrauch, Waschen, Regen, Spritzer<\/td>\n<td width=\"178\">&nbsp;<\/p>\n<p>Duschen, Baden<\/td>\n<td width=\"136\">&nbsp;<\/p>\n<p>Schwimmen, water sports<\/td>\n<td width=\"128\">&nbsp;<\/p>\n<p>Tauchen ohne Ausr\u00fcstung<\/td>\n<\/tr>\n<tr>\n<td width=\"152\">Ohne Angabe<\/td>\n<td width=\"145\">Nein<\/td>\n<td width=\"178\">\u00a0Nein<\/td>\n<td width=\"136\">\u00a0Nein<\/td>\n<td width=\"128\">\u00a0Nein<\/td>\n<\/tr>\n<tr>\n<td width=\"152\">Water Resistant 3 ATM \/ 30m<\/td>\n<td width=\"145\">Ja<\/td>\n<td width=\"178\">\u00a0Nein<\/td>\n<td width=\"136\">\u00a0Nein<\/td>\n<td width=\"128\">\u00a0Nein<\/td>\n<\/tr>\n<tr>\n<td width=\"152\">Water Resistant 5 ATM \/ 50m<\/td>\n<td width=\"145\">Ja<\/td>\n<td width=\"178\">Ja<\/td>\n<td width=\"136\">\u00a0Nein<\/td>\n<td width=\"128\">\u00a0Nein<\/td>\n<\/tr>\n<tr>\n<td width=\"152\">Water Resistant 10 ATM \/ 100m<\/td>\n<td width=\"145\">Ja<\/td>\n<td width=\"178\">Ja<\/td>\n<td width=\"136\">\u00a0Ja<\/td>\n<td width=\"128\">\u00a0Nein<\/td>\n<\/tr>\n<tr>\n<td width=\"152\">Water Resistant 20 ATM \/ 200m<\/td>\n<td width=\"145\">Ja<\/td>\n<td width=\"178\">Ja<\/td>\n<td width=\"136\">Ja<\/td>\n<td width=\"128\">Ja<\/td>\n<\/tr>\n<\/tbody>\n<\/table>\n<p>&nbsp;<\/p>\n","protected":false},"excerpt":{"rendered":"<p>Ratschl\u00e4ge\u00a0\u00fcber Stil Suchen Sie nach dem richtigen Schema: Ein Uhrgesicht, das am Handgelenk zu klein aussieht, k\u00f6nnte zu formell oder altmodisch wirken.Ebenfalls k\u00f6nnte eine Uhr, die zu gro\u00df oder zu kompliziert ist, unpassend aussehen. Wenn Sie Sich nicht sicher sind, welche Uhr f\u00fcr Sie geeignet ist, sollten Sie nach etwas minimalem und klassischem Ausschau halten, [&hellip;]<\/p>\n","protected":false},"author":2,"featured_media":8206,"parent":0,"menu_order":0,"comment_status":"closed","ping_status":"closed","template":"","meta":{"footnotes":""},"class_list":["post-1669","page","type-page","status-publish","has-post-thumbnail","hentry"],"acf":[],"yoast_head":"<!-- This site is optimized with the Yoast SEO plugin v23.8 - https:\/\/yoast.com\/wordpress\/plugins\/seo\/ -->\n<title>Ratschl\u00e4ge<\/title>\n<meta name=\"description\" content=\"\u03a8\u03ac\u03c7\u03bd\u03b5\u03b9\u03c2 \u03c4\u03bf \u03bd\u03ad\u03bf \u03c3\u03bf\u03c5 \u03c1\u03bf\u03bb\u03cc\u03b9 \u03b1\u03bb\u03bb\u03ac \u03b4\u03b5\u03bd \u03b5\u03af\u03c3\u03b1\u03b9 \u03c3\u03af\u03b3\u03bf\u03c5\u03c1\u03b7\/\u03bf\u03c2 \u03c4\u03b9 \u03bd\u03b1 \u03b4\u03b9\u03b1\u03bb\u03ad\u03be\u03b5\u03b9\u03c2; \u039c\u03b7\u03bd \u03b1\u03bd\u03b7\u03c3\u03c5\u03c7\u03b5\u03af\u03c2, \u03bc\u03b5\u03c4\u03ac \u03b1\u03c0\u03cc \u03b1\u03c5\u03c4\u03cc\u03bd \u03c4\u03bf\u03bd \u03bc\u03af\u03bd\u03b9-\u03bf\u03b4\u03b7\u03b3\u03cc \u03b8\u03b1 \u03b1\u03b9\u03c3\u03b8\u03ac\u03bd\u03b5\u03c3\u03b1\u03b9 \u03ad\u03c4\u03bf\u03b9\u03bc\u03b7\/\u03bf\u03c2 \u03b3\u03b9\u03b1 \u03c4\u03b7\u03bd \u03b1\u03b3\u03bf\u03c1\u03ac \u03c3\u03bf\u03c5!\" \/>\n<meta name=\"robots\" content=\"index, follow, max-snippet:-1, max-image-preview:large, max-video-preview:-1\" \/>\n<link rel=\"canonical\" href=\"https:\/\/horologium.gr\/symvoyles\/\" \/>\n<meta property=\"og:locale\" content=\"de_DE\" \/>\n<meta property=\"og:type\" content=\"article\" \/>\n<meta property=\"og:title\" content=\"\u03a4\u03b9 \u03c1\u03bf\u03bb\u03cc\u03b9 \u03bd\u03b1 \u03b4\u03b9\u03b1\u03bb\u03ad\u03be\u03b5\u03b9\u03c2: 7 \u03a3\u03c5\u03bc\u03b2\u03bf\u03c5\u03bb\u03ad\u03c2 \u03c0\u03bf\u03c5 \u03c0\u03c1\u03ad\u03c0\u03b5\u03b9 \u03bd\u03b1 \u03b1\u03ba\u03bf\u03cd\u03c3\u03b5\u03b9\u03c2!\" \/>\n<meta property=\"og:description\" content=\"\u03a8\u03ac\u03c7\u03bd\u03b5\u03b9\u03c2 \u03c4\u03bf \u03bd\u03ad\u03bf \u03c3\u03bf\u03c5 \u03c1\u03bf\u03bb\u03cc\u03b9 \u03b1\u03bb\u03bb\u03ac \u03b4\u03b5\u03bd \u03b5\u03af\u03c3\u03b1\u03b9 \u03c3\u03af\u03b3\u03bf\u03c5\u03c1\u03b7\/\u03bf\u03c2 \u03c4\u03b9 \u03bd\u03b1 \u03b4\u03b9\u03b1\u03bb\u03ad\u03be\u03b5\u03b9\u03c2; \u039c\u03b7\u03bd \u03b1\u03bd\u03b7\u03c3\u03c5\u03c7\u03b5\u03af\u03c2, \u03bc\u03b5\u03c4\u03ac \u03b1\u03c0\u03cc \u03b1\u03c5\u03c4\u03cc\u03bd \u03c4\u03bf\u03bd \u03bc\u03af\u03bd\u03b9-\u03bf\u03b4\u03b7\u03b3\u03cc \u03b8\u03b1 \u03b1\u03b9\u03c3\u03b8\u03ac\u03bd\u03b5\u03c3\u03b1\u03b9 \u03ad\u03c4\u03bf\u03b9\u03bc\u03b7\/\u03bf\u03c2 \u03b3\u03b9\u03b1 \u03c4\u03b7\u03bd \u03b1\u03b3\u03bf\u03c1\u03ac \u03c3\u03bf\u03c5!\" \/>\n<meta property=\"og:url\" content=\"https:\/\/horologium.gr\/symvoyles\/\" \/>\n<meta property=\"og:site_name\" content=\"Horologium\" \/>\n<meta property=\"article:modified_time\" content=\"2018-08-29T16:07:48+00:00\" \/>\n<meta property=\"og:image\" content=\"https:\/\/horologium.gr\/wp-content\/uploads\/2020\/10\/Clipboard01.jpg\" \/>\n\t<meta property=\"og:image:width\" content=\"1080\" \/>\n\t<meta property=\"og:image:height\" content=\"663\" \/>\n\t<meta property=\"og:image:type\" content=\"image\/jpeg\" \/>\n<meta name=\"twitter:card\" content=\"summary_large_image\" \/>\n<meta name=\"twitter:title\" content=\"\u03a4\u03b9 \u03c1\u03bf\u03bb\u03cc\u03b9 \u03bd\u03b1 \u03b4\u03b9\u03b1\u03bb\u03ad\u03be\u03b5\u03b9\u03c2: 7 \u03a3\u03c5\u03bc\u03b2\u03bf\u03c5\u03bb\u03ad\u03c2 \u03c0\u03bf\u03c5 \u03c0\u03c1\u03ad\u03c0\u03b5\u03b9 \u03bd\u03b1 \u03b1\u03ba\u03bf\u03cd\u03c3\u03b5\u03b9\u03c2!\" \/>\n<meta name=\"twitter:description\" content=\"\u03a8\u03ac\u03c7\u03bd\u03b5\u03b9\u03c2 \u03c4\u03bf \u03bd\u03ad\u03bf \u03c3\u03bf\u03c5 \u03c1\u03bf\u03bb\u03cc\u03b9 \u03b1\u03bb\u03bb\u03ac \u03b4\u03b5\u03bd \u03b5\u03af\u03c3\u03b1\u03b9 \u03c3\u03af\u03b3\u03bf\u03c5\u03c1\u03b7\/\u03bf\u03c2 \u03c4\u03b9 \u03bd\u03b1 \u03b4\u03b9\u03b1\u03bb\u03ad\u03be\u03b5\u03b9\u03c2; \u039c\u03b7\u03bd \u03b1\u03bd\u03b7\u03c3\u03c5\u03c7\u03b5\u03af\u03c2, \u03bc\u03b5\u03c4\u03ac \u03b1\u03c0\u03cc \u03b1\u03c5\u03c4\u03cc\u03bd \u03c4\u03bf\u03bd \u03bc\u03af\u03bd\u03b9-\u03bf\u03b4\u03b7\u03b3\u03cc \u03b8\u03b1 \u03b1\u03b9\u03c3\u03b8\u03ac\u03bd\u03b5\u03c3\u03b1\u03b9 \u03ad\u03c4\u03bf\u03b9\u03bc\u03b7\/\u03bf\u03c2 \u03b3\u03b9\u03b1 \u03c4\u03b7\u03bd \u03b1\u03b3\u03bf\u03c1\u03ac \u03c3\u03bf\u03c5!\" \/>\n<meta name=\"twitter:label1\" content=\"Gesch\u00e4tzte Lesezeit\" \/>\n\t<meta name=\"twitter:data1\" content=\"3\u00a0Minuten\" \/>\n<script type=\"application\/ld+json\" class=\"yoast-schema-graph\">{\"@context\":\"https:\/\/schema.org\",\"@graph\":[{\"@type\":\"WebPage\",\"@id\":\"https:\/\/horologium.gr\/symvoyles\/\",\"url\":\"https:\/\/horologium.gr\/symvoyles\/\",\"name\":\"Ratschl\u00e4ge\",\"isPartOf\":{\"@id\":\"https:\/\/horologium.gr\/#website\"},\"primaryImageOfPage\":{\"@id\":\"https:\/\/horologium.gr\/symvoyles\/#primaryimage\"},\"image\":{\"@id\":\"https:\/\/horologium.gr\/symvoyles\/#primaryimage\"},\"thumbnailUrl\":\"https:\/\/horologium.gr\/wp-content\/uploads\/2020\/10\/Clipboard01.jpg\",\"datePublished\":\"2018-04-21T12:51:19+00:00\",\"dateModified\":\"2018-08-29T16:07:48+00:00\",\"description\":\"\u03a8\u03ac\u03c7\u03bd\u03b5\u03b9\u03c2 \u03c4\u03bf \u03bd\u03ad\u03bf \u03c3\u03bf\u03c5 \u03c1\u03bf\u03bb\u03cc\u03b9 \u03b1\u03bb\u03bb\u03ac \u03b4\u03b5\u03bd \u03b5\u03af\u03c3\u03b1\u03b9 \u03c3\u03af\u03b3\u03bf\u03c5\u03c1\u03b7\/\u03bf\u03c2 \u03c4\u03b9 \u03bd\u03b1 \u03b4\u03b9\u03b1\u03bb\u03ad\u03be\u03b5\u03b9\u03c2; \u039c\u03b7\u03bd \u03b1\u03bd\u03b7\u03c3\u03c5\u03c7\u03b5\u03af\u03c2, \u03bc\u03b5\u03c4\u03ac \u03b1\u03c0\u03cc \u03b1\u03c5\u03c4\u03cc\u03bd \u03c4\u03bf\u03bd \u03bc\u03af\u03bd\u03b9-\u03bf\u03b4\u03b7\u03b3\u03cc \u03b8\u03b1 \u03b1\u03b9\u03c3\u03b8\u03ac\u03bd\u03b5\u03c3\u03b1\u03b9 \u03ad\u03c4\u03bf\u03b9\u03bc\u03b7\/\u03bf\u03c2 \u03b3\u03b9\u03b1 \u03c4\u03b7\u03bd \u03b1\u03b3\u03bf\u03c1\u03ac \u03c3\u03bf\u03c5!\",\"breadcrumb\":{\"@id\":\"https:\/\/horologium.gr\/symvoyles\/#breadcrumb\"},\"inLanguage\":\"de\",\"potentialAction\":[{\"@type\":\"ReadAction\",\"target\":[\"https:\/\/horologium.gr\/symvoyles\/\"]}]},{\"@type\":\"ImageObject\",\"inLanguage\":\"de\",\"@id\":\"https:\/\/horologium.gr\/symvoyles\/#primaryimage\",\"url\":\"https:\/\/horologium.gr\/wp-content\/uploads\/2020\/10\/Clipboard01.jpg\",\"contentUrl\":\"https:\/\/horologium.gr\/wp-content\/uploads\/2020\/10\/Clipboard01.jpg\",\"width\":1080,\"height\":663,\"caption\":\"\u03a4\u03b9 \u03c1\u03bf\u03bb\u03cc\u03b9 \u03bd\u03b1 \u03b4\u03b9\u03b1\u03bb\u03ad\u03be\u03b5\u03b9\u03c2: 7 \u03a3\u03c5\u03bc\u03b2\u03bf\u03c5\u03bb\u03ad\u03c2 \u03c0\u03bf\u03c5 \u03c0\u03c1\u03ad\u03c0\u03b5\u03b9 \u03bd\u03b1 \u03b1\u03ba\u03bf\u03cd\u03c3\u03b5\u03b9\u03c2!\"},{\"@type\":\"BreadcrumbList\",\"@id\":\"https:\/\/horologium.gr\/symvoyles\/#breadcrumb\",\"itemListElement\":[{\"@type\":\"ListItem\",\"position\":1,\"name\":\"Home\",\"item\":\"https:\/\/horologium.gr\/de\/\"},{\"@type\":\"ListItem\",\"position\":2,\"name\":\"Ratschl\u00e4ge\"}]},{\"@type\":\"WebSite\",\"@id\":\"https:\/\/horologium.gr\/#website\",\"url\":\"https:\/\/horologium.gr\/\",\"name\":\"Horologium\",\"description\":\"\",\"potentialAction\":[{\"@type\":\"SearchAction\",\"target\":{\"@type\":\"EntryPoint\",\"urlTemplate\":\"https:\/\/horologium.gr\/?s={search_term_string}\"},\"query-input\":{\"@type\":\"PropertyValueSpecification\",\"valueRequired\":true,\"valueName\":\"search_term_string\"}}],\"inLanguage\":\"de\"}]}<\/script>\n<!-- \/ Yoast SEO plugin. -->","yoast_head_json":{"title":"Ratschl\u00e4ge","description":"\u03a8\u03ac\u03c7\u03bd\u03b5\u03b9\u03c2 \u03c4\u03bf \u03bd\u03ad\u03bf \u03c3\u03bf\u03c5 \u03c1\u03bf\u03bb\u03cc\u03b9 \u03b1\u03bb\u03bb\u03ac \u03b4\u03b5\u03bd \u03b5\u03af\u03c3\u03b1\u03b9 \u03c3\u03af\u03b3\u03bf\u03c5\u03c1\u03b7\/\u03bf\u03c2 \u03c4\u03b9 \u03bd\u03b1 \u03b4\u03b9\u03b1\u03bb\u03ad\u03be\u03b5\u03b9\u03c2; \u039c\u03b7\u03bd \u03b1\u03bd\u03b7\u03c3\u03c5\u03c7\u03b5\u03af\u03c2, \u03bc\u03b5\u03c4\u03ac \u03b1\u03c0\u03cc \u03b1\u03c5\u03c4\u03cc\u03bd \u03c4\u03bf\u03bd \u03bc\u03af\u03bd\u03b9-\u03bf\u03b4\u03b7\u03b3\u03cc \u03b8\u03b1 \u03b1\u03b9\u03c3\u03b8\u03ac\u03bd\u03b5\u03c3\u03b1\u03b9 \u03ad\u03c4\u03bf\u03b9\u03bc\u03b7\/\u03bf\u03c2 \u03b3\u03b9\u03b1 \u03c4\u03b7\u03bd \u03b1\u03b3\u03bf\u03c1\u03ac \u03c3\u03bf\u03c5!","robots":{"index":"index","follow":"follow","max-snippet":"max-snippet:-1","max-image-preview":"max-image-preview:large","max-video-preview":"max-video-preview:-1"},"canonical":"https:\/\/horologium.gr\/symvoyles\/","og_locale":"de_DE","og_type":"article","og_title":"\u03a4\u03b9 \u03c1\u03bf\u03bb\u03cc\u03b9 \u03bd\u03b1 \u03b4\u03b9\u03b1\u03bb\u03ad\u03be\u03b5\u03b9\u03c2: 7 \u03a3\u03c5\u03bc\u03b2\u03bf\u03c5\u03bb\u03ad\u03c2 \u03c0\u03bf\u03c5 \u03c0\u03c1\u03ad\u03c0\u03b5\u03b9 \u03bd\u03b1 \u03b1\u03ba\u03bf\u03cd\u03c3\u03b5\u03b9\u03c2!","og_description":"\u03a8\u03ac\u03c7\u03bd\u03b5\u03b9\u03c2 \u03c4\u03bf \u03bd\u03ad\u03bf \u03c3\u03bf\u03c5 \u03c1\u03bf\u03bb\u03cc\u03b9 \u03b1\u03bb\u03bb\u03ac \u03b4\u03b5\u03bd \u03b5\u03af\u03c3\u03b1\u03b9 \u03c3\u03af\u03b3\u03bf\u03c5\u03c1\u03b7\/\u03bf\u03c2 \u03c4\u03b9 \u03bd\u03b1 \u03b4\u03b9\u03b1\u03bb\u03ad\u03be\u03b5\u03b9\u03c2; \u039c\u03b7\u03bd \u03b1\u03bd\u03b7\u03c3\u03c5\u03c7\u03b5\u03af\u03c2, \u03bc\u03b5\u03c4\u03ac \u03b1\u03c0\u03cc \u03b1\u03c5\u03c4\u03cc\u03bd \u03c4\u03bf\u03bd \u03bc\u03af\u03bd\u03b9-\u03bf\u03b4\u03b7\u03b3\u03cc \u03b8\u03b1 \u03b1\u03b9\u03c3\u03b8\u03ac\u03bd\u03b5\u03c3\u03b1\u03b9 \u03ad\u03c4\u03bf\u03b9\u03bc\u03b7\/\u03bf\u03c2 \u03b3\u03b9\u03b1 \u03c4\u03b7\u03bd \u03b1\u03b3\u03bf\u03c1\u03ac \u03c3\u03bf\u03c5!","og_url":"https:\/\/horologium.gr\/symvoyles\/","og_site_name":"Horologium","article_modified_time":"2018-08-29T16:07:48+00:00","og_image":[{"width":1080,"height":663,"url":"https:\/\/horologium.gr\/wp-content\/uploads\/2020\/10\/Clipboard01.jpg","type":"image\/jpeg"}],"twitter_card":"summary_large_image","twitter_title":"\u03a4\u03b9 \u03c1\u03bf\u03bb\u03cc\u03b9 \u03bd\u03b1 \u03b4\u03b9\u03b1\u03bb\u03ad\u03be\u03b5\u03b9\u03c2: 7 \u03a3\u03c5\u03bc\u03b2\u03bf\u03c5\u03bb\u03ad\u03c2 \u03c0\u03bf\u03c5 \u03c0\u03c1\u03ad\u03c0\u03b5\u03b9 \u03bd\u03b1 \u03b1\u03ba\u03bf\u03cd\u03c3\u03b5\u03b9\u03c2!","twitter_description":"\u03a8\u03ac\u03c7\u03bd\u03b5\u03b9\u03c2 \u03c4\u03bf \u03bd\u03ad\u03bf \u03c3\u03bf\u03c5 \u03c1\u03bf\u03bb\u03cc\u03b9 \u03b1\u03bb\u03bb\u03ac \u03b4\u03b5\u03bd \u03b5\u03af\u03c3\u03b1\u03b9 \u03c3\u03af\u03b3\u03bf\u03c5\u03c1\u03b7\/\u03bf\u03c2 \u03c4\u03b9 \u03bd\u03b1 \u03b4\u03b9\u03b1\u03bb\u03ad\u03be\u03b5\u03b9\u03c2; \u039c\u03b7\u03bd \u03b1\u03bd\u03b7\u03c3\u03c5\u03c7\u03b5\u03af\u03c2, \u03bc\u03b5\u03c4\u03ac \u03b1\u03c0\u03cc \u03b1\u03c5\u03c4\u03cc\u03bd \u03c4\u03bf\u03bd \u03bc\u03af\u03bd\u03b9-\u03bf\u03b4\u03b7\u03b3\u03cc \u03b8\u03b1 \u03b1\u03b9\u03c3\u03b8\u03ac\u03bd\u03b5\u03c3\u03b1\u03b9 \u03ad\u03c4\u03bf\u03b9\u03bc\u03b7\/\u03bf\u03c2 \u03b3\u03b9\u03b1 \u03c4\u03b7\u03bd \u03b1\u03b3\u03bf\u03c1\u03ac \u03c3\u03bf\u03c5!","twitter_misc":{"Gesch\u00e4tzte Lesezeit":"3\u00a0Minuten"},"schema":{"@context":"https:\/\/schema.org","@graph":[{"@type":"WebPage","@id":"https:\/\/horologium.gr\/symvoyles\/","url":"https:\/\/horologium.gr\/symvoyles\/","name":"Ratschl\u00e4ge","isPartOf":{"@id":"https:\/\/horologium.gr\/#website"},"primaryImageOfPage":{"@id":"https:\/\/horologium.gr\/symvoyles\/#primaryimage"},"image":{"@id":"https:\/\/horologium.gr\/symvoyles\/#primaryimage"},"thumbnailUrl":"https:\/\/horologium.gr\/wp-content\/uploads\/2020\/10\/Clipboard01.jpg","datePublished":"2018-04-21T12:51:19+00:00","dateModified":"2018-08-29T16:07:48+00:00","description":"\u03a8\u03ac\u03c7\u03bd\u03b5\u03b9\u03c2 \u03c4\u03bf \u03bd\u03ad\u03bf \u03c3\u03bf\u03c5 \u03c1\u03bf\u03bb\u03cc\u03b9 \u03b1\u03bb\u03bb\u03ac \u03b4\u03b5\u03bd \u03b5\u03af\u03c3\u03b1\u03b9 \u03c3\u03af\u03b3\u03bf\u03c5\u03c1\u03b7\/\u03bf\u03c2 \u03c4\u03b9 \u03bd\u03b1 \u03b4\u03b9\u03b1\u03bb\u03ad\u03be\u03b5\u03b9\u03c2; \u039c\u03b7\u03bd \u03b1\u03bd\u03b7\u03c3\u03c5\u03c7\u03b5\u03af\u03c2, \u03bc\u03b5\u03c4\u03ac \u03b1\u03c0\u03cc \u03b1\u03c5\u03c4\u03cc\u03bd \u03c4\u03bf\u03bd \u03bc\u03af\u03bd\u03b9-\u03bf\u03b4\u03b7\u03b3\u03cc \u03b8\u03b1 \u03b1\u03b9\u03c3\u03b8\u03ac\u03bd\u03b5\u03c3\u03b1\u03b9 \u03ad\u03c4\u03bf\u03b9\u03bc\u03b7\/\u03bf\u03c2 \u03b3\u03b9\u03b1 \u03c4\u03b7\u03bd \u03b1\u03b3\u03bf\u03c1\u03ac \u03c3\u03bf\u03c5!","breadcrumb":{"@id":"https:\/\/horologium.gr\/symvoyles\/#breadcrumb"},"inLanguage":"de","potentialAction":[{"@type":"ReadAction","target":["https:\/\/horologium.gr\/symvoyles\/"]}]},{"@type":"ImageObject","inLanguage":"de","@id":"https:\/\/horologium.gr\/symvoyles\/#primaryimage","url":"https:\/\/horologium.gr\/wp-content\/uploads\/2020\/10\/Clipboard01.jpg","contentUrl":"https:\/\/horologium.gr\/wp-content\/uploads\/2020\/10\/Clipboard01.jpg","width":1080,"height":663,"caption":"\u03a4\u03b9 \u03c1\u03bf\u03bb\u03cc\u03b9 \u03bd\u03b1 \u03b4\u03b9\u03b1\u03bb\u03ad\u03be\u03b5\u03b9\u03c2: 7 \u03a3\u03c5\u03bc\u03b2\u03bf\u03c5\u03bb\u03ad\u03c2 \u03c0\u03bf\u03c5 \u03c0\u03c1\u03ad\u03c0\u03b5\u03b9 \u03bd\u03b1 \u03b1\u03ba\u03bf\u03cd\u03c3\u03b5\u03b9\u03c2!"},{"@type":"BreadcrumbList","@id":"https:\/\/horologium.gr\/symvoyles\/#breadcrumb","itemListElement":[{"@type":"ListItem","position":1,"name":"Home","item":"https:\/\/horologium.gr\/de\/"},{"@type":"ListItem","position":2,"name":"Ratschl\u00e4ge"}]},{"@type":"WebSite","@id":"https:\/\/horologium.gr\/#website","url":"https:\/\/horologium.gr\/","name":"Horologium","description":"","potentialAction":[{"@type":"SearchAction","target":{"@type":"EntryPoint","urlTemplate":"https:\/\/horologium.gr\/?s={search_term_string}"},"query-input":{"@type":"PropertyValueSpecification","valueRequired":true,"valueName":"search_term_string"}}],"inLanguage":"de"}]}},"jetpack_sharing_enabled":true,"jetpack_shortlink":"https:\/\/wp.me\/P9wHeh-qV","jetpack_likes_enabled":true,"_links":{"self":[{"href":"https:\/\/horologium.gr\/de\/wp-json\/wp\/v2\/pages\/1669","targetHints":{"allow":["GET"]}}],"collection":[{"href":"https:\/\/horologium.gr\/de\/wp-json\/wp\/v2\/pages"}],"about":[{"href":"https:\/\/horologium.gr\/de\/wp-json\/wp\/v2\/types\/page"}],"author":[{"embeddable":true,"href":"https:\/\/horologium.gr\/de\/wp-json\/wp\/v2\/users\/2"}],"replies":[{"embeddable":true,"href":"https:\/\/horologium.gr\/de\/wp-json\/wp\/v2\/comments?post=1669"}],"version-history":[{"count":3,"href":"https:\/\/horologium.gr\/de\/wp-json\/wp\/v2\/pages\/1669\/revisions"}],"predecessor-version":[{"id":2115,"href":"https:\/\/horologium.gr\/de\/wp-json\/wp\/v2\/pages\/1669\/revisions\/2115"}],"wp:featuredmedia":[{"embeddable":true,"href":"https:\/\/horologium.gr\/de\/wp-json\/wp\/v2\/media\/8206"}],"wp:attachment":[{"href":"https:\/\/horologium.gr\/de\/wp-json\/wp\/v2\/media?parent=1669"}],"curies":[{"name":"wp","href":"https:\/\/api.w.org\/{rel}","templated":true}]}}