{"id":1423,"date":"2018-01-05T11:18:24","date_gmt":"2018-01-05T11:18:24","guid":{"rendered":"https:\/\/horologium.gr\/welcome\/"},"modified":"2019-11-13T21:01:34","modified_gmt":"2019-11-13T19:01:34","slug":"welcome","status":"publish","type":"page","link":"https:\/\/horologium.gr\/de\/","title":{"rendered":"Erste"},"content":{"rendered":"<p>In unserem Unternehmen w\u00e4hrend Sie eine gro\u00dfe Auswahl an Zubeh\u00f6r (Band, Metallband ) sowie neue und gebrauchte Uhren&nbsp;<strong>zum Kauf<\/strong>&nbsp;finden.<\/p>\n<ul>\n<li>Hochwertige Uhren &#8211; Luxusuhren (haute horlogerie)<\/li>\n<li>Armband Uhren<\/li>\n<li>Elektronische (Quarz) Uhren<\/li>\n<li>Automatik Uhren<\/li>\n<li>Uhren mit Handaufzug<\/li>\n<li>Wand Uhren<\/li>\n<li>Pendeluhren<\/li>\n<li>Koukouks Uhren<\/li>\n<li>Taschen Uhren<\/li>\n<li>Antike Uhren<\/li>\n<li>Wecker<\/li>\n<\/ul>\n<p>Jetzt haben wir eine personalisierte benutzerdefinierte Suche eingef\u00fchrt&nbsp;<strong>(on demand)<\/strong>&nbsp;f\u00fcr jede Marke, jedes Modell und jede Art von Uhr eingef\u00fchrt, die Sie interessieren.Wir k\u00f6nnen Ihnen ein wettbewerbsf\u00e4higes Angebot anbieten. Fragen Sie uns einfach.<\/p>\n<p>Die Hauptt\u00e4tigkeit ist die Reparatur und Wartung aller Arten von Uhren<\/p>\n<ul>\n<li>Wand Uhren<\/li>\n<li>Pendeluhren<\/li>\n<li>Koukouks Uhren<\/li>\n<li>Taschen Uhren<\/li>\n<li>Hochwertige Uhren &#8211; Luxusuhren (haute horlogerie)<\/li>\n<li>Armbanduhren<\/li>\n<li>Elektronische (Quarz) Uhren<\/li>\n<li>Automatik Uhren<\/li>\n<li>Uhren mit Handaufzug<\/li>\n<li>Taucher Uhren<\/li>\n<li>Antike Uhren<\/li>\n<li>Wecker<\/li>\n<li>Kirchen Uhren, Turm Uhren, Bahnhofs Uhren<\/li>\n<li>Boden Uhren (grand father)<\/li>\n<\/ul>\n<p>Unser Motto ist<\/p>\n<p><strong><em>Alles fur alle Uhren <\/em><\/strong><\/p>\n<p>Alle Reparaturen sind durch eine 12 Monaten Garantie f\u00fcr den korrekten Betrieb abgedeckt.<\/p>\n<p>&nbsp;<\/p>\n","protected":false},"excerpt":{"rendered":"<p>In unserem Unternehmen w\u00e4hrend Sie eine gro\u00dfe Auswahl an Zubeh\u00f6r (Band, Metallband ) sowie neue und gebrauchte Uhren&nbsp;zum Kauf&nbsp;finden. Hochwertige Uhren &#8211; Luxusuhren (haute horlogerie) Armband Uhren Elektronische (Quarz) Uhren Automatik Uhren Uhren mit Handaufzug Wand Uhren Pendeluhren Koukouks Uhren Taschen Uhren Antike Uhren Wecker Jetzt haben wir eine personalisierte benutzerdefinierte Suche eingef\u00fchrt&nbsp;(on demand)&nbsp;f\u00fcr jede [&hellip;]<\/p>\n","protected":false},"author":1,"featured_media":1329,"parent":0,"menu_order":0,"comment_status":"closed","ping_status":"closed","template":"","meta":{"footnotes":""},"class_list":["post-1423","page","type-page","status-publish","has-post-thumbnail","hentry"],"acf":[],"yoast_head":"<!-- This site is optimized with the Yoast SEO plugin v23.8 - https:\/\/yoast.com\/wordpress\/plugins\/seo\/ -->\n<title>Erste - Horologium<\/title>\n<meta name=\"robots\" content=\"index, follow, max-snippet:-1, max-image-preview:large, max-video-preview:-1\" \/>\n<link rel=\"canonical\" href=\"https:\/\/horologium.gr\/de\/\" \/>\n<meta property=\"og:locale\" content=\"de_DE\" \/>\n<meta property=\"og:type\" content=\"article\" \/>\n<meta property=\"og:title\" content=\"Erste - Horologium\" \/>\n<meta property=\"og:description\" content=\"In unserem Unternehmen w\u00e4hrend Sie eine gro\u00dfe Auswahl an Zubeh\u00f6r (Band, Metallband ) sowie neue und gebrauchte Uhren&nbsp;zum Kauf&nbsp;finden. Hochwertige Uhren &#8211; Luxusuhren (haute horlogerie) Armband Uhren Elektronische (Quarz) Uhren Automatik Uhren Uhren mit Handaufzug Wand Uhren Pendeluhren Koukouks Uhren Taschen Uhren Antike Uhren Wecker Jetzt haben wir eine personalisierte benutzerdefinierte Suche eingef\u00fchrt&nbsp;(on demand)&nbsp;f\u00fcr jede [&hellip;]\" \/>\n<meta property=\"og:url\" content=\"https:\/\/horologium.gr\/de\/\" \/>\n<meta property=\"og:site_name\" content=\"Horologium\" \/>\n<meta property=\"article:modified_time\" content=\"2019-11-13T19:01:34+00:00\" \/>\n<meta property=\"og:image\" content=\"https:\/\/horologium.gr\/wp-content\/uploads\/2018\/01\/creux.png\" \/>\n\t<meta property=\"og:image:width\" content=\"1366\" \/>\n\t<meta property=\"og:image:height\" content=\"493\" \/>\n\t<meta property=\"og:image:type\" content=\"image\/png\" \/>\n<meta name=\"twitter:card\" content=\"summary_large_image\" \/>\n<meta name=\"twitter:label1\" content=\"Gesch\u00e4tzte Lesezeit\" \/>\n\t<meta name=\"twitter:data1\" content=\"1\u00a0Minute\" \/>\n<script type=\"application\/ld+json\" class=\"yoast-schema-graph\">{\"@context\":\"https:\/\/schema.org\",\"@graph\":[{\"@type\":\"WebPage\",\"@id\":\"https:\/\/horologium.gr\/de\/\",\"url\":\"https:\/\/horologium.gr\/de\/\",\"name\":\"Erste - Horologium\",\"isPartOf\":{\"@id\":\"https:\/\/horologium.gr\/#website\"},\"primaryImageOfPage\":{\"@id\":\"https:\/\/horologium.gr\/de\/#primaryimage\"},\"image\":{\"@id\":\"https:\/\/horologium.gr\/de\/#primaryimage\"},\"thumbnailUrl\":\"https:\/\/horologium.gr\/wp-content\/uploads\/2018\/01\/creux.png\",\"datePublished\":\"2018-01-05T11:18:24+00:00\",\"dateModified\":\"2019-11-13T19:01:34+00:00\",\"breadcrumb\":{\"@id\":\"https:\/\/horologium.gr\/de\/#breadcrumb\"},\"inLanguage\":\"de\",\"potentialAction\":[{\"@type\":\"ReadAction\",\"target\":[\"https:\/\/horologium.gr\/de\/\"]}]},{\"@type\":\"ImageObject\",\"inLanguage\":\"de\",\"@id\":\"https:\/\/horologium.gr\/de\/#primaryimage\",\"url\":\"https:\/\/horologium.gr\/wp-content\/uploads\/2018\/01\/creux.png\",\"contentUrl\":\"https:\/\/horologium.gr\/wp-content\/uploads\/2018\/01\/creux.png\",\"width\":1366,\"height\":493},{\"@type\":\"BreadcrumbList\",\"@id\":\"https:\/\/horologium.gr\/de\/#breadcrumb\",\"itemListElement\":[{\"@type\":\"ListItem\",\"position\":1,\"name\":\"Home\",\"item\":\"https:\/\/horologium.gr\/de\/\"},{\"@type\":\"ListItem\",\"position\":2,\"name\":\"Erste\"}]},{\"@type\":\"WebSite\",\"@id\":\"https:\/\/horologium.gr\/#website\",\"url\":\"https:\/\/horologium.gr\/\",\"name\":\"Horologium\",\"description\":\"\",\"potentialAction\":[{\"@type\":\"SearchAction\",\"target\":{\"@type\":\"EntryPoint\",\"urlTemplate\":\"https:\/\/horologium.gr\/?s={search_term_string}\"},\"query-input\":{\"@type\":\"PropertyValueSpecification\",\"valueRequired\":true,\"valueName\":\"search_term_string\"}}],\"inLanguage\":\"de\"}]}<\/script>\n<!-- \/ Yoast SEO plugin. -->","yoast_head_json":{"title":"Erste - Horologium","robots":{"index":"index","follow":"follow","max-snippet":"max-snippet:-1","max-image-preview":"max-image-preview:large","max-video-preview":"max-video-preview:-1"},"canonical":"https:\/\/horologium.gr\/de\/","og_locale":"de_DE","og_type":"article","og_title":"Erste - Horologium","og_description":"In unserem Unternehmen w\u00e4hrend Sie eine gro\u00dfe Auswahl an Zubeh\u00f6r (Band, Metallband ) sowie neue und gebrauchte Uhren&nbsp;zum Kauf&nbsp;finden. Hochwertige Uhren &#8211; Luxusuhren (haute horlogerie) Armband Uhren Elektronische (Quarz) Uhren Automatik Uhren Uhren mit Handaufzug Wand Uhren Pendeluhren Koukouks Uhren Taschen Uhren Antike Uhren Wecker Jetzt haben wir eine personalisierte benutzerdefinierte Suche eingef\u00fchrt&nbsp;(on demand)&nbsp;f\u00fcr jede [&hellip;]","og_url":"https:\/\/horologium.gr\/de\/","og_site_name":"Horologium","article_modified_time":"2019-11-13T19:01:34+00:00","og_image":[{"width":1366,"height":493,"url":"https:\/\/horologium.gr\/wp-content\/uploads\/2018\/01\/creux.png","type":"image\/png"}],"twitter_card":"summary_large_image","twitter_misc":{"Gesch\u00e4tzte Lesezeit":"1\u00a0Minute"},"schema":{"@context":"https:\/\/schema.org","@graph":[{"@type":"WebPage","@id":"https:\/\/horologium.gr\/de\/","url":"https:\/\/horologium.gr\/de\/","name":"Erste - Horologium","isPartOf":{"@id":"https:\/\/horologium.gr\/#website"},"primaryImageOfPage":{"@id":"https:\/\/horologium.gr\/de\/#primaryimage"},"image":{"@id":"https:\/\/horologium.gr\/de\/#primaryimage"},"thumbnailUrl":"https:\/\/horologium.gr\/wp-content\/uploads\/2018\/01\/creux.png","datePublished":"2018-01-05T11:18:24+00:00","dateModified":"2019-11-13T19:01:34+00:00","breadcrumb":{"@id":"https:\/\/horologium.gr\/de\/#breadcrumb"},"inLanguage":"de","potentialAction":[{"@type":"ReadAction","target":["https:\/\/horologium.gr\/de\/"]}]},{"@type":"ImageObject","inLanguage":"de","@id":"https:\/\/horologium.gr\/de\/#primaryimage","url":"https:\/\/horologium.gr\/wp-content\/uploads\/2018\/01\/creux.png","contentUrl":"https:\/\/horologium.gr\/wp-content\/uploads\/2018\/01\/creux.png","width":1366,"height":493},{"@type":"BreadcrumbList","@id":"https:\/\/horologium.gr\/de\/#breadcrumb","itemListElement":[{"@type":"ListItem","position":1,"name":"Home","item":"https:\/\/horologium.gr\/de\/"},{"@type":"ListItem","position":2,"name":"Erste"}]},{"@type":"WebSite","@id":"https:\/\/horologium.gr\/#website","url":"https:\/\/horologium.gr\/","name":"Horologium","description":"","potentialAction":[{"@type":"SearchAction","target":{"@type":"EntryPoint","urlTemplate":"https:\/\/horologium.gr\/?s={search_term_string}"},"query-input":{"@type":"PropertyValueSpecification","valueRequired":true,"valueName":"search_term_string"}}],"inLanguage":"de"}]}},"jetpack_sharing_enabled":true,"jetpack_shortlink":"https:\/\/wp.me\/P9wHeh-mX","jetpack_likes_enabled":true,"_links":{"self":[{"href":"https:\/\/horologium.gr\/de\/wp-json\/wp\/v2\/pages\/1423","targetHints":{"allow":["GET"]}}],"collection":[{"href":"https:\/\/horologium.gr\/de\/wp-json\/wp\/v2\/pages"}],"about":[{"href":"https:\/\/horologium.gr\/de\/wp-json\/wp\/v2\/types\/page"}],"author":[{"embeddable":true,"href":"https:\/\/horologium.gr\/de\/wp-json\/wp\/v2\/users\/1"}],"replies":[{"embeddable":true,"href":"https:\/\/horologium.gr\/de\/wp-json\/wp\/v2\/comments?post=1423"}],"version-history":[{"count":33,"href":"https:\/\/horologium.gr\/de\/wp-json\/wp\/v2\/pages\/1423\/revisions"}],"predecessor-version":[{"id":5590,"href":"https:\/\/horologium.gr\/de\/wp-json\/wp\/v2\/pages\/1423\/revisions\/5590"}],"wp:featuredmedia":[{"embeddable":true,"href":"https:\/\/horologium.gr\/de\/wp-json\/wp\/v2\/media\/1329"}],"wp:attachment":[{"href":"https:\/\/horologium.gr\/de\/wp-json\/wp\/v2\/media?parent=1423"}],"curies":[{"name":"wp","href":"https:\/\/api.w.org\/{rel}","templated":true}]}}